{"id":102,"date":"2016-08-04T08:03:09","date_gmt":"2016-08-04T08:03:09","guid":{"rendered":"http:\/\/songhai.org\/newsite\/?page_id=102"},"modified":"2016-08-04T08:03:09","modified_gmt":"2016-08-04T08:03:09","slug":"songhai-en-action","status":"publish","type":"page","link":"https:\/\/songhai.org\/en\/songhai-en-action\/","title":{"rendered":"Pr\u00e9sence Internationale"},"content":{"rendered":"<p style=\"text-align: justify;\">Au B\u00e9nin, le mod\u00e8le de villes rurales vertes Songhai va au-del\u00e0 de Porto-Novo, la capitale. Pour ma\u00eetriser la production dans des zones agro \u00e9cologiques diff\u00e9rentes, 3 autres sites ont \u00e9t\u00e9 cr\u00e9\u00e9s \u00e0 savoir \u00e0 Savalou (Centre) sur 250 ha, \u00e0 Parakou (Nord) sur 214 ha et \u00e0 Kinwedji (Sud Ouest) sur 30 ha. Le mod\u00e8le Songha\u00ef s\u2019exporte aussi. Il est en d\u00e9but de r\u00e9plication dans d\u2019autres pays de la r\u00e9gion\u00a0:<\/p>\n<p style=\"text-align: justify;\"><strong>Nigeria<\/strong><\/p>\n<p style=\"text-align: justify;\"><strong>Initiatives d\u2019Etat<\/strong><\/p>\n<ol style=\"text-align: justify;\" start=\"1\">\n<li>Abi (Cross River) : 500 ha<\/li>\n<li>Avia (Lagos) : 250 ha<\/li>\n<li>Meruwa (Katsina) : 200 ha<\/li>\n<li>Makera (Katsina) : 150 ha<\/li>\n<li>Sapkh\u00e9 (Katsina) : 100 ha<\/li>\n<li>Bunu Tai (Rivers) : 310 ha<\/li>\n<li>Heneke (Enugu) : 200 ha<\/li>\n<\/ol>\n<p style=\"text-align: justify;\"><strong>\u00a0Initiatives priv\u00e9es<\/strong><\/p>\n<ol style=\"text-align: justify;\" start=\"1\">\n<li>Abakalilki : 3 ha avec extension sur 100 ha<\/li>\n<li>Awka : 5 ha<\/li>\n<\/ol>\n<p style=\"text-align: justify;\"><strong>Liberia<\/strong><\/p>\n<p style=\"text-align: justify;\">1-\u00a0\u00a0\u00a0\u00a0\u00a0 Bensonville\u00a0: 500 ha<\/p>\n<p style=\"text-align: justify;\">Sierra Leone<\/p>\n<p style=\"text-align: justify;\">1-\u00a0\u00a0\u00a0\u00a0\u00a0 Newton\u00a0: 150 ha<\/p>\n<p style=\"text-align: justify;\">Congo-Brazzaville (Otsend\u00e9, Louvakou)<\/p>","protected":false},"excerpt":{"rendered":"<p>Au B\u00e9nin, le mod\u00e8le de villes rurales vertes Songhai va au-del\u00e0 de Porto-Novo, la capitale. Pour ma\u00eetriser la production dans des zones agro \u00e9cologiques diff\u00e9rentes, 3 autres sites ont \u00e9t\u00e9 cr\u00e9\u00e9s \u00e0 savoir \u00e0 Savalou (Centre) sur 250 ha, \u00e0 Parakou (Nord) sur 214 ha et \u00e0 [&hellip;]<\/p>","protected":false},"author":1,"featured_media":0,"parent":0,"menu_order":0,"comment_status":"closed","ping_status":"open","template":"","meta":{"_monsterinsights_skip_tracking":false,"_monsterinsights_sitenote_active":false,"_monsterinsights_sitenote_note":"","_monsterinsights_sitenote_category":0,"footnotes":""},"class_list":["post-102","page","type-page","status-publish","hentry"],"_links":{"self":[{"href":"https:\/\/songhai.org\/en\/wp-json\/wp\/v2\/pages\/102","targetHints":{"allow":["GET"]}}],"collection":[{"href":"https:\/\/songhai.org\/en\/wp-json\/wp\/v2\/pages"}],"about":[{"href":"https:\/\/songhai.org\/en\/wp-json\/wp\/v2\/types\/page"}],"author":[{"embeddable":true,"href":"https:\/\/songhai.org\/en\/wp-json\/wp\/v2\/users\/1"}],"replies":[{"embeddable":true,"href":"https:\/\/songhai.org\/en\/wp-json\/wp\/v2\/comments?post=102"}],"version-history":[{"count":0,"href":"https:\/\/songhai.org\/en\/wp-json\/wp\/v2\/pages\/102\/revisions"}],"wp:attachment":[{"href":"https:\/\/songhai.org\/en\/wp-json\/wp\/v2\/media?parent=102"}],"curies":[{"name":"wp","href":"https:\/\/api.w.org\/{rel}","templated":true}]}}