{"id":107,"date":"2016-08-04T08:09:33","date_gmt":"2016-08-04T08:09:33","guid":{"rendered":"http:\/\/songhai.org\/newsite\/?page_id=107"},"modified":"2016-08-04T08:09:33","modified_gmt":"2016-08-04T08:09:33","slug":"opportunites","status":"publish","type":"page","link":"https:\/\/songhai.org\/en\/opportunites\/","title":{"rendered":"Opportunit\u00e9s"},"content":{"rendered":"<section class=\"entry-content\">\n<p align=\"center\"><strong>APPEL A CANDIDATURE POUR UNE FORMATION EN ENTREPRENARIAT AGRICOLE \u2013 PPEA<\/strong><\/p>\n<p style=\"text-align: justify;\">Dans le cadre de la poursuite des activit\u00e9s du Projet de Promotion de l\u2019Entreprenariat Agricole (PPEA), il est lanc\u00e9, \u00e0 nouveau, un appel \u00e0 candidature en vue d\u2019une s\u00e9lection pour le renforcement des capacit\u00e9s des producteurs d\u00e9sireux d\u2019accro\u00eetre leur productivit\u00e9 ou des jeunes d\u00e9sireux de faire de l\u2019agriculture, un m\u00e9tier. Pour postuler, veuillez t\u00e9l\u00e9charger les fichiers attach\u00e9s \u00e0 cette publication.<\/p>\n<p><a href=\"http:\/\/songhai.org\/en\/images\/Appel_A_candidature_formation_2015.doc\/\">Appel_A_candidature_formation_2015<\/a><\/p>\n<p><a href=\"http:\/\/songhai.org\/en\/images\/Communiqu%C3%A9_de_Presse.docx.doc\/\">Communiqu\u00e9 de Presse<\/a><\/p>\n<p><a href=\"http:\/\/songhai.org\/en\/images\/Fiche_dinscription.docx\/\">Fiche d&#8217;inscription<\/a><\/p>\n<\/section>","protected":false},"excerpt":{"rendered":"<p>APPEL A CANDIDATURE POUR UNE FORMATION EN ENTREPRENARIAT AGRICOLE \u2013 PPEA Dans le cadre de la poursuite des activit\u00e9s du Projet de Promotion de l\u2019Entreprenariat Agricole (PPEA), il est lanc\u00e9, \u00e0 nouveau, un appel \u00e0 candidature en vue d\u2019une s\u00e9lection pour le renforcement des capacit\u00e9s des producteurs [&hellip;]<\/p>","protected":false},"author":1,"featured_media":0,"parent":0,"menu_order":0,"comment_status":"closed","ping_status":"open","template":"","meta":{"_monsterinsights_skip_tracking":false,"_monsterinsights_sitenote_active":false,"_monsterinsights_sitenote_note":"","_monsterinsights_sitenote_category":0,"footnotes":""},"class_list":["post-107","page","type-page","status-publish","hentry"],"_links":{"self":[{"href":"https:\/\/songhai.org\/en\/wp-json\/wp\/v2\/pages\/107","targetHints":{"allow":["GET"]}}],"collection":[{"href":"https:\/\/songhai.org\/en\/wp-json\/wp\/v2\/pages"}],"about":[{"href":"https:\/\/songhai.org\/en\/wp-json\/wp\/v2\/types\/page"}],"author":[{"embeddable":true,"href":"https:\/\/songhai.org\/en\/wp-json\/wp\/v2\/users\/1"}],"replies":[{"embeddable":true,"href":"https:\/\/songhai.org\/en\/wp-json\/wp\/v2\/comments?post=107"}],"version-history":[{"count":0,"href":"https:\/\/songhai.org\/en\/wp-json\/wp\/v2\/pages\/107\/revisions"}],"wp:attachment":[{"href":"https:\/\/songhai.org\/en\/wp-json\/wp\/v2\/media?parent=107"}],"curies":[{"name":"wp","href":"https:\/\/api.w.org\/{rel}","templated":true}]}}