{"id":118,"date":"2016-08-08T08:08:26","date_gmt":"2016-08-08T08:08:26","guid":{"rendered":"http:\/\/songhai.org\/newsite\/?page_id=118"},"modified":"2023-03-09T14:08:30","modified_gmt":"2023-03-09T13:08:30","slug":"vision-et-mission","status":"publish","type":"page","link":"https:\/\/songhai.org\/en\/vision-et-mission\/","title":{"rendered":"Vision and Mission"},"content":{"rendered":"<div data-elementor-type=\"wp-page\" data-elementor-id=\"118\" class=\"elementor elementor-118\" data-elementor-post-type=\"page\">\n\t\t\t\t\t\t<section class=\"elementor-section elementor-top-section elementor-element elementor-element-4ecce670 elementor-section-boxed elementor-section-height-default elementor-section-height-default\" data-id=\"4ecce670\" data-element_type=\"section\">\n\t\t\t\t\t\t<div class=\"elementor-container elementor-column-gap-default\">\n\t\t\t\t\t<div class=\"elementor-column elementor-col-100 elementor-top-column elementor-element elementor-element-6a1f5a93\" data-id=\"6a1f5a93\" data-element_type=\"column\">\n\t\t\t<div class=\"elementor-widget-wrap elementor-element-populated\">\n\t\t\t\t\t\t<div class=\"elementor-element elementor-element-386db37f elementor-widget elementor-widget-text-editor\" data-id=\"386db37f\" data-element_type=\"widget\" data-no-translation=\"\" data-widget_type=\"text-editor.default\">\n\t\t\t\t<div class=\"elementor-widget-container\">\n\t\t\t\t\t<style>.elementor-element-386db37f{display:none !important}<\/style>\t\t\t\t<\/div>\n\t\t\t\t<\/div>\n\t\t\t\t\t<\/div>\n\t\t<\/div>\n\t\t\t\t\t<\/div>\n\t\t<\/section>\n\t\t\t\t<section class=\"elementor-section elementor-top-section elementor-element elementor-element-6b97866 elementor-section-boxed elementor-section-height-default elementor-section-height-default\" data-id=\"6b97866\" data-element_type=\"section\" data-no-translation=\"\">\n\t\t\t\t\t\t<div class=\"elementor-container elementor-column-gap-default\">\n\t\t\t\t\t<div class=\"elementor-column elementor-col-100 elementor-top-column elementor-element elementor-element-9c3eab6\" data-id=\"9c3eab6\" data-element_type=\"column\">\n\t\t\t<div class=\"elementor-widget-wrap elementor-element-populated\">\n\t\t\t\t\t\t<div class=\"elementor-element elementor-element-0f2597f elementor-widget elementor-widget-text-editor\" data-id=\"0f2597f\" data-element_type=\"widget\" data-widget_type=\"text-editor.default\">\n\t\t\t\t<div class=\"elementor-widget-container\">\n\t\t\t\t\t\t\t\t\t<p>Songhai is an institution that exists to contribute to the development of Africa through the creation of <strong>green rural communities<\/strong> (a viable socio-economic development) all over the continent, with the practice of integrated Agriculture; that produce organically, respect nature and is essentially based on bio-mimicry. &#8220;<em>No chemicals; we dance with the nature, we study how it works and have aligned with it, because we believe in sustainable Agriculture that is profitable and also competitive<\/em>&#8220;.<\/p>\t\t\t\t\t\t\t\t<\/div>\n\t\t\t\t<\/div>\n\t\t\t\t\t<\/div>\n\t\t<\/div>\n\t\t\t\t\t<\/div>\n\t\t<\/section>\n\t\t\t\t<\/div>","protected":false},"excerpt":{"rendered":"<p>Songha\u00ef est une institution qui existe pour contribuer au d\u00e9veloppement de l\u2019Afrique \u00e0 travers la cr\u00e9ation des villes rurales vertes (un am\u00e9nagement socio \u00e9conomique viable) partout sur le continent, avec la pratique d\u2019une agriculture int\u00e9gr\u00e9e\u00a0; une agriculture biologique respectant la nature et bas\u00e9e essentiellement sur le\u00a0bio mim\u00e9tisme. [&hellip;]<\/p>","protected":false},"author":1,"featured_media":0,"parent":0,"menu_order":0,"comment_status":"closed","ping_status":"open","template":"","meta":{"_monsterinsights_skip_tracking":false,"_monsterinsights_sitenote_active":false,"_monsterinsights_sitenote_note":"","_monsterinsights_sitenote_category":0,"footnotes":""},"class_list":["post-118","page","type-page","status-publish","hentry"],"_links":{"self":[{"href":"https:\/\/songhai.org\/en\/wp-json\/wp\/v2\/pages\/118","targetHints":{"allow":["GET"]}}],"collection":[{"href":"https:\/\/songhai.org\/en\/wp-json\/wp\/v2\/pages"}],"about":[{"href":"https:\/\/songhai.org\/en\/wp-json\/wp\/v2\/types\/page"}],"author":[{"embeddable":true,"href":"https:\/\/songhai.org\/en\/wp-json\/wp\/v2\/users\/1"}],"replies":[{"embeddable":true,"href":"https:\/\/songhai.org\/en\/wp-json\/wp\/v2\/comments?post=118"}],"version-history":[{"count":15,"href":"https:\/\/songhai.org\/en\/wp-json\/wp\/v2\/pages\/118\/revisions"}],"predecessor-version":[{"id":8796,"href":"https:\/\/songhai.org\/en\/wp-json\/wp\/v2\/pages\/118\/revisions\/8796"}],"wp:attachment":[{"href":"https:\/\/songhai.org\/en\/wp-json\/wp\/v2\/media?parent=118"}],"curies":[{"name":"wp","href":"https:\/\/api.w.org\/{rel}","templated":true}]}}