{"id":122,"date":"2016-08-08T08:41:44","date_gmt":"2016-08-08T08:41:44","guid":{"rendered":"http:\/\/songhai.org\/newsite\/?page_id=122"},"modified":"2023-03-09T14:18:48","modified_gmt":"2023-03-09T13:18:48","slug":"statut-juridique-de-songhai","status":"publish","type":"page","link":"https:\/\/songhai.org\/en\/statut-juridique-de-songhai\/","title":{"rendered":"LEGAL STATUS OF SONGHAI"},"content":{"rendered":"<div data-elementor-type=\"wp-page\" data-elementor-id=\"122\" class=\"elementor elementor-122\" data-elementor-post-type=\"page\">\n\t\t\t\t\t\t<section class=\"elementor-section elementor-top-section elementor-element elementor-element-24b02c8 elementor-section-boxed elementor-section-height-default elementor-section-height-default\" data-id=\"24b02c8\" data-element_type=\"section\" data-no-translation=\"\">\n\t\t\t\t\t\t<div class=\"elementor-container elementor-column-gap-default\">\n\t\t\t\t\t<div class=\"elementor-column elementor-col-100 elementor-top-column elementor-element elementor-element-3ee7c84\" data-id=\"3ee7c84\" data-element_type=\"column\">\n\t\t\t<div class=\"elementor-widget-wrap elementor-element-populated\">\n\t\t\t\t\t\t<div class=\"elementor-element elementor-element-8beff52 elementor-widget elementor-widget-text-editor\" data-id=\"8beff52\" data-element_type=\"widget\" data-widget_type=\"text-editor.default\">\n\t\t\t\t<div class=\"elementor-widget-container\">\n\t\t\t\t\t\t\t\t\t<p style=\"text-align: center;\"><strong>SONGHAI: Broad and inclusive development NGO<\/strong><\/p><p>Songhai is a Non-Governmental Organization (NGO). It is an association for development and innovation. With its integrated approach, it aims at radically and systemically addressing the multiple challenges (Agriculture\/food security, demographic transition\/youth employment, health and environment) that African countries face in their struggle to achieve sustainable economic and rural growth.<\/p><p>The Songhai initiative is the expression of a &#8220;social economy of regeneration&#8221; &#8211; &#8220;an economy of communion&#8221; &#8211; &#8220;an economy at the service of Man and everybody&#8221;. This initiative, while strongly reaffirming and reactivating the central position of solidarity in social constructions, goes further to guarantee the sustainability of this value.<\/p><p>A central principle of the Songhai initiative is that the only way to effectively combat poverty is to make the poor productive. These socio-economic initiatives will train a critical mass of young men and women capable of leadership and they will be equipped with the \u00a0necessary skills to create wealth through more humans and sustainable enterprises.<\/p><p>The multi-partnership initiatives will include governments, international organizations, development associations, communities and individuals, Songhai is becoming a catalyst for the promotion of African men and women becoming more in control of their future.<\/p><p><strong>PURPOSE OF SONGHAI<\/strong><\/p><p>The NGO &#8220;Songhai&#8221; aims at bringing about the emergence of new socio-economic structures and developments such as the &#8220;Green Rural Communities&#8221; through the:<\/p><ul><li>development of production techniques and systems to enhance local resources<\/li><li>creation and development of training, production and research centers for sustainable development;<\/li><li>creation and development of business incubation centers, particularly agricultural ones in the broad sense<\/li><li>development of an entrepreneurial culture and work ethic<\/li><li>creation and development of service centers<\/li><li>establishment and management of agricultural enterprises, the development of private, communal and government farms;<\/li><li>establishment of credit systems for the creation of activities<\/li><li>networking by providing services such as marketing, input supply, hosting, networking, financial loans and advisory services<\/li><li>development of renewable energies platforms<\/li><li>conducting all income-generating activities in accordance with legal provisions<\/li><li>creation of partnerships with all similar associations and all commercial or public enterprises in application of the legal provisions<\/li><\/ul><p>The governing bodies of the organization are:<\/p><ul><li>The General Assembly<\/li><li>The Board of Directors<\/li><li>The Think Tank (technical and forward-looking think tank)<\/li><\/ul><p>\u00a0<\/p>\t\t\t\t\t\t\t\t<\/div>\n\t\t\t\t<\/div>\n\t\t\t\t\t<\/div>\n\t\t<\/div>\n\t\t\t\t\t<\/div>\n\t\t<\/section>\n\t\t\t\t<\/div>","protected":false},"excerpt":{"rendered":"<p>SONGHAI\u00a0: ONG de d\u00e9veloppement large et inclusif L&#8217;Organisation Non Gouvernementale (ONG) \u00ab\u00a0Songha\u00ef\u00a0\u00bb est une Association de d\u00e9veloppement et d\u2019innovation. Avec son approche int\u00e9gr\u00e9e, elle vise \u00e0 relever radicalement et d&#8217;une mani\u00e8re syst\u00e9mique les multiples d\u00e9fis (agriculture \/ s\u00e9curit\u00e9 alimentaire, transition d\u00e9mographique\/emploi des jeunes, sant\u00e9 et environnement) auxquels [&hellip;]<\/p>","protected":false},"author":1,"featured_media":0,"parent":0,"menu_order":0,"comment_status":"closed","ping_status":"closed","template":"","meta":{"_monsterinsights_skip_tracking":false,"_monsterinsights_sitenote_active":false,"_monsterinsights_sitenote_note":"","_monsterinsights_sitenote_category":0,"footnotes":""},"class_list":["post-122","page","type-page","status-publish","hentry"],"_links":{"self":[{"href":"https:\/\/songhai.org\/en\/wp-json\/wp\/v2\/pages\/122","targetHints":{"allow":["GET"]}}],"collection":[{"href":"https:\/\/songhai.org\/en\/wp-json\/wp\/v2\/pages"}],"about":[{"href":"https:\/\/songhai.org\/en\/wp-json\/wp\/v2\/types\/page"}],"author":[{"embeddable":true,"href":"https:\/\/songhai.org\/en\/wp-json\/wp\/v2\/users\/1"}],"replies":[{"embeddable":true,"href":"https:\/\/songhai.org\/en\/wp-json\/wp\/v2\/comments?post=122"}],"version-history":[{"count":9,"href":"https:\/\/songhai.org\/en\/wp-json\/wp\/v2\/pages\/122\/revisions"}],"predecessor-version":[{"id":8799,"href":"https:\/\/songhai.org\/en\/wp-json\/wp\/v2\/pages\/122\/revisions\/8799"}],"wp:attachment":[{"href":"https:\/\/songhai.org\/en\/wp-json\/wp\/v2\/media?parent=122"}],"curies":[{"name":"wp","href":"https:\/\/api.w.org\/{rel}","templated":true}]}}