{"id":124,"date":"2016-08-08T08:43:04","date_gmt":"2016-08-08T08:43:04","guid":{"rendered":"http:\/\/songhai.org\/newsite\/?page_id=124"},"modified":"2016-08-08T08:43:04","modified_gmt":"2016-08-08T08:43:04","slug":"charte-de-songhai","status":"publish","type":"page","link":"https:\/\/songhai.org\/en\/charte-de-songhai\/","title":{"rendered":"Charte de Songha\u00ef"},"content":{"rendered":"<p style=\"text-align: justify;\">SONGHAI\u00a0a pour ambition de favoriser l&#8217;\u00e9mergence d&#8217;une nouvelle soci\u00e9t\u00e9 africaine en d\u00e9veloppant :<\/p>\n<ul style=\"text-align: justify;\">\n<li>une politique d\u2019entreprenariat socio-\u00e9conomique durable,<\/li>\n<li>l&#8217;aptitude \u00e0 valoriser efficacement les ressources locales (naturelles et humaines),<\/li>\n<li>la capacit\u00e9 de jouer un r\u00f4le cons\u00e9quent dans l&#8217;\u00e9conomie mondiale.<\/li>\n<\/ul>\n<p style=\"text-align: justify;\">En d&#8217;autres mots,\u00a0SONGHAI\u00a0est une organisation qui cherche \u00e0 cr\u00e9er des viviers socio-\u00e9conomiques durables en soulignant l&#8217;importance des facteurs suivants :<\/p>\n<ul style=\"text-align: justify;\">\n<li>le d\u00e9veloppement des aptitudes et talents \u00e0 tous les niveaux (culturel, social, spirituel, technique, organisationnel, \u00e9conomique) en vue d\u2019une autonomisation des individus et des communaut\u00e9s, comme membres \u00e0 part enti\u00e8re de la soci\u00e9t\u00e9,<\/li>\n<li>le d\u00e9veloppement de programmes int\u00e9gr\u00e9s, r\u00e9silients et multisectoriels, qui cr\u00e9ent une interrelation entre l&#8217;agriculture, l&#8217;industrie et les services.<\/li>\n<li>le d\u00e9veloppement de villes rurales vertes susceptibles de freiner voire de stopper l&#8217;exode rural et d\u2019accorder une viabilit\u00e9 socio-\u00e9conomique \u00e0 long terme aux am\u00e9nagements ruraux.<\/li>\n<\/ul>\n<p style=\"text-align: justify;\">SONGHAI\u00a0est une Organisation priv\u00e9e de volontaires<\/p>\n<p style=\"text-align: justify;\">Les membres de l&#8217;organisation Songha\u00ef ne se contentent pas de travailler pour le projet : ils sont charg\u00e9s d&#8217;une mission et s&#8217;engagent \u00e0 promouvoir l&#8217;excellence, dans le cadre de programmes et d&#8217;activit\u00e9s destin\u00e9s \u00e0 apporter des d\u00e9veloppements positifs dans la vie des peuples africains.<\/p>\n<p style=\"text-align: justify;\">SONGHAI d\u00e9veloppe un esprit d&#8217;entreprise en utilisant les m\u00e9thodes suivantes:<\/p>\n<ul style=\"text-align: justify;\">\n<li>concevoir des programmes de formation permettant aux jeunes de d\u00e9velopper leurs capacit\u00e9s, autant au point de vue humain que technique.<\/li>\n<li>mener en donnant l&#8217;exemple. Songha\u00ef lui-m\u00eame est un &#8220;espace entrepreneurial&#8221;, qui partage les risques et difficult\u00e9s propres aux entrepreneurs. Dans une large mesure, nous vivons de ce que nous produisons.<\/li>\n<li>chercher \u00e0 promouvoir un sens de la cr\u00e9ativit\u00e9 et de l&#8217;innovation, de m\u00eame qu\u2019un esprit de leadership adapt\u00e9 \u00e0 un environnement comp\u00e9titif.<\/li>\n<\/ul>\n<p style=\"text-align: justify;\">SONGHAI\u00a0optimalise toutes ses ressources en\u00a0:<\/p>\n<ul style=\"text-align: justify;\">\n<li>puisant dans l&#8217;h\u00e9ritage culturel de l&#8217;Afrique,<\/li>\n<li>empruntant au reste du monde certaines ressources s\u00e9lectionn\u00e9es,<\/li>\n<li>combinant les deux pour inventer de nouvelles potentialit\u00e9s adapt\u00e9es \u00e0 l&#8217;Afrique,<\/li>\n<li>d\u00e9veloppant des programmes et des projets de d\u00e9veloppement aptes \u00e0 g\u00e9n\u00e9rer des richesses (\u00e9conomiques, sociales et morales) qui puissent \u00eatre partag\u00e9es avec le reste du monde. Ce faisant, nous pouvons repr\u00e9senter une force positive dans un monde en plein processus de globalisation.<\/li>\n<\/ul>\n<p style=\"text-align: justify;\">SONGHAI\u00a0offre un cadre dynamique, propice \u00e0 l&#8217;\u00e9mergence d&#8217;un d\u00e9veloppement humain durable. Ses objectifs :<\/p>\n<ul style=\"text-align: justify;\">\n<li>servir de mod\u00e8le \u00e0 la jeune g\u00e9n\u00e9ration,<\/li>\n<li>d\u00e9velopper une culture de succ\u00e8s. Etant donn\u00e9 que le succ\u00e8s de tout programme socio-\u00e9conomique est cr\u00e9ateur de confiance, Songhai \u00e9labore sa culture d\u2019entreprise en s\u2019effor\u00e7ant de concevoir et d\u2019impl\u00e9menter des programmes r\u00e9alistes qui impliquent les principaux acteurs, tout en ayant un impact positif sur les communaut\u00e9s concern\u00e9es.<\/li>\n<\/ul>\n<p style=\"text-align: justify;\">\n<p style=\"text-align: justify;\"><em>\u00ab\u00a0Va vers les gens. Vis avec eux. Apprends d\u2019eux. Aime-les. Commence avec ce qu\u2019ils connaissent. Planifie avec eux. Construis sur ce qu\u2019ils ont. Enseigne en montrant. Apprends en pratiquant. Ne te conforme pas, mais transforme. Ne soulage pas mais lib\u00e8re. Et quand avec les meilleurs leaders, le travail est fait, la t\u00e2che accomplie, les gens diront \u2018\u00a0nous l\u2019avons fait nous-m\u00eames\u00a0\u2018\u00a0\u00bb.\u00a0Lao Tseu, Fondateur du tao\u00efsme, 600 av J.C.<\/em><\/p>","protected":false},"excerpt":{"rendered":"<p>SONGHAI\u00a0a pour ambition de favoriser l&#8217;\u00e9mergence d&#8217;une nouvelle soci\u00e9t\u00e9 africaine en d\u00e9veloppant : une politique d\u2019entreprenariat socio-\u00e9conomique durable, l&#8217;aptitude \u00e0 valoriser efficacement les ressources locales (naturelles et humaines), la capacit\u00e9 de jouer un r\u00f4le cons\u00e9quent dans l&#8217;\u00e9conomie mondiale. En d&#8217;autres mots,\u00a0SONGHAI\u00a0est une organisation qui cherche \u00e0 cr\u00e9er [&hellip;]<\/p>","protected":false},"author":1,"featured_media":0,"parent":0,"menu_order":0,"comment_status":"closed","ping_status":"closed","template":"","meta":{"_monsterinsights_skip_tracking":false,"_monsterinsights_sitenote_active":false,"_monsterinsights_sitenote_note":"","_monsterinsights_sitenote_category":0,"footnotes":""},"class_list":["post-124","page","type-page","status-publish","hentry"],"_links":{"self":[{"href":"https:\/\/songhai.org\/en\/wp-json\/wp\/v2\/pages\/124","targetHints":{"allow":["GET"]}}],"collection":[{"href":"https:\/\/songhai.org\/en\/wp-json\/wp\/v2\/pages"}],"about":[{"href":"https:\/\/songhai.org\/en\/wp-json\/wp\/v2\/types\/page"}],"author":[{"embeddable":true,"href":"https:\/\/songhai.org\/en\/wp-json\/wp\/v2\/users\/1"}],"replies":[{"embeddable":true,"href":"https:\/\/songhai.org\/en\/wp-json\/wp\/v2\/comments?post=124"}],"version-history":[{"count":0,"href":"https:\/\/songhai.org\/en\/wp-json\/wp\/v2\/pages\/124\/revisions"}],"wp:attachment":[{"href":"https:\/\/songhai.org\/en\/wp-json\/wp\/v2\/media?parent=124"}],"curies":[{"name":"wp","href":"https:\/\/api.w.org\/{rel}","templated":true}]}}