{"id":130,"date":"2016-08-09T08:05:19","date_gmt":"2016-08-09T08:05:19","guid":{"rendered":"http:\/\/songhai.org\/newsite\/?page_id=130"},"modified":"2016-08-09T08:05:19","modified_gmt":"2016-08-09T08:05:19","slug":"perspectives-de-songhai","status":"publish","type":"page","link":"https:\/\/songhai.org\/en\/perspectives-de-songhai\/","title":{"rendered":"Perspectives de Songha\u00ef"},"content":{"rendered":"<p style=\"text-align: justify;\"><strong>-Songhai Leadership Academy &#8211; SLA<\/strong><\/p>\n<p style=\"text-align: justify;\">Montage d&#8217;un cadre de formation de jeunes leaders, techniquement et moralement \u00e9quip\u00e9s pour essaimer le mod\u00e8le Songhai sur le continent et au-del\u00e0.<\/p>\n<p style=\"text-align: justify;\"><strong>-Songhai Energy<\/strong><\/p>\n<p style=\"text-align: justify;\">Une combinaison authentique d\u2019Energies Renouvelables et de syst\u00e8me int\u00e9gr\u00e9 de production pour un d\u00e9veloppement large et inclusif. Il s\u2019agira de promouvoir une production d&#8217;\u00e9nergie propre \u00e0 travers la valorisation de la biomasse et des ressources naturelles avec une distribution intelligente pour l&#8217;essor des activit\u00e9s g\u00e9n\u00e9ratrices de revenus dans les communaut\u00e9s.<\/p>\n<p style=\"text-align: justify;\"><strong>-Trente ans de Songhai<\/strong><\/p>\n<p style=\"text-align: justify;\">Grand moment de l\u2019histoire\u00a0; c\u00e9l\u00e9bration du pass\u00e9 mais tourn\u00e9 r\u00e9solument vers l\u2019avenir, Octobre 2015 marquera en lettres d\u2019or l\u2019\u00e9v\u00e9nement.<\/p>","protected":false},"excerpt":{"rendered":"<p>-Songhai Leadership Academy &#8211; SLA Montage d&#8217;un cadre de formation de jeunes leaders, techniquement et moralement \u00e9quip\u00e9s pour essaimer le mod\u00e8le Songhai sur le continent et au-del\u00e0. -Songhai Energy Une combinaison authentique d\u2019Energies Renouvelables et de syst\u00e8me int\u00e9gr\u00e9 de production pour un d\u00e9veloppement large et inclusif. Il [&hellip;]<\/p>","protected":false},"author":1,"featured_media":0,"parent":0,"menu_order":0,"comment_status":"closed","ping_status":"closed","template":"","meta":{"_monsterinsights_skip_tracking":false,"_monsterinsights_sitenote_active":false,"_monsterinsights_sitenote_note":"","_monsterinsights_sitenote_category":0,"footnotes":""},"class_list":["post-130","page","type-page","status-publish","hentry"],"_links":{"self":[{"href":"https:\/\/songhai.org\/en\/wp-json\/wp\/v2\/pages\/130","targetHints":{"allow":["GET"]}}],"collection":[{"href":"https:\/\/songhai.org\/en\/wp-json\/wp\/v2\/pages"}],"about":[{"href":"https:\/\/songhai.org\/en\/wp-json\/wp\/v2\/types\/page"}],"author":[{"embeddable":true,"href":"https:\/\/songhai.org\/en\/wp-json\/wp\/v2\/users\/1"}],"replies":[{"embeddable":true,"href":"https:\/\/songhai.org\/en\/wp-json\/wp\/v2\/comments?post=130"}],"version-history":[{"count":0,"href":"https:\/\/songhai.org\/en\/wp-json\/wp\/v2\/pages\/130\/revisions"}],"wp:attachment":[{"href":"https:\/\/songhai.org\/en\/wp-json\/wp\/v2\/media?parent=130"}],"curies":[{"name":"wp","href":"https:\/\/api.w.org\/{rel}","templated":true}]}}