{"id":132,"date":"2016-08-09T08:19:00","date_gmt":"2016-08-09T08:19:00","guid":{"rendered":"http:\/\/songhai.org\/newsite\/?page_id=132"},"modified":"2023-03-27T10:44:36","modified_gmt":"2023-03-27T08:44:36","slug":"formation-a-songhai-vision-et-mission","status":"publish","type":"page","link":"https:\/\/songhai.org\/en\/formation-a-songhai-vision-et-mission\/","title":{"rendered":"SONGHA\u00cf TRAINING: VISION AND MISSION"},"content":{"rendered":"<div data-elementor-type=\"wp-page\" data-elementor-id=\"132\" class=\"elementor elementor-132\" data-elementor-post-type=\"page\">\n\t\t\t\t\t\t<section class=\"elementor-section elementor-top-section elementor-element elementor-element-4e167bc elementor-section-boxed elementor-section-height-default elementor-section-height-default\" data-id=\"4e167bc\" data-element_type=\"section\">\n\t\t\t\t\t\t<div class=\"elementor-container elementor-column-gap-default\">\n\t\t\t\t\t<div class=\"elementor-column elementor-col-100 elementor-top-column elementor-element elementor-element-6bf763c2\" data-id=\"6bf763c2\" data-element_type=\"column\">\n\t\t\t<div class=\"elementor-widget-wrap elementor-element-populated\">\n\t\t\t\t\t\t<div class=\"elementor-element elementor-element-67884e92 elementor-widget elementor-widget-heading\" data-id=\"67884e92\" data-element_type=\"widget\" data-widget_type=\"heading.default\">\n\t\t\t\t<div class=\"elementor-widget-container\">\n\t\t\t\t\t<h4 class=\"elementor-heading-title elementor-size-default\">Menu<\/h4>\t\t\t\t<\/div>\n\t\t\t\t<\/div>\n\t\t\t\t<div class=\"elementor-element elementor-element-527f9bad elementor-nav-menu--stretch elementor-nav-menu__text-align-center elementor-nav-menu--toggle elementor-nav-menu--burger elementor-widget elementor-widget-nav-menu\" data-id=\"527f9bad\" data-element_type=\"widget\" data-settings=\"{&quot;layout&quot;:&quot;dropdown&quot;,&quot;full_width&quot;:&quot;stretch&quot;,&quot;toggle_icon_hover_animation&quot;:&quot;pulse&quot;,&quot;submenu_icon&quot;:{&quot;value&quot;:&quot;&lt;i class=\\&quot;fas fa-caret-down\\&quot;&gt;&lt;\\\/i&gt;&quot;,&quot;library&quot;:&quot;fa-solid&quot;},&quot;toggle&quot;:&quot;burger&quot;}\" data-widget_type=\"nav-menu.default\">\n\t\t\t\t<div class=\"elementor-widget-container\">\n\t\t\t\t\t\t\t<div class=\"elementor-menu-toggle\" role=\"button\" tabindex=\"0\" aria-label=\"Menu Toggle\" aria-expanded=\"false\" data-no-translation-aria-label=\"\">\n\t\t\t<i aria-hidden=\"true\" role=\"presentation\" class=\"elementor-menu-toggle__icon--open elementor-animation-pulse eicon-menu-bar\"><\/i><i aria-hidden=\"true\" role=\"presentation\" class=\"elementor-menu-toggle__icon--close elementor-animation-pulse eicon-close\"><\/i>\t\t<\/div>\n\t\t\t\t\t<nav class=\"elementor-nav-menu--dropdown elementor-nav-menu__container\" aria-hidden=\"true\">\n\t\t\t\t<ul id=\"menu-2-527f9bad\" class=\"elementor-nav-menu\"><li class=\"menu-item menu-item-type-post_type menu-item-object-page menu-item-8562\"><a href=\"https:\/\/songhai.org\/en\/formation\/\" class=\"elementor-item\" tabindex=\"-1\">Pr\u00e9sentation de la Formation<\/a><\/li>\n<li class=\"menu-item menu-item-type-post_type menu-item-object-page menu-item-7832\"><a href=\"https:\/\/songhai.org\/en\/formation-a-songhai-vision-et-mission\/\" class=\"elementor-item\" tabindex=\"-1\">Formation: Vision et Mission<\/a><\/li>\n<li class=\"menu-item menu-item-type-post_type menu-item-object-page menu-item-7831\"><a href=\"https:\/\/songhai.org\/en\/a-qui-sadresse-la-formation-songhai\/\" class=\"elementor-item\" tabindex=\"-1\">A qui s\u2019adresse la formation<\/a><\/li>\n<li class=\"menu-item menu-item-type-post_type menu-item-object-page menu-item-7835\"><a href=\"https:\/\/songhai.org\/en\/pedagogie\/\" class=\"elementor-item\" tabindex=\"-1\">P\u00e9dagogie<\/a><\/li>\n<li class=\"menu-item menu-item-type-post_type menu-item-object-page menu-item-7833\"><a href=\"https:\/\/songhai.org\/en\/nos-offres-de-formation-et-contenu\/\" class=\"elementor-item\" tabindex=\"-1\">Contenu des offres<\/a><\/li>\n<li class=\"menu-item menu-item-type-post_type menu-item-object-page menu-item-9137\"><a href=\"https:\/\/songhai.org\/en\/tarifs-de-formation\/\" class=\"elementor-item\" tabindex=\"-1\">Tarifs de formation<\/a><\/li>\n<\/ul>\t\t\t<\/nav>\n\t\t\t\t\t\t<\/div>\n\t\t\t\t<\/div>\n\t\t\t\t\t<\/div>\n\t\t<\/div>\n\t\t\t\t\t<\/div>\n\t\t<\/section>\n\t\t\t\t<section class=\"elementor-section elementor-top-section elementor-element elementor-element-4e443d2d elementor-section-boxed elementor-section-height-default elementor-section-height-default\" data-id=\"4e443d2d\" data-element_type=\"section\">\n\t\t\t\t\t\t<div class=\"elementor-container elementor-column-gap-default\">\n\t\t\t\t\t<div class=\"elementor-column elementor-col-100 elementor-top-column elementor-element elementor-element-1aefd8ea\" data-id=\"1aefd8ea\" data-element_type=\"column\">\n\t\t\t<div class=\"elementor-widget-wrap elementor-element-populated\">\n\t\t\t\t\t\t<div class=\"elementor-element elementor-element-4c8df512 elementor-widget elementor-widget-text-editor\" data-id=\"4c8df512\" data-element_type=\"widget\" data-no-translation=\"\" data-widget_type=\"text-editor.default\">\n\t\t\t\t<div class=\"elementor-widget-container\">\n\t\t\t\t\t<style>.elementor-element-4c8df512{display:none !important}<\/style>\t\t\t\t<\/div>\n\t\t\t\t<\/div>\n\t\t\t\t<div class=\"elementor-element elementor-element-dec1398 elementor-widget elementor-widget-text-editor\" data-id=\"dec1398\" data-element_type=\"widget\" data-no-translation=\"\" data-widget_type=\"text-editor.default\">\n\t\t\t\t<div class=\"elementor-widget-container\">\n\t\t\t\t\t\t\t\t\t<p>In view of the goal, we are aiming for, Songhai has taken up the mission to train and produce a critical mass of new human resource pools that are equipped with the right vision, values, and operational capacities. These new groups of human resources will be transformed and equipped differently with a new entrepreneurial culture that will help us navigate through these difficult and challenging times. \u00a0<\/p><p style=\"text-align: justify;\"><img fetchpriority=\"high\" decoding=\"async\" class=\"aligncenter wp-image-133 size-full\" src=\"https:\/\/songhai.org\/wp-content\/uploads\/2016\/08\/Formation_vision.png\" alt=\"Formation_vision\" width=\"909\" height=\"644\" srcset=\"https:\/\/songhai.org\/wp-content\/uploads\/2016\/08\/Formation_vision.png 909w, https:\/\/songhai.org\/wp-content\/uploads\/2016\/08\/Formation_vision-300x213.png 300w, https:\/\/songhai.org\/wp-content\/uploads\/2016\/08\/Formation_vision-768x544.png 768w, https:\/\/songhai.org\/wp-content\/uploads\/2016\/08\/Formation_vision-600x425.png 600w\" sizes=\"(max-width: 909px) 100vw, 909px\" \/><\/p><p>Songhai training, therefore aims at both human development (awakening self-confidence, responsibility, creativity, risk-taking, self-responsibility, openness to others) and economic development (agriculture, animal husbandry, aquaculture, renewable energies, agro-industry with appropriate technologies), all forming an integrated system of sustainable agriculture.<\/p><p>This training system enables the youths to be in charge of their lives because they are equipped with functional capacities to create and manage viable and competitive agricultural enterprises. This they will achieve because they possess a package of skills that makes them competitive and versatile.<\/p>\t\t\t\t\t\t\t\t<\/div>\n\t\t\t\t<\/div>\n\t\t\t\t\t<\/div>\n\t\t<\/div>\n\t\t\t\t\t<\/div>\n\t\t<\/section>\n\t\t\t\t<section class=\"elementor-section elementor-inner-section elementor-element elementor-element-7e44064c elementor-section-full_width elementor-section-height-default elementor-section-height-default\" data-id=\"7e44064c\" data-element_type=\"section\">\n\t\t\t\t\t\t<div class=\"elementor-container elementor-column-gap-wider\">\n\t\t\t\t\t<div class=\"elementor-column elementor-col-33 elementor-inner-column elementor-element elementor-element-65de45a7\" data-id=\"65de45a7\" data-element_type=\"column\">\n\t\t\t<div class=\"elementor-widget-wrap elementor-element-populated\">\n\t\t\t\t\t\t<div class=\"elementor-element elementor-element-492372d9 line-top elementor-widget elementor-widget-tfimagebox\" data-id=\"492372d9\" data-element_type=\"widget\" data-widget_type=\"tfimagebox.default\">\n\t\t\t\t<div class=\"elementor-widget-container\">\n\t\t\t\t\t<div class=\"tf-imagebox style-1\"> \r\n                <div class=\"image\"><img decoding=\"async\" width=\"1024\" height=\"687\" src=\"https:\/\/songhai.org\/wp-content\/uploads\/2017\/12\/e.jpg\" class=\"attachment-large size-large wp-image-3498\" alt=\"\" srcset=\"https:\/\/songhai.org\/wp-content\/uploads\/2017\/12\/e.jpg 1024w, https:\/\/songhai.org\/wp-content\/uploads\/2017\/12\/e-300x201.jpg 300w, https:\/\/songhai.org\/wp-content\/uploads\/2017\/12\/e-768x515.jpg 768w, https:\/\/songhai.org\/wp-content\/uploads\/2017\/12\/e-600x403.jpg 600w\" sizes=\"(max-width: 1024px) 100vw, 1024px\" \/> <div class=\"image-overlay fade-in\"><\/div><\/div>\r\n                <div class=\"content-only\"> \r\n                \t               \t              \r\n\t\t\t\t\t<h4 class=\"title\"><a href=\"https:\/\/songhai.org\/en\/entrepreneurs-agricoles\/\"  >Formation premier cycle<\/a><\/h4>\r\n\t\t\t\t<\/div>\r\n                <div class=\"content\">\t\r\n                \t                \r\n\t\t\t\t\t<h4 class=\"title\"><a href=\"https:\/\/songhai.org\/en\/entrepreneurs-agricoles\/\"  >Formation premier cycle<\/a><\/h4>\r\n\t                \r\n\t                <div class=\"tf-button-container\"><a class=\"tf-button bt_icon_after btn-overlay default-theme\" href=\"https:\/\/songhai.org\/en\/entrepreneurs-agricoles\/\"  >Read more ... <i class=\"fas fa-arrow-right\"><\/i><\/a><\/div>\r\n\t\t\t\t<\/div>\r\n            <\/div>\t\t\t\t<\/div>\n\t\t\t\t<\/div>\n\t\t\t\t\t<\/div>\n\t\t<\/div>\n\t\t\t\t<div class=\"elementor-column elementor-col-33 elementor-inner-column elementor-element elementor-element-20fea5b8\" data-id=\"20fea5b8\" data-element_type=\"column\">\n\t\t\t<div class=\"elementor-widget-wrap elementor-element-populated\">\n\t\t\t\t\t\t<div class=\"elementor-element elementor-element-23bbc8fe line-top elementor-widget elementor-widget-tfimagebox\" data-id=\"23bbc8fe\" data-element_type=\"widget\" data-widget_type=\"tfimagebox.default\">\n\t\t\t\t<div class=\"elementor-widget-container\">\n\t\t\t\t\t<div class=\"tf-imagebox style-1\"> \r\n                <div class=\"image\"><img decoding=\"async\" width=\"1024\" height=\"687\" src=\"https:\/\/songhai.org\/wp-content\/uploads\/2017\/12\/IMG_8580-1024x687.jpg\" class=\"attachment-large size-large wp-image-2633\" alt=\"\" srcset=\"https:\/\/songhai.org\/wp-content\/uploads\/2017\/12\/IMG_8580-1024x687.jpg 1024w, https:\/\/songhai.org\/wp-content\/uploads\/2017\/12\/IMG_8580-300x201.jpg 300w, https:\/\/songhai.org\/wp-content\/uploads\/2017\/12\/IMG_8580-768x515.jpg 768w, https:\/\/songhai.org\/wp-content\/uploads\/2017\/12\/IMG_8580-1536x1031.jpg 1536w, https:\/\/songhai.org\/wp-content\/uploads\/2017\/12\/IMG_8580-600x403.jpg 600w, https:\/\/songhai.org\/wp-content\/uploads\/2017\/12\/IMG_8580.jpg 1621w\" sizes=\"(max-width: 1024px) 100vw, 1024px\" \/> <div class=\"image-overlay fade-in\"><\/div><\/div>\r\n                <div class=\"content-only\"> \r\n                \t               \t              \r\n\t\t\t\t\t<h4 class=\"title\"><a href=\"https:\/\/songhai.org\/en\/stagiaire-individuel\/\"  >Formation second cycle<\/a><\/h4>\r\n\t\t\t\t<\/div>\r\n                <div class=\"content\">\t\r\n                \t                \r\n\t\t\t\t\t<h4 class=\"title\"><a href=\"https:\/\/songhai.org\/en\/stagiaire-individuel\/\"  >Formation second cycle<\/a><\/h4>\r\n\t                \r\n\t                <div class=\"tf-button-container\"><a class=\"tf-button bt_icon_after btn-overlay default-theme\" href=\"https:\/\/songhai.org\/en\/stagiaire-individuel\/\"  >Read more ... <i class=\"fas fa-arrow-right\"><\/i><\/a><\/div>\r\n\t\t\t\t<\/div>\r\n            <\/div>\t\t\t\t<\/div>\n\t\t\t\t<\/div>\n\t\t\t\t\t<\/div>\n\t\t<\/div>\n\t\t\t\t<div class=\"elementor-column elementor-col-33 elementor-inner-column elementor-element elementor-element-37cf99a3\" data-id=\"37cf99a3\" data-element_type=\"column\">\n\t\t\t<div class=\"elementor-widget-wrap elementor-element-populated\">\n\t\t\t\t\t\t<div class=\"elementor-element elementor-element-7415d1a7 line-top elementor-widget elementor-widget-tfimagebox\" data-id=\"7415d1a7\" data-element_type=\"widget\" data-widget_type=\"tfimagebox.default\">\n\t\t\t\t<div class=\"elementor-widget-container\">\n\t\t\t\t\t<div class=\"tf-imagebox style-1\"> \r\n                <div class=\"image\"><img loading=\"lazy\" decoding=\"async\" width=\"1024\" height=\"687\" src=\"https:\/\/songhai.org\/wp-content\/uploads\/2017\/12\/IMG_9078-1024x687.jpg\" class=\"attachment-large size-large wp-image-2635\" alt=\"\" srcset=\"https:\/\/songhai.org\/wp-content\/uploads\/2017\/12\/IMG_9078-1024x687.jpg 1024w, https:\/\/songhai.org\/wp-content\/uploads\/2017\/12\/IMG_9078-300x201.jpg 300w, https:\/\/songhai.org\/wp-content\/uploads\/2017\/12\/IMG_9078-768x515.jpg 768w, https:\/\/songhai.org\/wp-content\/uploads\/2017\/12\/IMG_9078-1536x1031.jpg 1536w, https:\/\/songhai.org\/wp-content\/uploads\/2017\/12\/IMG_9078-600x403.jpg 600w, https:\/\/songhai.org\/wp-content\/uploads\/2017\/12\/IMG_9078.jpg 1621w\" sizes=\"(max-width: 1024px) 100vw, 1024px\" \/> <div class=\"image-overlay fade-in\"><\/div><\/div>\r\n                <div class=\"content-only\"> \r\n                \t               \t              \r\n\t\t\t\t\t<h4 class=\"title\"><a href=\"https:\/\/songhai.org\/en\/stagiaire-groupe\/\"  >Formation court et moyen terme<\/a><\/h4>\r\n\t\t\t\t<\/div>\r\n                <div class=\"content\">\t\r\n                \t                \r\n\t\t\t\t\t<h4 class=\"title\"><a href=\"https:\/\/songhai.org\/en\/stagiaire-groupe\/\"  >Formation court et moyen terme<\/a><\/h4>\r\n\t                \r\n\t                <div class=\"tf-button-container\"><a class=\"tf-button bt_icon_after btn-overlay default-theme\" href=\"https:\/\/songhai.org\/en\/stagiaire-groupe\/\"  >Read more ... <i class=\"fas fa-arrow-right\"><\/i><\/a><\/div>\r\n\t\t\t\t<\/div>\r\n            <\/div>\t\t\t\t<\/div>\n\t\t\t\t<\/div>\n\t\t\t\t\t<\/div>\n\t\t<\/div>\n\t\t\t\t\t<\/div>\n\t\t<\/section>\n\t\t\t\t<\/div>","protected":false},"excerpt":{"rendered":"<p>Menu Au regard du but que nous visons, nous nous sommes assign\u00e9s une mission bien pr\u00e9cise quant \u00e0 la Formation. Il s\u2019agit de produire une masse critique d\u2019hommes et de femmes de type nouveau, \u00e9quip\u00e9s de capacit\u00e9s morale, technique, organisationnelle&nbsp;; un nouveau corps de ressources humaines, transform\u00e9 [&hellip;]<\/p>","protected":false},"author":1,"featured_media":0,"parent":0,"menu_order":0,"comment_status":"closed","ping_status":"closed","template":"","meta":{"_monsterinsights_skip_tracking":false,"_monsterinsights_sitenote_active":false,"_monsterinsights_sitenote_note":"","_monsterinsights_sitenote_category":0,"footnotes":""},"class_list":["post-132","page","type-page","status-publish","hentry"],"_links":{"self":[{"href":"https:\/\/songhai.org\/en\/wp-json\/wp\/v2\/pages\/132","targetHints":{"allow":["GET"]}}],"collection":[{"href":"https:\/\/songhai.org\/en\/wp-json\/wp\/v2\/pages"}],"about":[{"href":"https:\/\/songhai.org\/en\/wp-json\/wp\/v2\/types\/page"}],"author":[{"embeddable":true,"href":"https:\/\/songhai.org\/en\/wp-json\/wp\/v2\/users\/1"}],"replies":[{"embeddable":true,"href":"https:\/\/songhai.org\/en\/wp-json\/wp\/v2\/comments?post=132"}],"version-history":[{"count":24,"href":"https:\/\/songhai.org\/en\/wp-json\/wp\/v2\/pages\/132\/revisions"}],"predecessor-version":[{"id":8821,"href":"https:\/\/songhai.org\/en\/wp-json\/wp\/v2\/pages\/132\/revisions\/8821"}],"wp:attachment":[{"href":"https:\/\/songhai.org\/en\/wp-json\/wp\/v2\/media?parent=132"}],"curies":[{"name":"wp","href":"https:\/\/api.w.org\/{rel}","templated":true}]}}