{"id":135,"date":"2016-08-09T08:21:43","date_gmt":"2016-08-09T08:21:43","guid":{"rendered":"http:\/\/songhai.org\/newsite\/?page_id=135"},"modified":"2022-11-25T22:51:30","modified_gmt":"2022-11-25T21:51:30","slug":"a-qui-sadresse-la-formation-songhai","status":"publish","type":"page","link":"https:\/\/songhai.org\/en\/a-qui-sadresse-la-formation-songhai\/","title":{"rendered":"A qui s\u2019adresse la formation Songha\u00ef ?"},"content":{"rendered":"<div data-elementor-type=\"wp-page\" data-elementor-id=\"135\" class=\"elementor elementor-135\" data-elementor-post-type=\"page\">\n\t\t\t\t\t\t<section class=\"elementor-section elementor-top-section elementor-element elementor-element-64458600 elementor-section-boxed elementor-section-height-default elementor-section-height-default\" data-id=\"64458600\" data-element_type=\"section\">\n\t\t\t\t\t\t<div class=\"elementor-container elementor-column-gap-default\">\n\t\t\t\t\t<div class=\"elementor-column elementor-col-100 elementor-top-column elementor-element elementor-element-29bc6d5b\" data-id=\"29bc6d5b\" data-element_type=\"column\">\n\t\t\t<div class=\"elementor-widget-wrap elementor-element-populated\">\n\t\t\t\t\t\t<div class=\"elementor-element elementor-element-40a19a3f elementor-widget elementor-widget-heading\" data-id=\"40a19a3f\" data-element_type=\"widget\" data-widget_type=\"heading.default\">\n\t\t\t\t<div class=\"elementor-widget-container\">\n\t\t\t\t\t<h4 class=\"elementor-heading-title elementor-size-default\">Menu<\/h4>\t\t\t\t<\/div>\n\t\t\t\t<\/div>\n\t\t\t\t<div class=\"elementor-element elementor-element-2dddff92 elementor-nav-menu--stretch elementor-nav-menu__text-align-center elementor-nav-menu--toggle elementor-nav-menu--burger elementor-widget elementor-widget-nav-menu\" data-id=\"2dddff92\" data-element_type=\"widget\" data-settings=\"{&quot;layout&quot;:&quot;dropdown&quot;,&quot;full_width&quot;:&quot;stretch&quot;,&quot;toggle_icon_hover_animation&quot;:&quot;pulse&quot;,&quot;submenu_icon&quot;:{&quot;value&quot;:&quot;&lt;i class=\\&quot;fas fa-caret-down\\&quot;&gt;&lt;\\\/i&gt;&quot;,&quot;library&quot;:&quot;fa-solid&quot;},&quot;toggle&quot;:&quot;burger&quot;}\" data-widget_type=\"nav-menu.default\">\n\t\t\t\t<div class=\"elementor-widget-container\">\n\t\t\t\t\t\t\t<div class=\"elementor-menu-toggle\" role=\"button\" tabindex=\"0\" aria-label=\"Menu Toggle\" aria-expanded=\"false\" data-no-translation-aria-label=\"\">\n\t\t\t<i aria-hidden=\"true\" role=\"presentation\" class=\"elementor-menu-toggle__icon--open elementor-animation-pulse eicon-menu-bar\"><\/i><i aria-hidden=\"true\" role=\"presentation\" class=\"elementor-menu-toggle__icon--close elementor-animation-pulse eicon-close\"><\/i>\t\t<\/div>\n\t\t\t\t\t<nav class=\"elementor-nav-menu--dropdown elementor-nav-menu__container\" aria-hidden=\"true\">\n\t\t\t\t<ul id=\"menu-2-2dddff92\" class=\"elementor-nav-menu\"><li class=\"menu-item menu-item-type-post_type menu-item-object-page menu-item-8562\"><a href=\"https:\/\/songhai.org\/en\/formation\/\" class=\"elementor-item\" tabindex=\"-1\">Pr\u00e9sentation de la Formation<\/a><\/li>\n<li class=\"menu-item menu-item-type-post_type menu-item-object-page menu-item-7832\"><a href=\"https:\/\/songhai.org\/en\/formation-a-songhai-vision-et-mission\/\" class=\"elementor-item\" tabindex=\"-1\">Formation: Vision et Mission<\/a><\/li>\n<li class=\"menu-item menu-item-type-post_type menu-item-object-page menu-item-7831\"><a href=\"https:\/\/songhai.org\/en\/a-qui-sadresse-la-formation-songhai\/\" class=\"elementor-item\" tabindex=\"-1\">A qui s\u2019adresse la formation<\/a><\/li>\n<li class=\"menu-item menu-item-type-post_type menu-item-object-page menu-item-7835\"><a href=\"https:\/\/songhai.org\/en\/pedagogie\/\" class=\"elementor-item\" tabindex=\"-1\">P\u00e9dagogie<\/a><\/li>\n<li class=\"menu-item menu-item-type-post_type menu-item-object-page menu-item-7833\"><a href=\"https:\/\/songhai.org\/en\/nos-offres-de-formation-et-contenu\/\" class=\"elementor-item\" tabindex=\"-1\">Contenu des offres<\/a><\/li>\n<li class=\"menu-item menu-item-type-post_type menu-item-object-page menu-item-9137\"><a href=\"https:\/\/songhai.org\/en\/tarifs-de-formation\/\" class=\"elementor-item\" tabindex=\"-1\">Tarifs de formation<\/a><\/li>\n<\/ul>\t\t\t<\/nav>\n\t\t\t\t\t\t<\/div>\n\t\t\t\t<\/div>\n\t\t\t\t\t<\/div>\n\t\t<\/div>\n\t\t\t\t\t<\/div>\n\t\t<\/section>\n\t\t\t\t<section class=\"elementor-section elementor-top-section elementor-element elementor-element-2eb8fd7d elementor-section-boxed elementor-section-height-default elementor-section-height-default\" data-id=\"2eb8fd7d\" data-element_type=\"section\">\n\t\t\t\t\t\t<div class=\"elementor-container elementor-column-gap-default\">\n\t\t\t\t\t<div class=\"elementor-column elementor-col-100 elementor-top-column elementor-element elementor-element-337ede5e\" data-id=\"337ede5e\" data-element_type=\"column\">\n\t\t\t<div class=\"elementor-widget-wrap elementor-element-populated\">\n\t\t\t\t\t\t<div class=\"elementor-element elementor-element-43204527 elementor-widget elementor-widget-text-editor\" data-id=\"43204527\" data-element_type=\"widget\" data-widget_type=\"text-editor.default\">\n\t\t\t\t<div class=\"elementor-widget-container\">\n\t\t\t\t\t\t\t\t\t<p style=\"text-align: justify;\">La formation Songha\u00ef s\u2019adresse \u00e0 des hommes et femmes d\u00e9sireux de devenir des\u00a0:<\/p><p style=\"text-align: justify;\">\u00a0<strong>Hommes de m\u00e9tiers\u00a0:<\/strong> techniciens polyvalents, capables de maitriser les gestes de production des m\u00e9tiers partout<\/p><ul style=\"text-align: justify;\"><li>2 ans et demi (18 mois + 12 mois)\u00a0: ouvert aux hommes et femmes de 18 \u00e0 35 ans, ne disposant pas ou peu de base agricole. Il est gratuit pour les b\u00e9ninois qui sont soumis \u00e0 une s\u00e9lection via test.<\/li><li>6 \u00e0 18 mois : payant, ouvert aux candidats \u00e2g\u00e9s de 18 ans au moins et de toute nationalit\u00e9 (cf. grille tarifaire).<\/li><\/ul><p style=\"text-align: justify;\"><strong>Gestionnaires de ferme capables\u00a0:<\/strong> de mobiliser et de g\u00e9rer des ressources mat\u00e9rielles, humaines, financi\u00e8res et technologiques pour cr\u00e9er des biens et services qui r\u00e9pondent aux besoins et d\u00e9sirs de la communaut\u00e9<\/p><ul style=\"text-align: justify;\"><li>6 mois &#8211; ouvert \u00e0 tout public. (cf. grille tarifaire).<\/li><\/ul><p style=\"text-align: justify;\">\u00a0<strong>Entrepreneurs inventifs et cr\u00e9atifs\u00a0:<\/strong> dot\u00e9s de r\u00e9flexe et de culture entrepreneuriale pour canaliser et transformer les possibilit\u00e9s \u00e0 sa port\u00e9e.<\/p><ul style=\"text-align: justify;\"><li>Programme d\u2019inspiration\u00a0: 2 semaines<\/li><li>Renforcement de capacit\u00e9s entrepreneuriales : 1 \u00e0 3 mois &#8211; ouvert \u00e0 tout public.\u00a0\u00a0 (cf. grille tarifaire).<\/li><\/ul><p style=\"text-align: justify;\">\u00a0<strong>Autres\u00a0: Les \u00e9tudiants des lyc\u00e9es agricoles et universit\u00e9s peuvent s\u2019inscrire pour des stages pratiques et de r\u00e9daction de m\u00e9moire.<\/strong><\/p><p style=\"text-align: justify;\">1\u00a0\u00e0 6 mois &#8211; La dur\u00e9e est fix\u00e9e selon les objectifs d\u00e9finis.<\/p><p style=\"text-align: justify;\">\u00a0<strong>Pr\u00e9dispositions requises pour les candidats \u00e0 la formation Songha\u00ef<\/strong><\/p><ul style=\"text-align: justify;\"><li>Ouverture pour adh\u00e9rer progressivement \u00e0 la vision de d\u00e9veloppement de Songha\u00ef : transformation de la personne<\/li><li>Ambition pour sa vie et pour le d\u00e9veloppement de sa communaut\u00e9<\/li><li>Ouverture d\u2019esprit et capacit\u00e9 de changement personnel<\/li><li>Manifestation d\u2019\u00e9veil, d\u2019innovation et de curiosit\u00e9<\/li><\/ul><p style=\"text-align: justify;\">\u00a0<strong>Profil en fin de formation \u00e0 Songha\u00ef <\/strong><\/p><p style=\"text-align: justify;\">Les personnes form\u00e9es \u00e0 Songha\u00ef sont capables de\u00a0:<\/p><ul><li style=\"text-align: justify;\">Concevoir leur plan d\u2019installation tenant compte du contexte socio-\u00e9conomique<\/li><li style=\"text-align: justify;\">Cr\u00e9er et g\u00e9rer leur entreprise : \u00e9laborer une vision claire de leur avenir et de leur contexte<\/li><li style=\"text-align: justify;\">Analyser leur entreprise agricole, leur milieu, leur environnement<\/li><li style=\"text-align: justify;\">Vulgariser leurs techniques et connaissances \u00e0 partir de leurs activit\u00e9s<\/li><li style=\"text-align: justify;\">Animer une \u00e9quipe ou une coop\u00e9rative qui peut les solliciter dans leur milieu<\/li><li style=\"text-align: justify;\">Entra\u00eener le monde rural autour d\u2019eux pour un dynamisme socio-\u00e9conomique, impacter leur milieu<\/li><\/ul>\t\t\t\t\t\t\t\t<\/div>\n\t\t\t\t<\/div>\n\t\t\t\t\t<\/div>\n\t\t<\/div>\n\t\t\t\t\t<\/div>\n\t\t<\/section>\n\t\t\t\t<section class=\"elementor-section elementor-inner-section elementor-element elementor-element-20206d3a elementor-section-full_width elementor-section-height-default elementor-section-height-default\" data-id=\"20206d3a\" data-element_type=\"section\">\n\t\t\t\t\t\t<div class=\"elementor-container elementor-column-gap-wider\">\n\t\t\t\t\t<div class=\"elementor-column elementor-col-33 elementor-inner-column elementor-element elementor-element-a38adda\" data-id=\"a38adda\" data-element_type=\"column\">\n\t\t\t<div class=\"elementor-widget-wrap elementor-element-populated\">\n\t\t\t\t\t\t<div class=\"elementor-element elementor-element-2c6f2f0f line-top elementor-widget elementor-widget-tfimagebox\" data-id=\"2c6f2f0f\" data-element_type=\"widget\" data-widget_type=\"tfimagebox.default\">\n\t\t\t\t<div class=\"elementor-widget-container\">\n\t\t\t\t\t<div class=\"tf-imagebox style-1\"> \r\n                <div class=\"image\"><img fetchpriority=\"high\" decoding=\"async\" width=\"1024\" height=\"687\" src=\"https:\/\/songhai.org\/wp-content\/uploads\/2017\/12\/e.jpg\" class=\"attachment-large size-large wp-image-3498\" alt=\"\" srcset=\"https:\/\/songhai.org\/wp-content\/uploads\/2017\/12\/e.jpg 1024w, https:\/\/songhai.org\/wp-content\/uploads\/2017\/12\/e-300x201.jpg 300w, https:\/\/songhai.org\/wp-content\/uploads\/2017\/12\/e-768x515.jpg 768w, https:\/\/songhai.org\/wp-content\/uploads\/2017\/12\/e-600x403.jpg 600w\" sizes=\"(max-width: 1024px) 100vw, 1024px\" \/> <div class=\"image-overlay fade-in\"><\/div><\/div>\r\n                <div class=\"content-only\"> \r\n                \t               \t              \r\n\t\t\t\t\t<h4 class=\"title\"><a href=\"https:\/\/songhai.org\/en\/entrepreneurs-agricoles\/\"  >Formation premier cycle<\/a><\/h4>\r\n\t\t\t\t<\/div>\r\n                <div class=\"content\">\t\r\n                \t                \r\n\t\t\t\t\t<h4 class=\"title\"><a href=\"https:\/\/songhai.org\/en\/entrepreneurs-agricoles\/\"  >Formation premier cycle<\/a><\/h4>\r\n\t                \r\n\t                <div class=\"tf-button-container\"><a class=\"tf-button bt_icon_after btn-overlay default-theme\" href=\"https:\/\/songhai.org\/en\/entrepreneurs-agricoles\/\"  >Read more ... <i class=\"fas fa-arrow-right\"><\/i><\/a><\/div>\r\n\t\t\t\t<\/div>\r\n            <\/div>\t\t\t\t<\/div>\n\t\t\t\t<\/div>\n\t\t\t\t\t<\/div>\n\t\t<\/div>\n\t\t\t\t<div class=\"elementor-column elementor-col-33 elementor-inner-column elementor-element elementor-element-7a3b0f82\" data-id=\"7a3b0f82\" data-element_type=\"column\">\n\t\t\t<div class=\"elementor-widget-wrap elementor-element-populated\">\n\t\t\t\t\t\t<div class=\"elementor-element elementor-element-5450858c line-top elementor-widget elementor-widget-tfimagebox\" data-id=\"5450858c\" data-element_type=\"widget\" data-widget_type=\"tfimagebox.default\">\n\t\t\t\t<div class=\"elementor-widget-container\">\n\t\t\t\t\t<div class=\"tf-imagebox style-1\"> \r\n                <div class=\"image\"><img decoding=\"async\" width=\"1024\" height=\"687\" src=\"https:\/\/songhai.org\/wp-content\/uploads\/2017\/12\/IMG_8580-1024x687.jpg\" class=\"attachment-large size-large wp-image-2633\" alt=\"\" srcset=\"https:\/\/songhai.org\/wp-content\/uploads\/2017\/12\/IMG_8580-1024x687.jpg 1024w, https:\/\/songhai.org\/wp-content\/uploads\/2017\/12\/IMG_8580-300x201.jpg 300w, https:\/\/songhai.org\/wp-content\/uploads\/2017\/12\/IMG_8580-768x515.jpg 768w, https:\/\/songhai.org\/wp-content\/uploads\/2017\/12\/IMG_8580-1536x1031.jpg 1536w, https:\/\/songhai.org\/wp-content\/uploads\/2017\/12\/IMG_8580-600x403.jpg 600w, https:\/\/songhai.org\/wp-content\/uploads\/2017\/12\/IMG_8580.jpg 1621w\" sizes=\"(max-width: 1024px) 100vw, 1024px\" \/> <div class=\"image-overlay fade-in\"><\/div><\/div>\r\n                <div class=\"content-only\"> \r\n                \t               \t              \r\n\t\t\t\t\t<h4 class=\"title\"><a href=\"https:\/\/songhai.org\/en\/stagiaire-individuel\/\"  >Formation second cycle<\/a><\/h4>\r\n\t\t\t\t<\/div>\r\n                <div class=\"content\">\t\r\n                \t                \r\n\t\t\t\t\t<h4 class=\"title\"><a href=\"https:\/\/songhai.org\/en\/stagiaire-individuel\/\"  >Formation second cycle<\/a><\/h4>\r\n\t                \r\n\t                <div class=\"tf-button-container\"><a class=\"tf-button bt_icon_after btn-overlay default-theme\" href=\"https:\/\/songhai.org\/en\/stagiaire-individuel\/\"  >Read more ... <i class=\"fas fa-arrow-right\"><\/i><\/a><\/div>\r\n\t\t\t\t<\/div>\r\n            <\/div>\t\t\t\t<\/div>\n\t\t\t\t<\/div>\n\t\t\t\t\t<\/div>\n\t\t<\/div>\n\t\t\t\t<div class=\"elementor-column elementor-col-33 elementor-inner-column elementor-element elementor-element-6b6c2a0c\" data-id=\"6b6c2a0c\" data-element_type=\"column\">\n\t\t\t<div class=\"elementor-widget-wrap elementor-element-populated\">\n\t\t\t\t\t\t<div class=\"elementor-element elementor-element-2230be7e line-top elementor-widget elementor-widget-tfimagebox\" data-id=\"2230be7e\" data-element_type=\"widget\" data-widget_type=\"tfimagebox.default\">\n\t\t\t\t<div class=\"elementor-widget-container\">\n\t\t\t\t\t<div class=\"tf-imagebox style-1\"> \r\n                <div class=\"image\"><img decoding=\"async\" width=\"1024\" height=\"687\" src=\"https:\/\/songhai.org\/wp-content\/uploads\/2017\/12\/IMG_9078-1024x687.jpg\" class=\"attachment-large size-large wp-image-2635\" alt=\"\" srcset=\"https:\/\/songhai.org\/wp-content\/uploads\/2017\/12\/IMG_9078-1024x687.jpg 1024w, https:\/\/songhai.org\/wp-content\/uploads\/2017\/12\/IMG_9078-300x201.jpg 300w, https:\/\/songhai.org\/wp-content\/uploads\/2017\/12\/IMG_9078-768x515.jpg 768w, https:\/\/songhai.org\/wp-content\/uploads\/2017\/12\/IMG_9078-1536x1031.jpg 1536w, https:\/\/songhai.org\/wp-content\/uploads\/2017\/12\/IMG_9078-600x403.jpg 600w, https:\/\/songhai.org\/wp-content\/uploads\/2017\/12\/IMG_9078.jpg 1621w\" sizes=\"(max-width: 1024px) 100vw, 1024px\" \/> <div class=\"image-overlay fade-in\"><\/div><\/div>\r\n                <div class=\"content-only\"> \r\n                \t               \t              \r\n\t\t\t\t\t<h4 class=\"title\"><a href=\"https:\/\/songhai.org\/en\/stagiaire-groupe\/\"  >Formation court et moyen terme<\/a><\/h4>\r\n\t\t\t\t<\/div>\r\n                <div class=\"content\">\t\r\n                \t                \r\n\t\t\t\t\t<h4 class=\"title\"><a href=\"https:\/\/songhai.org\/en\/stagiaire-groupe\/\"  >Formation court et moyen terme<\/a><\/h4>\r\n\t                \r\n\t                <div class=\"tf-button-container\"><a class=\"tf-button bt_icon_after btn-overlay default-theme\" href=\"https:\/\/songhai.org\/en\/stagiaire-groupe\/\"  >Read more ... <i class=\"fas fa-arrow-right\"><\/i><\/a><\/div>\r\n\t\t\t\t<\/div>\r\n            <\/div>\t\t\t\t<\/div>\n\t\t\t\t<\/div>\n\t\t\t\t\t<\/div>\n\t\t<\/div>\n\t\t\t\t\t<\/div>\n\t\t<\/section>\n\t\t\t\t<\/div>","protected":false},"excerpt":{"rendered":"<p>Menu La formation Songha\u00ef s\u2019adresse \u00e0 des hommes et femmes d\u00e9sireux de devenir des\u00a0: \u00a0Hommes de m\u00e9tiers\u00a0: techniciens polyvalents, capables de maitriser les gestes de production des m\u00e9tiers partout 2 ans et demi (18 mois + 12 mois)\u00a0: ouvert aux hommes et femmes de 18 \u00e0 35 [&hellip;]<\/p>","protected":false},"author":1,"featured_media":0,"parent":0,"menu_order":0,"comment_status":"closed","ping_status":"closed","template":"","meta":{"_monsterinsights_skip_tracking":false,"_monsterinsights_sitenote_active":false,"_monsterinsights_sitenote_note":"","_monsterinsights_sitenote_category":0,"footnotes":""},"class_list":["post-135","page","type-page","status-publish","hentry"],"_links":{"self":[{"href":"https:\/\/songhai.org\/en\/wp-json\/wp\/v2\/pages\/135","targetHints":{"allow":["GET"]}}],"collection":[{"href":"https:\/\/songhai.org\/en\/wp-json\/wp\/v2\/pages"}],"about":[{"href":"https:\/\/songhai.org\/en\/wp-json\/wp\/v2\/types\/page"}],"author":[{"embeddable":true,"href":"https:\/\/songhai.org\/en\/wp-json\/wp\/v2\/users\/1"}],"replies":[{"embeddable":true,"href":"https:\/\/songhai.org\/en\/wp-json\/wp\/v2\/comments?post=135"}],"version-history":[{"count":3,"href":"https:\/\/songhai.org\/en\/wp-json\/wp\/v2\/pages\/135\/revisions"}],"predecessor-version":[{"id":8576,"href":"https:\/\/songhai.org\/en\/wp-json\/wp\/v2\/pages\/135\/revisions\/8576"}],"wp:attachment":[{"href":"https:\/\/songhai.org\/en\/wp-json\/wp\/v2\/media?parent=135"}],"curies":[{"name":"wp","href":"https:\/\/api.w.org\/{rel}","templated":true}]}}