{"id":139,"date":"2016-08-09T09:10:58","date_gmt":"2016-08-09T09:10:58","guid":{"rendered":"http:\/\/songhai.org\/newsite\/?page_id=139"},"modified":"2022-11-25T23:42:37","modified_gmt":"2022-11-25T22:42:37","slug":"nos-offres-de-formation-et-contenu","status":"publish","type":"page","link":"https:\/\/songhai.org\/en\/nos-offres-de-formation-et-contenu\/","title":{"rendered":"Nos offres de formation et contenu"},"content":{"rendered":"<div data-elementor-type=\"wp-page\" data-elementor-id=\"139\" class=\"elementor elementor-139\" data-elementor-post-type=\"page\">\n\t\t\t\t\t\t<section class=\"elementor-section elementor-top-section elementor-element elementor-element-b54c553 elementor-section-boxed elementor-section-height-default elementor-section-height-default\" data-id=\"b54c553\" data-element_type=\"section\">\n\t\t\t\t\t\t<div class=\"elementor-container elementor-column-gap-default\">\n\t\t\t\t\t<div class=\"elementor-column elementor-col-100 elementor-top-column elementor-element elementor-element-560a5e3e\" data-id=\"560a5e3e\" data-element_type=\"column\">\n\t\t\t<div class=\"elementor-widget-wrap elementor-element-populated\">\n\t\t\t\t\t\t<div class=\"elementor-element elementor-element-3d738f0d elementor-widget elementor-widget-heading\" data-id=\"3d738f0d\" data-element_type=\"widget\" data-widget_type=\"heading.default\">\n\t\t\t\t<div class=\"elementor-widget-container\">\n\t\t\t\t\t<h4 class=\"elementor-heading-title elementor-size-default\">Menu<\/h4>\t\t\t\t<\/div>\n\t\t\t\t<\/div>\n\t\t\t\t<div class=\"elementor-element elementor-element-fb27877 elementor-nav-menu--stretch elementor-nav-menu__text-align-center elementor-nav-menu--toggle elementor-nav-menu--burger elementor-widget elementor-widget-nav-menu\" data-id=\"fb27877\" data-element_type=\"widget\" data-settings=\"{&quot;layout&quot;:&quot;dropdown&quot;,&quot;full_width&quot;:&quot;stretch&quot;,&quot;toggle_icon_hover_animation&quot;:&quot;pulse&quot;,&quot;submenu_icon&quot;:{&quot;value&quot;:&quot;&lt;i class=\\&quot;fas fa-caret-down\\&quot;&gt;&lt;\\\/i&gt;&quot;,&quot;library&quot;:&quot;fa-solid&quot;},&quot;toggle&quot;:&quot;burger&quot;}\" data-widget_type=\"nav-menu.default\">\n\t\t\t\t<div class=\"elementor-widget-container\">\n\t\t\t\t\t\t\t<div class=\"elementor-menu-toggle\" role=\"button\" tabindex=\"0\" aria-label=\"Menu Toggle\" aria-expanded=\"false\" data-no-translation-aria-label=\"\">\n\t\t\t<i aria-hidden=\"true\" role=\"presentation\" class=\"elementor-menu-toggle__icon--open elementor-animation-pulse eicon-menu-bar\"><\/i><i aria-hidden=\"true\" role=\"presentation\" class=\"elementor-menu-toggle__icon--close elementor-animation-pulse eicon-close\"><\/i>\t\t<\/div>\n\t\t\t\t\t<nav class=\"elementor-nav-menu--dropdown elementor-nav-menu__container\" aria-hidden=\"true\">\n\t\t\t\t<ul id=\"menu-2-fb27877\" class=\"elementor-nav-menu\"><li class=\"menu-item menu-item-type-post_type menu-item-object-page menu-item-8562\"><a href=\"https:\/\/songhai.org\/en\/formation\/\" class=\"elementor-item\" tabindex=\"-1\">Pr\u00e9sentation de la Formation<\/a><\/li>\n<li class=\"menu-item menu-item-type-post_type menu-item-object-page menu-item-7832\"><a href=\"https:\/\/songhai.org\/en\/formation-a-songhai-vision-et-mission\/\" class=\"elementor-item\" tabindex=\"-1\">Formation: Vision et Mission<\/a><\/li>\n<li class=\"menu-item menu-item-type-post_type menu-item-object-page menu-item-7831\"><a href=\"https:\/\/songhai.org\/en\/a-qui-sadresse-la-formation-songhai\/\" class=\"elementor-item\" tabindex=\"-1\">A qui s\u2019adresse la formation<\/a><\/li>\n<li class=\"menu-item menu-item-type-post_type menu-item-object-page menu-item-7835\"><a href=\"https:\/\/songhai.org\/en\/pedagogie\/\" class=\"elementor-item\" tabindex=\"-1\">P\u00e9dagogie<\/a><\/li>\n<li class=\"menu-item menu-item-type-post_type menu-item-object-page menu-item-7833\"><a href=\"https:\/\/songhai.org\/en\/nos-offres-de-formation-et-contenu\/\" class=\"elementor-item\" tabindex=\"-1\">Contenu des offres<\/a><\/li>\n<li class=\"menu-item menu-item-type-post_type menu-item-object-page menu-item-9137\"><a href=\"https:\/\/songhai.org\/en\/tarifs-de-formation\/\" class=\"elementor-item\" tabindex=\"-1\">Tarifs de formation<\/a><\/li>\n<\/ul>\t\t\t<\/nav>\n\t\t\t\t\t\t<\/div>\n\t\t\t\t<\/div>\n\t\t\t\t\t<\/div>\n\t\t<\/div>\n\t\t\t\t\t<\/div>\n\t\t<\/section>\n\t\t\t\t<section class=\"elementor-section elementor-top-section elementor-element elementor-element-12c004bf elementor-section-boxed elementor-section-height-default elementor-section-height-default\" data-id=\"12c004bf\" data-element_type=\"section\">\n\t\t\t\t\t\t<div class=\"elementor-container elementor-column-gap-default\">\n\t\t\t\t\t<div class=\"elementor-column elementor-col-100 elementor-top-column elementor-element elementor-element-4e08bbe6\" data-id=\"4e08bbe6\" data-element_type=\"column\">\n\t\t\t<div class=\"elementor-widget-wrap elementor-element-populated\">\n\t\t\t\t\t\t<div class=\"elementor-element elementor-element-524b7c49 elementor-widget elementor-widget-text-editor\" data-id=\"524b7c49\" data-element_type=\"widget\" data-widget_type=\"text-editor.default\">\n\t\t\t\t<div class=\"elementor-widget-container\">\n\t\t\t\t\t\t\t\t\t<p style=\"text-align: justify;\">\u00a0<\/p><p style=\"text-align: center;\"><strong>CONTENU DE NOS OFFRES\u00a0 <\/strong><\/p><div style=\"text-align: justify;\"><ul><li><strong>Fili\u00e8re v\u00e9g\u00e9tale\u00a0:<\/strong><\/li><\/ul><\/div><p style=\"text-align: justify;\">&#8211; Comprendre et maitriser les techniques de production agricoles organiques<br \/>&#8211; Maitriser les diff\u00e9rentes techniques de fertilisation organique, la biologie du sol (compost, microorganismes de sol, Technologie EM, d\u00e9veloppement des structures du sol, engrais vert, BRF)<br \/>&#8211; \u00a0Gestion d&#8217;eau: Irrigation<br \/>&#8211; Apprendre l&#8217;ordre de r\u00e9alisation des activit\u00e9s pour la culture des diff\u00e9rentes m\u00e9thodes de labour et de semis (confection des planches et des p\u00e9pini\u00e8res, application du fumier, semis direct, repiquage \/ entretien, lutte contre les adventistes)<br \/>&#8211; Maitriser les techniques de paillage, rotation et le greffage<br \/>&#8211; Connaitre et maitriser les diff\u00e9rentes m\u00e9thodes de lutte biologique contre les pr\u00e9dateurs et les parasites adapt\u00e9es aux cultures tropicales<br \/>&#8211; Apprendre la m\u00e9canisation agricole \/ utilisation des machines agricoles<\/p><div style=\"text-align: justify;\"><ul><li><strong>Production animale\u00a0:<\/strong><\/li><\/ul><\/div><p style=\"text-align: justify;\">&#8211; Maitriser le cycle de production et de gestion de chaque esp\u00e8ce animale (de la production jusqu&#8217;\u00e0 la transformation)<br \/>&#8211; Reconnaitre et s\u00e9lectionner les diff\u00e9rentes races en tenant compte des objectifs de la production<br \/>&#8211; Maitriser le cycle de reproduction (reconnaitre chaque sexe, les conditions pour la reproduction, sexe, ratio, etc.)<br \/>&#8211; Maitriser l&#8217;alimentation de chaque esp\u00e8ce animale<br \/>&#8211; Connaitre comment identifier et pr\u00e9venir \/ traiter les diff\u00e9rentes maladies de chaque esp\u00e8ce (plan de prophylaxie) utilisation des EMs pour pr\u00e9venir les maladies<br \/>&#8211; Etre capable de g\u00e9rer un cheptel : d\u00e9finir les objectifs de la production, concevoir et d\u00e9finir un plan d&#8217;investissement, enregistrer les r\u00e9sultats, analyse et prise de d\u00e9cision<\/p><div style=\"text-align: justify;\"><ul><li><strong>Pisciculture\u00a0:<\/strong><\/li><\/ul><\/div><p style=\"text-align: justify;\">&#8211; Concevoir et g\u00e9rer la structure de production de poissons (\u00e9tang, lac, bassins)<br \/>&#8211; Maitriser les cycles de production de tilapia, carpes, poissons chats (de la production jusqu&#8217;\u00e0 la transformation)<br \/>&#8211; La qualit\u00e9 d&#8217;eau<br \/>&#8211; Connaitre les diff\u00e9rentes \u00e9tapes de croissance pour chaque esp\u00e8ce et sa reproduction<br \/>&#8211; Maitriser le cycle de reproduction (reconnaitre chaque sexe, les conditions pour la reproduction, ratio par sexe, etc.)<br \/>&#8211; Maitriser l&#8217;alimentation des poissons en utilisant les ressources locales (vers de terre, larves d&#8217;insectes, azolla)<br \/>&#8211; Maitriser la gestion technique et \u00e9conomique d&#8217;une unit\u00e9 de production de poissons : g\u00e9rer une unit\u00e9 piscicole de la production jusqu&#8217;\u00e0 la vente des poissons : d\u00e9finir les objectifs de production, enregistrer et analyser les r\u00e9sultats.<\/p><div style=\"text-align: justify;\"><ul><li><strong>Nutrition animale\u00a0:<\/strong><\/li><\/ul><\/div><p style=\"text-align: justify;\">&#8211; Formuler des provendes \u00e0 moindre co\u00fbt pour les poissons, les volailles et les autres animaux de la ferme<br \/>&#8211; Connaitre le besoin en nutriments de chaque esp\u00e8ce<br \/>&#8211; Comprendre le principe de la nutrition<br \/>&#8211; Connaitre les valeurs nutritionnelles des mati\u00e8res premi\u00e8res et les conditions d&#8217;usage<br \/>&#8211; Maitriser les m\u00e9thodes de formulation de provende et les modes d&#8217;utilisation<br \/>&#8211; Connaitre comment g\u00e9rer les stocks de mati\u00e8res premi\u00e8res (pour assurer une bonne conservation).<\/p><div style=\"text-align: justify;\"><ul><li><strong>Agro-industrie\u00a0:<\/strong><\/li><\/ul><\/div><p style=\"text-align: justify;\">&#8211; Connaitre les \u00e9quipements et leur maintenance<br \/>&#8211; Connaitre les mati\u00e8res premi\u00e8res (choix et r\u00f4les)<br \/>&#8211; Apprendre et maitriser le contr\u00f4le de qualit\u00e9 et le processus de production des diff\u00e9rents produits agroalimentaires (jus, sirop, confiture, lait de soja, yaourt, p\u00e2tisserie, charcuterie et s\u00e9chage de fruits et l\u00e9gumes)<br \/>&#8211; Apprendre et maitriser l&#8217;emballage et le stockage \/ conservation des produits finis<br \/>&#8211; Ma\u00eetriser la gestion technique et \u00e9conomique d&#8217;une unit\u00e9 de transformation agroalimentaire (de la production jusqu&#8217;\u00e0 la vente : compte d&#8217;exploitation, r\u00e9sultat, etc.)<\/p><div style=\"text-align: justify;\"><ul><li><strong>Transformation Artisanale\u00a0:<\/strong><\/li><\/ul><\/div><p style=\"text-align: justify;\">&#8211; Connaitre les \u00e9quipements et leur maintenance<br \/>&#8211; Connaitre les mati\u00e8res premi\u00e8res (choix et r\u00f4les)<br \/>&#8211; Apprendre et maitriser le contr\u00f4le de qualit\u00e9 et le processus de production des diff\u00e9rents produits (savons, huile de palme, gari \/ tapioca am\u00e9lior\u00e9, huile de soja, riz \u00e9tuv\u00e9s)<br \/>&#8211; Apprendre et maitriser l&#8217;emballage et le stockage \/ conservation des produits finis<br \/>&#8211; Ma\u00eetriser la gestion technique et \u00e9conomique d&#8217;une unit\u00e9 de transformation artisanale (de la production jusqu&#8217;\u00e0 la vente : compte d&#8217;exploitation, r\u00e9sultat, etc.)<\/p><div style=\"text-align: justify;\"><ul><li><strong>Energies renouvelables\u00a0:<\/strong><\/li><\/ul><\/div><p style=\"text-align: justify;\">&#8211; Maitriser la bio conversion des \u00e9nergies contenues dans les d\u00e9chets organiques (d&#8217;origine animale et v\u00e9g\u00e9tale) en \u00e9nergie combustible (biogaz) et en fertilisant organique (effluent)<br \/>&#8211; Utiliser le biogaz comme \u00e9nergie de cuisson, de combustion interne des engins, r\u00e9frig\u00e9ration, etc.<br \/>&#8211; Apprendre et maitriser l&#8217;installation, la production, l&#8217;utilisation et la gestion des diff\u00e9rentes \u00e9nergies (solaire, gaz\u00e9ifieur, biocarburant, etc.)<br \/>&#8211; Apprendre et maitriser les techniques de recyclage et de traitement des mati\u00e8res plastiques<br \/>&#8211; Apprendre et maitriser les techniques de gestion d&#8217;une unit\u00e9 d&#8217;\u00e9nergie renouvelable (de la mise en place jusqu&#8217;au rendement)<\/p><div style=\"text-align: justify;\"><ul><li><strong>NTIC\u00a0:<\/strong><\/li><\/ul><\/div><p style=\"text-align: justify;\">&#8211; Maintenance informatique &amp; Electronique<br \/>&#8211; Bureautique I (g\u00e9n\u00e9ralit\u00e9s sur l&#8217;informatique, dactylographie, Windows, Word, Excel)<br \/>&#8211; Bureautique II (g\u00e9n\u00e9ralit\u00e9s sur l&#8217;informatique, dactylographie, Windows, Word, Excel, PowerPoint, Publisher, Page Maker, Photoshop, Scannage, impression, Plastification, photocopie).<\/p><div style=\"text-align: justify;\"><ul><li><strong>Restaurant \/Accueil\u00a0:<\/strong><\/li><\/ul><\/div><p style=\"text-align: justify;\">&#8211; Cuisine (mets europ\u00e9ens &amp; africains)<br \/>&#8211; Bar \u2013 restaurant : service en salle<\/p><div style=\"text-align: justify;\"><ul><li><strong>M\u00e9canique G\u00e9n\u00e9rale\u00a0:<\/strong><\/li><\/ul><\/div><p style=\"text-align: justify;\">&#8211; Fabrication m\u00e9canique (tournage)<br \/>&#8211; Construction m\u00e9canique (soudure)<br \/>&#8211; Ferblanterie (galvanisation).<\/p>\t\t\t\t\t\t\t\t<\/div>\n\t\t\t\t<\/div>\n\t\t\t\t\t<\/div>\n\t\t<\/div>\n\t\t\t\t\t<\/div>\n\t\t<\/section>\n\t\t\t\t<section class=\"elementor-section elementor-inner-section elementor-element elementor-element-3eaabd82 elementor-section-full_width elementor-section-height-default elementor-section-height-default\" data-id=\"3eaabd82\" data-element_type=\"section\">\n\t\t\t\t\t\t<div class=\"elementor-container elementor-column-gap-wider\">\n\t\t\t\t\t<div class=\"elementor-column elementor-col-33 elementor-inner-column elementor-element elementor-element-2335195e\" data-id=\"2335195e\" data-element_type=\"column\">\n\t\t\t<div class=\"elementor-widget-wrap elementor-element-populated\">\n\t\t\t\t\t\t<div class=\"elementor-element elementor-element-7f2c3be1 line-top elementor-widget elementor-widget-tfimagebox\" data-id=\"7f2c3be1\" data-element_type=\"widget\" data-widget_type=\"tfimagebox.default\">\n\t\t\t\t<div class=\"elementor-widget-container\">\n\t\t\t\t\t<div class=\"tf-imagebox style-1\"> \r\n                <div class=\"image\"><img fetchpriority=\"high\" decoding=\"async\" width=\"1024\" height=\"687\" src=\"https:\/\/songhai.org\/wp-content\/uploads\/2017\/12\/e.jpg\" class=\"attachment-large size-large wp-image-3498\" alt=\"\" srcset=\"https:\/\/songhai.org\/wp-content\/uploads\/2017\/12\/e.jpg 1024w, https:\/\/songhai.org\/wp-content\/uploads\/2017\/12\/e-300x201.jpg 300w, https:\/\/songhai.org\/wp-content\/uploads\/2017\/12\/e-768x515.jpg 768w, https:\/\/songhai.org\/wp-content\/uploads\/2017\/12\/e-600x403.jpg 600w\" sizes=\"(max-width: 1024px) 100vw, 1024px\" \/> <div class=\"image-overlay fade-in\"><\/div><\/div>\r\n                <div class=\"content-only\"> \r\n                \t               \t              \r\n\t\t\t\t\t<h4 class=\"title\"><a href=\"https:\/\/songhai.org\/en\/entrepreneurs-agricoles\/\"  >Formation premier cycle<\/a><\/h4>\r\n\t\t\t\t<\/div>\r\n                <div class=\"content\">\t\r\n                \t                \r\n\t\t\t\t\t<h4 class=\"title\"><a href=\"https:\/\/songhai.org\/en\/entrepreneurs-agricoles\/\"  >Formation premier cycle<\/a><\/h4>\r\n\t                \r\n\t                <div class=\"tf-button-container\"><a class=\"tf-button bt_icon_after btn-overlay default-theme\" href=\"https:\/\/songhai.org\/en\/entrepreneurs-agricoles\/\"  >Read more ... <i class=\"fas fa-arrow-right\"><\/i><\/a><\/div>\r\n\t\t\t\t<\/div>\r\n            <\/div>\t\t\t\t<\/div>\n\t\t\t\t<\/div>\n\t\t\t\t\t<\/div>\n\t\t<\/div>\n\t\t\t\t<div class=\"elementor-column elementor-col-33 elementor-inner-column elementor-element elementor-element-53dcad8e\" data-id=\"53dcad8e\" data-element_type=\"column\">\n\t\t\t<div class=\"elementor-widget-wrap elementor-element-populated\">\n\t\t\t\t\t\t<div class=\"elementor-element elementor-element-486beac7 line-top elementor-widget elementor-widget-tfimagebox\" data-id=\"486beac7\" data-element_type=\"widget\" data-widget_type=\"tfimagebox.default\">\n\t\t\t\t<div class=\"elementor-widget-container\">\n\t\t\t\t\t<div class=\"tf-imagebox style-1\"> \r\n                <div class=\"image\"><img decoding=\"async\" width=\"1024\" height=\"687\" src=\"https:\/\/songhai.org\/wp-content\/uploads\/2017\/12\/IMG_8580-1024x687.jpg\" class=\"attachment-large size-large wp-image-2633\" alt=\"\" srcset=\"https:\/\/songhai.org\/wp-content\/uploads\/2017\/12\/IMG_8580-1024x687.jpg 1024w, https:\/\/songhai.org\/wp-content\/uploads\/2017\/12\/IMG_8580-300x201.jpg 300w, https:\/\/songhai.org\/wp-content\/uploads\/2017\/12\/IMG_8580-768x515.jpg 768w, https:\/\/songhai.org\/wp-content\/uploads\/2017\/12\/IMG_8580-1536x1031.jpg 1536w, https:\/\/songhai.org\/wp-content\/uploads\/2017\/12\/IMG_8580-600x403.jpg 600w, https:\/\/songhai.org\/wp-content\/uploads\/2017\/12\/IMG_8580.jpg 1621w\" sizes=\"(max-width: 1024px) 100vw, 1024px\" \/> <div class=\"image-overlay fade-in\"><\/div><\/div>\r\n                <div class=\"content-only\"> \r\n                \t               \t              \r\n\t\t\t\t\t<h4 class=\"title\"><a href=\"https:\/\/songhai.org\/en\/stagiaire-individuel\/\"  >Formation second cycle<\/a><\/h4>\r\n\t\t\t\t<\/div>\r\n                <div class=\"content\">\t\r\n                \t                \r\n\t\t\t\t\t<h4 class=\"title\"><a href=\"https:\/\/songhai.org\/en\/stagiaire-individuel\/\"  >Formation second cycle<\/a><\/h4>\r\n\t                \r\n\t                <div class=\"tf-button-container\"><a class=\"tf-button bt_icon_after btn-overlay default-theme\" href=\"https:\/\/songhai.org\/en\/stagiaire-individuel\/\"  >Read more ... <i class=\"fas fa-arrow-right\"><\/i><\/a><\/div>\r\n\t\t\t\t<\/div>\r\n            <\/div>\t\t\t\t<\/div>\n\t\t\t\t<\/div>\n\t\t\t\t\t<\/div>\n\t\t<\/div>\n\t\t\t\t<div class=\"elementor-column elementor-col-33 elementor-inner-column elementor-element elementor-element-2728a0f8\" data-id=\"2728a0f8\" data-element_type=\"column\">\n\t\t\t<div class=\"elementor-widget-wrap elementor-element-populated\">\n\t\t\t\t\t\t<div class=\"elementor-element elementor-element-ecf965b line-top elementor-widget elementor-widget-tfimagebox\" data-id=\"ecf965b\" data-element_type=\"widget\" data-widget_type=\"tfimagebox.default\">\n\t\t\t\t<div class=\"elementor-widget-container\">\n\t\t\t\t\t<div class=\"tf-imagebox style-1\"> \r\n                <div class=\"image\"><img decoding=\"async\" width=\"1024\" height=\"687\" src=\"https:\/\/songhai.org\/wp-content\/uploads\/2017\/12\/IMG_9078-1024x687.jpg\" class=\"attachment-large size-large wp-image-2635\" alt=\"\" srcset=\"https:\/\/songhai.org\/wp-content\/uploads\/2017\/12\/IMG_9078-1024x687.jpg 1024w, https:\/\/songhai.org\/wp-content\/uploads\/2017\/12\/IMG_9078-300x201.jpg 300w, https:\/\/songhai.org\/wp-content\/uploads\/2017\/12\/IMG_9078-768x515.jpg 768w, https:\/\/songhai.org\/wp-content\/uploads\/2017\/12\/IMG_9078-1536x1031.jpg 1536w, https:\/\/songhai.org\/wp-content\/uploads\/2017\/12\/IMG_9078-600x403.jpg 600w, https:\/\/songhai.org\/wp-content\/uploads\/2017\/12\/IMG_9078.jpg 1621w\" sizes=\"(max-width: 1024px) 100vw, 1024px\" \/> <div class=\"image-overlay fade-in\"><\/div><\/div>\r\n                <div class=\"content-only\"> \r\n                \t               \t              \r\n\t\t\t\t\t<h4 class=\"title\"><a href=\"https:\/\/songhai.org\/en\/stagiaire-groupe\/\"  >Formation court et moyen terme<\/a><\/h4>\r\n\t\t\t\t<\/div>\r\n                <div class=\"content\">\t\r\n                \t                \r\n\t\t\t\t\t<h4 class=\"title\"><a href=\"https:\/\/songhai.org\/en\/stagiaire-groupe\/\"  >Formation court et moyen terme<\/a><\/h4>\r\n\t                \r\n\t                <div class=\"tf-button-container\"><a class=\"tf-button bt_icon_after btn-overlay default-theme\" href=\"https:\/\/songhai.org\/en\/stagiaire-groupe\/\"  >Read more ... <i class=\"fas fa-arrow-right\"><\/i><\/a><\/div>\r\n\t\t\t\t<\/div>\r\n            <\/div>\t\t\t\t<\/div>\n\t\t\t\t<\/div>\n\t\t\t\t\t<\/div>\n\t\t<\/div>\n\t\t\t\t\t<\/div>\n\t\t<\/section>\n\t\t\t\t<\/div>","protected":false},"excerpt":{"rendered":"<p>Menu \u00a0 CONTENU DE NOS OFFRES\u00a0 Fili\u00e8re v\u00e9g\u00e9tale\u00a0: &#8211; Comprendre et maitriser les techniques de production agricoles organiques&#8211; Maitriser les diff\u00e9rentes techniques de fertilisation organique, la biologie du sol (compost, microorganismes de sol, Technologie EM, d\u00e9veloppement des structures du sol, engrais vert, BRF)&#8211; \u00a0Gestion d&#8217;eau: Irrigation&#8211; Apprendre [&hellip;]<\/p>","protected":false},"author":1,"featured_media":0,"parent":0,"menu_order":0,"comment_status":"closed","ping_status":"closed","template":"","meta":{"_monsterinsights_skip_tracking":false,"_monsterinsights_sitenote_active":false,"_monsterinsights_sitenote_note":"","_monsterinsights_sitenote_category":0,"footnotes":""},"class_list":["post-139","page","type-page","status-publish","hentry"],"_links":{"self":[{"href":"https:\/\/songhai.org\/en\/wp-json\/wp\/v2\/pages\/139","targetHints":{"allow":["GET"]}}],"collection":[{"href":"https:\/\/songhai.org\/en\/wp-json\/wp\/v2\/pages"}],"about":[{"href":"https:\/\/songhai.org\/en\/wp-json\/wp\/v2\/types\/page"}],"author":[{"embeddable":true,"href":"https:\/\/songhai.org\/en\/wp-json\/wp\/v2\/users\/1"}],"replies":[{"embeddable":true,"href":"https:\/\/songhai.org\/en\/wp-json\/wp\/v2\/comments?post=139"}],"version-history":[{"count":3,"href":"https:\/\/songhai.org\/en\/wp-json\/wp\/v2\/pages\/139\/revisions"}],"predecessor-version":[{"id":8596,"href":"https:\/\/songhai.org\/en\/wp-json\/wp\/v2\/pages\/139\/revisions\/8596"}],"wp:attachment":[{"href":"https:\/\/songhai.org\/en\/wp-json\/wp\/v2\/media?parent=139"}],"curies":[{"name":"wp","href":"https:\/\/api.w.org\/{rel}","templated":true}]}}