{"id":148,"date":"2016-08-09T09:26:25","date_gmt":"2016-08-09T09:26:25","guid":{"rendered":"http:\/\/songhai.org\/newsite\/?page_id=148"},"modified":"2016-08-09T09:26:25","modified_gmt":"2016-08-09T09:26:25","slug":"nous-contacter","status":"publish","type":"page","link":"https:\/\/songhai.org\/en\/nous-contacter\/","title":{"rendered":"Nous contacter"},"content":{"rendered":"<p>\t\t\t\t<strong>NOS CONTACTS\u00a0:<\/strong><\/p>\n<p>Pour tout renseignements compl\u00e9mentaires ou inscription, veuillez adresser votre requ\u00eate \u00e0 : <span id=\"cloak80317\"><a href=\"mailto:formation@songhai.org\">formation@songhai.org<\/a><\/span>\u00a0 ou <span id=\"cloak18084\"><a href=\"mailto:songhai@songhai.org\">songhai@songhai.org<\/a><\/span><\/p>\n<p>Tel\u00a0: (229)\u00a0 20 24 60 92 \u2013 20 24 68 81<\/p>\n<p>Fax\u00a0: (229) 20 24 72 50\t\t<\/p>","protected":false},"excerpt":{"rendered":"<p>NOS CONTACTS\u00a0: Pour tout renseignements compl\u00e9mentaires ou inscription, veuillez adresser votre requ\u00eate \u00e0 : formation@songhai.org\u00a0 ou songhai@songhai.org Tel\u00a0: (229)\u00a0 20 24 60 92 \u2013 20 24 68 81 Fax\u00a0: (229) 20 24 72 50<\/p>","protected":false},"author":1,"featured_media":0,"parent":0,"menu_order":0,"comment_status":"closed","ping_status":"closed","template":"","meta":{"_monsterinsights_skip_tracking":false,"_monsterinsights_sitenote_active":false,"_monsterinsights_sitenote_note":"","_monsterinsights_sitenote_category":0,"footnotes":""},"class_list":["post-148","page","type-page","status-publish","hentry"],"_links":{"self":[{"href":"https:\/\/songhai.org\/en\/wp-json\/wp\/v2\/pages\/148","targetHints":{"allow":["GET"]}}],"collection":[{"href":"https:\/\/songhai.org\/en\/wp-json\/wp\/v2\/pages"}],"about":[{"href":"https:\/\/songhai.org\/en\/wp-json\/wp\/v2\/types\/page"}],"author":[{"embeddable":true,"href":"https:\/\/songhai.org\/en\/wp-json\/wp\/v2\/users\/1"}],"replies":[{"embeddable":true,"href":"https:\/\/songhai.org\/en\/wp-json\/wp\/v2\/comments?post=148"}],"version-history":[{"count":0,"href":"https:\/\/songhai.org\/en\/wp-json\/wp\/v2\/pages\/148\/revisions"}],"wp:attachment":[{"href":"https:\/\/songhai.org\/en\/wp-json\/wp\/v2\/media?parent=148"}],"curies":[{"name":"wp","href":"https:\/\/api.w.org\/{rel}","templated":true}]}}