{"id":177,"date":"2016-09-08T13:52:08","date_gmt":"2016-09-08T13:52:08","guid":{"rendered":"http:\/\/songhai.org\/newsite\/?page_id=177"},"modified":"2016-09-08T13:52:08","modified_gmt":"2016-09-08T13:52:08","slug":"production","status":"publish","type":"page","link":"https:\/\/songhai.org\/en\/production\/","title":{"rendered":"Production_old"},"content":{"rendered":"<p>\t\t\t\t<img fetchpriority=\"high\" decoding=\"async\" class=\"aligncenter size-full wp-image-178\" src=\"https:\/\/songhai.org\/wp-content\/uploads\/2016\/09\/bio_production.jpg\" alt=\"bio_production\" width=\"1000\" height=\"400\" srcset=\"https:\/\/songhai.org\/wp-content\/uploads\/2016\/09\/bio_production.jpg 1000w, https:\/\/songhai.org\/wp-content\/uploads\/2016\/09\/bio_production-300x120.jpg 300w, https:\/\/songhai.org\/wp-content\/uploads\/2016\/09\/bio_production-768x307.jpg 768w, https:\/\/songhai.org\/wp-content\/uploads\/2016\/09\/bio_production-600x240.jpg 600w\" sizes=\"(max-width: 1000px) 100vw, 1000px\" \/><\/p>\n<p style=\"text-align: justify;\"><strong>La Production V\u00e9g\u00e9tale, la Production Animale et la Pisciculture<\/strong> sont les maillons cl\u00e9s de la production primaire \u00e0 Songha\u00ef. Toutes les <strong>activit\u00e9s que nous menons dans chacun de ces secteurs se dynamisent mutuellement.<\/strong> Apr\u00e8s r\u00e9colte et\/ou transformation des produits vivriers, mara\u00eechers et p\u00e9rennes issus de la production v\u00e9g\u00e9tale, les r\u00e9sidus (sous-produits) commun\u00e9ment appel\u00e9s d\u00e9chets sont r\u00e9investis dans la production. Comment\u00a0?<\/p>\n<p style=\"text-align: justify;\">Avec les sous-produits g\u00e9n\u00e9r\u00e9s par la production animale \u2013 liti\u00e8res et fientes ramass\u00e9es dans les \u00e9levages \u2013 ces r\u00e9sidus \u00e9chouent par exemple dans notre unit\u00e9 de compostage o\u00f9 ils deviennent des mati\u00e8res premi\u00e8res. Nous les transformons en compost que nous utilisons \u00e0 la place des engrais chimiques. Pour fertiliser et entretenir la vie des sols sur lesquels nous cultiverons, encore et encore, de nouveaux produits vivriers qui serviront aussi \u00e0 l\u2019alimentation et au traitement des diff\u00e9rentes esp\u00e8ces animales. A la production v\u00e9g\u00e9tale, l\u2019eau r\u00e9colt\u00e9e apr\u00e8s curage des bassins et \u00e9tangs o\u00f9 sont \u00e9lev\u00e9s les poissons sert \u00e0 arroser ou irriguer les cultures.<\/p>\n<p style=\"text-align: justify;\">Au-del\u00e0 de la production v\u00e9g\u00e9tale, animale et de la pisciculture, les r\u00e9sidus constituent \u00e9galement pour nous des mati\u00e8res premi\u00e8res tr\u00e8s pr\u00e9cieuses. En les valorisant autrement, nous produisons de l\u2019\u00e9nergie (Bio\u00e9nergie) facilement accessible \u00e0 tous \u2013 Biogaz domestique, gasifieur, etc. \u2013\u00a0 pour la cuisson, l\u2019\u00e9clairage et le chauffage. Et cela sans risque de\u00a0 polluer l\u2019environnement ou de d\u00e9truire les \u00e9co-syst\u00e8mes, \u00e0 co\u00fbts de milliards. Pour nous \u00e0 Songha\u00ef, l\u2019environnement et la nature, sont des partenaires privil\u00e9gi\u00e9s que nous traitons avec beaucoup de respect.<\/p>\n<p style=\"text-align: justify;\">Notre option pour la <strong>\u2018\u2019Production Bio\u2019\u2019<\/strong> et la <strong>\u2018\u2019Production totale z\u00e9ro d\u00e9chets\u2019\u2019<\/strong> se comprend alors ais\u00e9ment. C\u2019est ce que nous appelons <strong>\u2018\u2019agriculture int\u00e9gr\u00e9e et durable\u2019\u2019.<\/strong> Ainsi, les populations mangeront-elles sain, pour mieux vivre, et longtemps.<\/p>\n<p style=\"text-align: justify;\">A Songha\u00ef, nous faisons du secteur primaire le moteur de la croissance rurale et la base du d\u00e9veloppement des secteurs secondaire et tertiaire.<\/p>","protected":false},"excerpt":{"rendered":"<p>La Production V\u00e9g\u00e9tale, la Production Animale et la Pisciculture sont les maillons cl\u00e9s de la production primaire \u00e0 Songha\u00ef. Toutes les activit\u00e9s que nous menons dans chacun de ces secteurs se dynamisent mutuellement. Apr\u00e8s r\u00e9colte et\/ou transformation des produits vivriers, mara\u00eechers et p\u00e9rennes issus de la production [&hellip;]<\/p>","protected":false},"author":1,"featured_media":0,"parent":0,"menu_order":0,"comment_status":"closed","ping_status":"closed","template":"","meta":{"_monsterinsights_skip_tracking":false,"_monsterinsights_sitenote_active":false,"_monsterinsights_sitenote_note":"","_monsterinsights_sitenote_category":0,"footnotes":""},"class_list":["post-177","page","type-page","status-publish","hentry"],"_links":{"self":[{"href":"https:\/\/songhai.org\/en\/wp-json\/wp\/v2\/pages\/177","targetHints":{"allow":["GET"]}}],"collection":[{"href":"https:\/\/songhai.org\/en\/wp-json\/wp\/v2\/pages"}],"about":[{"href":"https:\/\/songhai.org\/en\/wp-json\/wp\/v2\/types\/page"}],"author":[{"embeddable":true,"href":"https:\/\/songhai.org\/en\/wp-json\/wp\/v2\/users\/1"}],"replies":[{"embeddable":true,"href":"https:\/\/songhai.org\/en\/wp-json\/wp\/v2\/comments?post=177"}],"version-history":[{"count":0,"href":"https:\/\/songhai.org\/en\/wp-json\/wp\/v2\/pages\/177\/revisions"}],"wp:attachment":[{"href":"https:\/\/songhai.org\/en\/wp-json\/wp\/v2\/media?parent=177"}],"curies":[{"name":"wp","href":"https:\/\/api.w.org\/{rel}","templated":true}]}}