{"id":180,"date":"2016-09-08T14:00:31","date_gmt":"2016-09-08T14:00:31","guid":{"rendered":"http:\/\/songhai.org\/newsite\/?page_id=180"},"modified":"2022-11-24T20:25:50","modified_gmt":"2022-11-24T19:25:50","slug":"energies-renouvelables","status":"publish","type":"page","link":"https:\/\/songhai.org\/en\/energies-renouvelables\/","title":{"rendered":"Energies Renouvelables"},"content":{"rendered":"<div data-elementor-type=\"wp-page\" data-elementor-id=\"180\" class=\"elementor elementor-180\" data-elementor-post-type=\"page\">\n\t\t\t\t\t\t<section class=\"elementor-section elementor-top-section elementor-element elementor-element-7d5bba46 elementor-section-boxed elementor-section-height-default elementor-section-height-default\" data-id=\"7d5bba46\" data-element_type=\"section\">\n\t\t\t\t\t\t<div class=\"elementor-container elementor-column-gap-default\">\n\t\t\t\t\t<div class=\"elementor-column elementor-col-100 elementor-top-column elementor-element elementor-element-1dde2324\" data-id=\"1dde2324\" data-element_type=\"column\">\n\t\t\t<div class=\"elementor-widget-wrap elementor-element-populated\">\n\t\t\t\t\t\t<div class=\"elementor-element elementor-element-5362e284 elementor-widget elementor-widget-text-editor\" data-id=\"5362e284\" data-element_type=\"widget\" data-widget_type=\"text-editor.default\">\n\t\t\t\t<div class=\"elementor-widget-container\">\n\t\t\t\t\t\t\t\t\t<p><img fetchpriority=\"high\" decoding=\"async\" class=\"aligncenter size-full wp-image-181\" src=\"https:\/\/songhai.org\/wp-content\/uploads\/2016\/09\/bio_energie.jpg\" alt=\"bio_energie\" width=\"1000\" height=\"400\" srcset=\"https:\/\/songhai.org\/wp-content\/uploads\/2016\/09\/bio_energie.jpg 1000w, https:\/\/songhai.org\/wp-content\/uploads\/2016\/09\/bio_energie-300x120.jpg 300w, https:\/\/songhai.org\/wp-content\/uploads\/2016\/09\/bio_energie-768x307.jpg 768w, https:\/\/songhai.org\/wp-content\/uploads\/2016\/09\/bio_energie-600x240.jpg 600w\" sizes=\"(max-width: 1000px) 100vw, 1000px\" \/><\/p><p style=\"text-align: justify;\">Le mariage sous-produits v\u00e9g\u00e9taux et animaux, tout comme la valorisation du riche capital environnemental de l\u2019Afrique produit un r\u00e9sultat extraordinaire\u00a0: l\u2019Energie biologique\u00a0; la seule capable de conduire toutes nos zones rurales vers un d\u00e9veloppement large et inclusif. Nous avons appr\u00e9hend\u00e9 cette r\u00e9alit\u00e9 d\u00e8s le d\u00e9but de la cr\u00e9ation du Centre Songha\u00ef. Ainsi, avons-nous pris bien des initiatives qui laissent admiratifs tous nos visiteurs.<\/p><p style=\"text-align: justify;\">A partir des d\u00e9jections animales \u2013 fientes \u2013 et des r\u00e9sidus v\u00e9g\u00e9taux, nous produisons du Biogaz domestique que nous utilisons entre autres pour pr\u00e9parer les repas au niveau de la cuisine de nos apprenants. Ce qui nous fait non seulement de l\u2019\u00e9conomie mais aussi contribue pour beaucoup dans nos actions de lutte contre la d\u00e9forestation. Les bois de chauffe et le charbon provenant de l\u2019abattage des arbres et autres esp\u00e8ces v\u00e9g\u00e9tales jouent \u00a0un r\u00f4le important au niveau climatique. Aujourd\u2019hui, avec notre ma\u00eetrise confirm\u00e9e dans le domaine du biogaz, notre exp\u00e9rience est sollicit\u00e9e, aussi bien par des organismes que par des particuliers, pour l\u2019installation d\u2019unit\u00e9s de biogaz domestique dans les milieux ruraux et les m\u00e9nages.<\/p><p style=\"text-align: justify;\">Mais nous ne limitons pas seulement nos actions \u00e0 la production du biogaz. Nous nous investissons aussi dans d\u2019autres formes d\u2019\u00e9nergies renouvelables. C\u2019est l\u2019exemple du Gaz\u00e9ifieur qui nous permet d\u2019obtenir \u00e0 la fois du gaz, de l\u2019\u00e9nergie et de la chaleur, \u00e0 partir de la biomasse \u2013 ram\u00e9aux r\u00e9cup\u00e9r\u00e9s apr\u00e8s \u00e9lagage des arbres, coques de riz, tourteaux palmistes, etc. L\u2019\u00e9nergie photovolta\u00efque \u2013 solaire \u2013 fait \u00e9galement partie de nos priorit\u00e9s et sur nos espaces de production, on peut ais\u00e9ment observer un peu partout des panneaux solaires. Gr\u00e2ce \u00e0 l\u2019\u00e9nergie que nous obtenons de cette source, nous pompons l\u2019eau pour irriguer nos cultures dans notre jardin et \u00e9clairer les poulaillers de nos pondeuses de m\u00eame que plusieurs art\u00e8res dans notre ferme. Si dans le domaine de l\u2019\u00e9olien nous ne sommes pas encore trop avanc\u00e9s, dans celui du Biocarburant par contre, nous avons bien des motifs de satisfaction. A partir des graines de jatropha que nous cultivons, nous produisons du carburant pour l\u2019alimentation de petits moteurs fix\u00e9s sur certaines de nos machines agricoles.<\/p><p style=\"text-align: justify;\">Nos ambitions dans le secteur de l\u2019\u00e9nergie sont grandes. Bient\u00f4t, notre projet \u2018\u2019Songha\u00ef Energy\u2019\u2019 rentrera dans sa phase active. Et nous ne produirons plus de l\u2019\u00e9nergie seulement pour nous, mais pour les communaut\u00e9s \u2013 rurales notamment \u2013 pour d\u00e9centraliser cette ressource. Alors, r\u00e9duirions-nous la croissance de l\u2019exode rural et l\u2019aggravation de la \u2018\u2019bidonvilisation\u2019\u2019 et impacterons-nous davantage le d\u00e9veloppement. A la volont\u00e9, rien n\u2019est impossible.<\/p>\t\t\t\t\t\t\t\t<\/div>\n\t\t\t\t<\/div>\n\t\t\t\t\t<\/div>\n\t\t<\/div>\n\t\t\t\t\t<\/div>\n\t\t<\/section>\n\t\t\t\t<\/div>","protected":false},"excerpt":{"rendered":"<p>Le mariage sous-produits v\u00e9g\u00e9taux et animaux, tout comme la valorisation du riche capital environnemental de l\u2019Afrique produit un r\u00e9sultat extraordinaire\u00a0: l\u2019Energie biologique\u00a0; la seule capable de conduire toutes nos zones rurales vers un d\u00e9veloppement large et inclusif. Nous avons appr\u00e9hend\u00e9 cette r\u00e9alit\u00e9 d\u00e8s le d\u00e9but de la [&hellip;]<\/p>","protected":false},"author":1,"featured_media":0,"parent":0,"menu_order":0,"comment_status":"closed","ping_status":"closed","template":"","meta":{"_monsterinsights_skip_tracking":false,"_monsterinsights_sitenote_active":false,"_monsterinsights_sitenote_note":"","_monsterinsights_sitenote_category":0,"footnotes":""},"class_list":["post-180","page","type-page","status-publish","hentry"],"_links":{"self":[{"href":"https:\/\/songhai.org\/en\/wp-json\/wp\/v2\/pages\/180","targetHints":{"allow":["GET"]}}],"collection":[{"href":"https:\/\/songhai.org\/en\/wp-json\/wp\/v2\/pages"}],"about":[{"href":"https:\/\/songhai.org\/en\/wp-json\/wp\/v2\/types\/page"}],"author":[{"embeddable":true,"href":"https:\/\/songhai.org\/en\/wp-json\/wp\/v2\/users\/1"}],"replies":[{"embeddable":true,"href":"https:\/\/songhai.org\/en\/wp-json\/wp\/v2\/comments?post=180"}],"version-history":[{"count":3,"href":"https:\/\/songhai.org\/en\/wp-json\/wp\/v2\/pages\/180\/revisions"}],"predecessor-version":[{"id":8539,"href":"https:\/\/songhai.org\/en\/wp-json\/wp\/v2\/pages\/180\/revisions\/8539"}],"wp:attachment":[{"href":"https:\/\/songhai.org\/en\/wp-json\/wp\/v2\/media?parent=180"}],"curies":[{"name":"wp","href":"https:\/\/api.w.org\/{rel}","templated":true}]}}