{"id":186,"date":"2016-09-08T14:07:04","date_gmt":"2016-09-08T14:07:04","guid":{"rendered":"http:\/\/songhai.org\/newsite\/?page_id=186"},"modified":"2016-09-08T14:07:04","modified_gmt":"2016-09-08T14:07:04","slug":"eco-tourisme","status":"publish","type":"page","link":"https:\/\/songhai.org\/en\/eco-tourisme\/","title":{"rendered":"Eco-Tourisme"},"content":{"rendered":"<p>\t\t\t\t[vc_row full_width=&#8221;stretch_row_content_no_spaces&#8221;][vc_column][rev_slider_vc alias=&#8221;hotelerie&#8221;][\/vc_column][\/vc_row][vc_row][vc_column width=&#8221;1\/6&#8243;][\/vc_column][vc_column width=&#8221;1\/6&#8243;][button link=&#8221;http:\/\/songhai.org\/newsite\/visites\/&#8221; size=&#8221;large&#8221; style_button=&#8221;btn-normal&#8221;]Visites[\/button][\/vc_column][vc_column width=&#8221;1\/4&#8243;][button link=&#8221;http:\/\/songhai.org\/newsite\/services-hotel\/&#8221; size=&#8221;large&#8221; style_button=&#8221;btn-normal&#8221;]Services H\u00f4tel[\/button][\/vc_column][vc_column width=&#8221;1\/6&#8243;][button link=&#8221;http:\/\/songhai.org\/newsite\/restaurant\/&#8221; size=&#8221;large&#8221; style_button=&#8221;btn-normal&#8221;]Restaurant[\/button][\/vc_column][vc_column width=&#8221;1\/3&#8243;][\/vc_column][vc_column width=&#8221;5\/12&#8243;][\/vc_column][\/vc_row][vc_row][vc_column][vc_column_text]<\/p>\n<h3 style=\"text-align: center;\"><\/h3>\n<h3 style=\"text-align: center;\">G\u00e9n\u00e9ralit\u00e9s<\/h3>\n<p style=\"text-align: justify;\">Ce qui \u00e9merveille tout de suite lorsque vous visitez les Centres Songha\u00ef, notamment le Centre r\u00e9gional bas\u00e9 \u00e0 Porto-Novo, c\u2019est la mani\u00e8re dont les diff\u00e9rentes unit\u00e9s de production sont li\u00e9es entre elles\u00a0; en d\u2019autres termes, c\u2019est le syst\u00e8me int\u00e9gr\u00e9.\u00a0Au Centre Songha\u00ef, \u00ab\u2026 rien ne se perd, tout se transforme\u00a0\u00bb. En fin de visite, un peu \u00e9puis\u00e9 ou pas, vous pouvez vous revigorer au Bar-restau et repartir ensuite avec des souvenirs du centre\u00a0: \u00e9trennes, gadgets, Tee-shirt \u2026 Le centre dispose \u00e9galement d\u2019un complexe d\u2019h\u00e9bergements pour vos s\u00e9jours. Enfin, au poste de vente, faites vos achats\u00a0! Tous les produits du label Songha\u00ef y sont disponibles.<\/p>\n<p>[\/vc_column_text][\/vc_column][\/vc_row][vc_row][vc_column width=&#8221;1\/2&#8243;][ultimate_info_table design_style=&#8221;design04&#8243; color_scheme=&#8221;green&#8221; package_heading=&#8221;Suite VIP&#8221; use_cta_btn=&#8221;true&#8221; package_btn_text=&#8221;Voir les d\u00e9tails&#8221; package_link=&#8221;url:http%3A%2F%2Fsonghai.org%2Fnewsite%2Fsuite-vip%2F||&#8221;]<\/p>\n<ul>\n<li><img fetchpriority=\"high\" decoding=\"async\" class=\"aligncenter size-large wp-image-2274\" src=\"https:\/\/songhai.org\/wp-content\/uploads\/2016\/09\/image-vip-sans-logo-copie-1024x615.jpg\" alt=\"image-vip-sans-logo-copie\" width=\"980\" height=\"589\" srcset=\"https:\/\/songhai.org\/wp-content\/uploads\/2016\/09\/image-vip-sans-logo-copie-1024x615.jpg 1024w, https:\/\/songhai.org\/wp-content\/uploads\/2016\/09\/image-vip-sans-logo-copie-300x180.jpg 300w, https:\/\/songhai.org\/wp-content\/uploads\/2016\/09\/image-vip-sans-logo-copie-768x461.jpg 768w, https:\/\/songhai.org\/wp-content\/uploads\/2016\/09\/image-vip-sans-logo-copie-1536x922.jpg 1536w, https:\/\/songhai.org\/wp-content\/uploads\/2016\/09\/image-vip-sans-logo-copie-600x360.jpg 600w, https:\/\/songhai.org\/wp-content\/uploads\/2016\/09\/image-vip-sans-logo-copie.jpg 2048w\" sizes=\"(max-width: 980px) 100vw, 980px\" \/><strong>Lit:<\/strong> 03 places et des lits suppl\u00e9mentaires<\/li>\n<li><strong>Climatisation:<\/strong> oui<\/li>\n<li><strong>WIFI:<\/strong> oui<\/li>\n<li><strong>T\u00e9l\u00e9 satellite:<\/strong> oui<\/li>\n<\/ul>\n<p><strong><em>A partir de 50.000 FCFA<\/em><\/strong>[\/ultimate_info_table][ultimate_info_table design_style=&#8221;design04&#8243; color_scheme=&#8221;blue&#8221; package_heading=&#8221;Chambre Ahwefa&#8221; use_cta_btn=&#8221;true&#8221; package_btn_text=&#8221;Voir les d\u00e9tails&#8221; package_link=&#8221;url:http%3A%2F%2Fsonghai.org%2Fnewsite%2Fchambre-ahwefa%2F||&#8221;]<\/p>\n<ul>\n<li><img decoding=\"async\" class=\"aligncenter size-large wp-image-2276\" src=\"https:\/\/songhai.org\/wp-content\/uploads\/2016\/09\/photo-hotel-seule-ahouefa-1024x615.jpg\" alt=\"photo-hotel-seule-ahouefa\" width=\"980\" height=\"589\" srcset=\"https:\/\/songhai.org\/wp-content\/uploads\/2016\/09\/photo-hotel-seule-ahouefa-1024x615.jpg 1024w, https:\/\/songhai.org\/wp-content\/uploads\/2016\/09\/photo-hotel-seule-ahouefa-300x180.jpg 300w, https:\/\/songhai.org\/wp-content\/uploads\/2016\/09\/photo-hotel-seule-ahouefa-768x461.jpg 768w, https:\/\/songhai.org\/wp-content\/uploads\/2016\/09\/photo-hotel-seule-ahouefa-1536x922.jpg 1536w, https:\/\/songhai.org\/wp-content\/uploads\/2016\/09\/photo-hotel-seule-ahouefa-600x360.jpg 600w, https:\/\/songhai.org\/wp-content\/uploads\/2016\/09\/photo-hotel-seule-ahouefa.jpg 2048w\" sizes=\"(max-width: 980px) 100vw, 980px\" \/><strong>Lit:<\/strong> 02 places et 01 lit suppl\u00e9mentaires<\/li>\n<li><strong>Climatisation:<\/strong> oui<\/li>\n<li><strong>WIFI:<\/strong> oui<\/li>\n<li><strong>T\u00e9l\u00e9 satellite:<\/strong> oui<\/li>\n<\/ul>\n<p><strong><em>A partir de 16.000 FCFA<\/em><\/strong>[\/ultimate_info_table][\/vc_column][vc_column width=&#8221;1\/2&#8243;][ultimate_info_table design_style=&#8221;design04&#8243; color_scheme=&#8221;red&#8221; package_heading=&#8221;Le Bungalow&#8221; use_cta_btn=&#8221;true&#8221; package_btn_text=&#8221;Voir les d\u00e9tails&#8221; package_link=&#8221;url:http%3A%2F%2Fsonghai.org%2Fnewsite%2Fle-bungalow%2F||&#8221;]<\/p>\n<ul>\n<li><img decoding=\"async\" class=\"aligncenter size-large wp-image-2275\" src=\"https:\/\/songhai.org\/wp-content\/uploads\/2016\/09\/bungalow-temp-1-1024x615.jpg\" alt=\"bungalow-temp\" width=\"980\" height=\"589\" \/><strong>Lit:<\/strong> 02 places et des lits suppl\u00e9mentaires<\/li>\n<li><strong>Climatisation:<\/strong> oui<\/li>\n<li><strong>WIFI:<\/strong> oui<\/li>\n<li><strong>T\u00e9l\u00e9 satellite:<\/strong> oui<\/li>\n<\/ul>\n<p><em><strong>A partir de 30.000 FCFA<\/strong><\/em>[\/ultimate_info_table][ultimate_info_table design_style=&#8221;design04&#8243; color_scheme=&#8221;yellow&#8221; package_heading=&#8221;Chambre Ou\u00e9m\u00e9&#8221; use_cta_btn=&#8221;true&#8221; package_btn_text=&#8221;Voir les d\u00e9tails&#8221; package_link=&#8221;url:http%3A%2F%2Fsonghai.org%2Fnewsite%2Fchambre-oueme%2F||&#8221;]<\/p>\n<ul>\n<li><img loading=\"lazy\" decoding=\"async\" class=\"aligncenter size-large wp-image-2277\" src=\"https:\/\/songhai.org\/wp-content\/uploads\/2016\/09\/Images-hotel-OUEME-1024x615.jpg\" alt=\"images-hotel-oueme\" width=\"980\" height=\"589\" srcset=\"https:\/\/songhai.org\/wp-content\/uploads\/2016\/09\/Images-hotel-OUEME-1024x615.jpg 1024w, https:\/\/songhai.org\/wp-content\/uploads\/2016\/09\/Images-hotel-OUEME-300x180.jpg 300w, https:\/\/songhai.org\/wp-content\/uploads\/2016\/09\/Images-hotel-OUEME-768x461.jpg 768w, https:\/\/songhai.org\/wp-content\/uploads\/2016\/09\/Images-hotel-OUEME-1536x922.jpg 1536w, https:\/\/songhai.org\/wp-content\/uploads\/2016\/09\/Images-hotel-OUEME-600x360.jpg 600w, https:\/\/songhai.org\/wp-content\/uploads\/2016\/09\/Images-hotel-OUEME.jpg 2048w\" sizes=\"(max-width: 980px) 100vw, 980px\" \/><strong>Lit:<\/strong> 02 places ou 02 lits d&#8217;une place<\/li>\n<li><strong>Climatisation:<\/strong> oui<\/li>\n<li><strong>T\u00e9l\u00e9 satellite:<\/strong> oui<\/li>\n<li><strong>WIFI:<\/strong> oui<\/li>\n<\/ul>\n<p><strong><em>A partir de 13.000 FCFA<\/em><\/strong>[\/ultimate_info_table][\/vc_column][\/vc_row]\t\t<\/p>","protected":false},"excerpt":{"rendered":"<p>[vc_row full_width=&#8221;stretch_row_content_no_spaces&#8221;][vc_column][rev_slider_vc alias=&#8221;hotelerie&#8221;][\/vc_column][\/vc_row][vc_row][vc_column width=&#8221;1\/6&#8243;][\/vc_column][vc_column width=&#8221;1\/6&#8243;][button link=&#8221;http:\/\/songhai.org\/newsite\/visites\/&#8221; size=&#8221;large&#8221; style_button=&#8221;btn-normal&#8221;]Visites[\/button][\/vc_column][vc_column width=&#8221;1\/4&#8243;][button link=&#8221;http:\/\/songhai.org\/newsite\/services-hotel\/&#8221; size=&#8221;large&#8221; style_button=&#8221;btn-normal&#8221;]Services H\u00f4tel[\/button][\/vc_column][vc_column width=&#8221;1\/6&#8243;][button link=&#8221;http:\/\/songhai.org\/newsite\/restaurant\/&#8221; size=&#8221;large&#8221; style_button=&#8221;btn-normal&#8221;]Restaurant[\/button][\/vc_column][vc_column width=&#8221;1\/3&#8243;][\/vc_column][vc_column width=&#8221;5\/12&#8243;][\/vc_column][\/vc_row][vc_row][vc_column][vc_column_text] G\u00e9n\u00e9ralit\u00e9s Ce qui \u00e9merveille tout de suite lorsque vous visitez les Centres Songha\u00ef, notamment le Centre r\u00e9gional bas\u00e9 \u00e0 Porto-Novo, c\u2019est la mani\u00e8re dont les diff\u00e9rentes unit\u00e9s de [&hellip;]<\/p>","protected":false},"author":1,"featured_media":0,"parent":0,"menu_order":0,"comment_status":"closed","ping_status":"closed","template":"","meta":{"_monsterinsights_skip_tracking":false,"_monsterinsights_sitenote_active":false,"_monsterinsights_sitenote_note":"","_monsterinsights_sitenote_category":0,"footnotes":""},"class_list":["post-186","page","type-page","status-publish","hentry"],"_links":{"self":[{"href":"https:\/\/songhai.org\/en\/wp-json\/wp\/v2\/pages\/186","targetHints":{"allow":["GET"]}}],"collection":[{"href":"https:\/\/songhai.org\/en\/wp-json\/wp\/v2\/pages"}],"about":[{"href":"https:\/\/songhai.org\/en\/wp-json\/wp\/v2\/types\/page"}],"author":[{"embeddable":true,"href":"https:\/\/songhai.org\/en\/wp-json\/wp\/v2\/users\/1"}],"replies":[{"embeddable":true,"href":"https:\/\/songhai.org\/en\/wp-json\/wp\/v2\/comments?post=186"}],"version-history":[{"count":0,"href":"https:\/\/songhai.org\/en\/wp-json\/wp\/v2\/pages\/186\/revisions"}],"wp:attachment":[{"href":"https:\/\/songhai.org\/en\/wp-json\/wp\/v2\/media?parent=186"}],"curies":[{"name":"wp","href":"https:\/\/api.w.org\/{rel}","templated":true}]}}