{"id":189,"date":"2016-09-08T14:14:09","date_gmt":"2016-09-08T14:14:09","guid":{"rendered":"http:\/\/songhai.org\/newsite\/?page_id=189"},"modified":"2016-09-08T14:14:09","modified_gmt":"2016-09-08T14:14:09","slug":"songhai-leadership-academy","status":"publish","type":"page","link":"https:\/\/songhai.org\/en\/songhai-leadership-academy\/","title":{"rendered":"Songha\u00ef Leadership Academy"},"content":{"rendered":"<p>\t\t\t\t[vc_row][vc_column][vc_gallery type=&#8221;nivo&#8221; interval=&#8221;5&#8243; images=&#8221;3541,3542,3543,3544,3545&#8243; img_size=&#8221;full&#8221;][vc_column_text]<\/p>\n<p style=\"text-align: justify;\">On a beau avoir un Bac+10, mais il n\u2019est pas facile d\u2019acqu\u00e9rir les comp\u00e9tences requises pour g\u00e9rer un plan de d\u00e9veloppement rural bas\u00e9 sur le mod\u00e8le Songha\u00ef. Les dipl\u00f4m\u00e9s dans les institutions classiques ne sont pas pr\u00e9par\u00e9s pour les t\u00e2ches sp\u00e9cifiques \u00e0 ce mod\u00e8le. Les \u00ab\u00a0experts\u00a0\u00bb doivent apprendre \u00e0 mettre en relation leurs comp\u00e9tences et exp\u00e9riences en tant que partie interd\u00e9pendante d\u2019un programme de d\u00e9veloppement rural int\u00e9gr\u00e9. Cela requiert une formation de longue dur\u00e9e dans des disciplines telles que les math\u00e9matiques, les statistiques, l\u2019agriculture (toutes branches confondues), l\u2019\u00e9conomie, l&#8217;environnement, la sociologie, l\u2019administration, l&#8217;am\u00e9nagement du territoire etc.<br \/>\n<img decoding=\"async\" class=\"alignright\" src=\"http:\/\/songhai.org\/images\/Songhai_Leadership_Ac.jpg\" alt=\"\" \/><\/p>\n<p style=\"text-align: justify;\">La mise en \u0153uvre de l\u2019initiative Songha\u00ef, n\u00e9cessite des professionnels ayant re\u00e7u une formation au-del\u00e0 de leur domaine sp\u00e9cifique (domaine de comp\u00e9tence). C\u2019est-\u00e0-dire\u00a0<strong>le Savoir, le Savoir faire, le Savoir-\u00eatre<\/strong>\u00a0pour \u00eatre capables de g\u00e9rer un centre Songha\u00ef. Le besoin de formation de leaders devient alors la clef de la consolidation du mod\u00e8le Songha\u00ef et de son expansion au service du d\u00e9veloppement int\u00e9gr\u00e9 durable et des villes rurales vertes.\u00a0La n\u00e9cessit\u00e9 d\u2019avoir une approche globale rend difficile ce type de formation dans le cadre universitaire.<\/p>\n<p style=\"text-align: justify;\">Le Centre assure le coaching, back-stopping et la formation continue, dans toutes les initiatives Songha\u00ef. Avec l\u2019appui de certains partenaires internationaux, une initiative ambitieuse de montage de ressources humaines :\u00a0<strong>Songha\u00ef Leadership Academy (SLA)<\/strong>, a \u00e9t\u00e9 mise en place, visant \u00e0 cr\u00e9er une masse critique de cadres ayant le profil requis.\u00a0<strong>Songha\u00ef Leadership Academy<\/strong>\u00a0est donc un creuset pour la formation de leaders pouvant animer le mouvement Songha\u00ef, capable de soutenir le d\u00e9veloppement de Songha\u00ef dans le monde.<\/p>\n<p style=\"text-align: justify;\">Le c\u0153ur du projet est la formation, sur six mois, de six promotions de trente candidats \u00e0 la posture de leaders en d\u00e9veloppement selon le mod\u00e8le Songha\u00ef. Ces personnes, \u00e0 l\u2019issue de la formation seront capables de monter et de g\u00e9rer efficacement des initiatives Songha\u00ef, de vulgariser et de promouvoir le mod\u00e8le Songha\u00ef en Afrique et \u00e0 travers le monde, enfin de valoriser l\u2019environnement pour le d\u00e9veloppement des Villes Rurales Vertes.<\/p>\n<p style=\"text-align: justify;\"><strong>Songha\u00ef Leadership Academy<\/strong>\u00a0favorisera l\u2019\u00e9mergence d\u2019un vivier de leaders-entrepreneurs dans la sous r\u00e9gion. C\u2019est un nouveau type de dirigeants pouvant conduire la sous-r\u00e9gion dans la troisi\u00e8me r\u00e9volution industrielle d\u00e9j\u00e0 amorc\u00e9e dans le monde.<\/p>\n<p style=\"text-align: justify;\"><strong>Vous \u00eates int\u00e9ress\u00e9s, remplissez le formulaire ci-dessous au plus tard le 15 Septembre 2016<\/strong><\/p>\n<p style=\"text-align: justify;\">A remplir:\u00a0<a href=\"https:\/\/goo.gl\/forms\/afwKqvDRuDqGnv8l1\">Formulaire_SLA<\/a><\/p>\n<p>[\/vc_column_text][\/vc_column][\/vc_row][vc_row][vc_column][\/vc_column][\/vc_row]\t\t<\/p>","protected":false},"excerpt":{"rendered":"<p>[vc_row][vc_column][vc_gallery type=&#8221;nivo&#8221; interval=&#8221;5&#8243; images=&#8221;3541,3542,3543,3544,3545&#8243; img_size=&#8221;full&#8221;][vc_column_text] On a beau avoir un Bac+10, mais il n\u2019est pas facile d\u2019acqu\u00e9rir les comp\u00e9tences requises pour g\u00e9rer un plan de d\u00e9veloppement rural bas\u00e9 sur le mod\u00e8le Songha\u00ef. Les dipl\u00f4m\u00e9s dans les institutions classiques ne sont pas pr\u00e9par\u00e9s pour les t\u00e2ches sp\u00e9cifiques \u00e0 [&hellip;]<\/p>","protected":false},"author":1,"featured_media":0,"parent":0,"menu_order":0,"comment_status":"closed","ping_status":"closed","template":"","meta":{"_monsterinsights_skip_tracking":false,"_monsterinsights_sitenote_active":false,"_monsterinsights_sitenote_note":"","_monsterinsights_sitenote_category":0,"footnotes":""},"class_list":["post-189","page","type-page","status-publish","hentry"],"_links":{"self":[{"href":"https:\/\/songhai.org\/en\/wp-json\/wp\/v2\/pages\/189","targetHints":{"allow":["GET"]}}],"collection":[{"href":"https:\/\/songhai.org\/en\/wp-json\/wp\/v2\/pages"}],"about":[{"href":"https:\/\/songhai.org\/en\/wp-json\/wp\/v2\/types\/page"}],"author":[{"embeddable":true,"href":"https:\/\/songhai.org\/en\/wp-json\/wp\/v2\/users\/1"}],"replies":[{"embeddable":true,"href":"https:\/\/songhai.org\/en\/wp-json\/wp\/v2\/comments?post=189"}],"version-history":[{"count":0,"href":"https:\/\/songhai.org\/en\/wp-json\/wp\/v2\/pages\/189\/revisions"}],"wp:attachment":[{"href":"https:\/\/songhai.org\/en\/wp-json\/wp\/v2\/media?parent=189"}],"curies":[{"name":"wp","href":"https:\/\/api.w.org\/{rel}","templated":true}]}}