{"id":192,"date":"2016-09-08T14:18:48","date_gmt":"2016-09-08T14:18:48","guid":{"rendered":"http:\/\/songhai.org\/newsite\/?page_id=192"},"modified":"2022-11-25T17:35:22","modified_gmt":"2022-11-25T16:35:22","slug":"reseau-danciens","status":"publish","type":"page","link":"https:\/\/songhai.org\/en\/reseau-danciens\/","title":{"rendered":"R\u00e9seau d&#8217;anciens"},"content":{"rendered":"<div data-elementor-type=\"wp-page\" data-elementor-id=\"192\" class=\"elementor elementor-192\" data-elementor-post-type=\"page\">\n\t\t\t\t\t\t<section class=\"elementor-section elementor-top-section elementor-element elementor-element-ad90ff4 elementor-section-boxed elementor-section-height-default elementor-section-height-default\" data-id=\"ad90ff4\" data-element_type=\"section\">\n\t\t\t\t\t\t<div class=\"elementor-container elementor-column-gap-default\">\n\t\t\t\t\t<div class=\"elementor-column elementor-col-100 elementor-top-column elementor-element elementor-element-2245d84b\" data-id=\"2245d84b\" data-element_type=\"column\">\n\t\t\t<div class=\"elementor-widget-wrap elementor-element-populated\">\n\t\t\t\t\t\t<div class=\"elementor-element elementor-element-3afc3b65 elementor-widget elementor-widget-text-editor\" data-id=\"3afc3b65\" data-element_type=\"widget\" data-widget_type=\"text-editor.default\">\n\t\t\t\t<div class=\"elementor-widget-container\">\n\t\t\t\t\t\t\t\t\t<p><img fetchpriority=\"high\" decoding=\"async\" class=\"aligncenter size-full wp-image-193\" src=\"https:\/\/songhai.org\/wp-content\/uploads\/2016\/09\/reseau_dentrepreneur.jpg\" alt=\"reseau_dentrepreneur\" width=\"1024\" height=\"307\" srcset=\"https:\/\/songhai.org\/wp-content\/uploads\/2016\/09\/reseau_dentrepreneur.jpg 1024w, https:\/\/songhai.org\/wp-content\/uploads\/2016\/09\/reseau_dentrepreneur-300x90.jpg 300w, https:\/\/songhai.org\/wp-content\/uploads\/2016\/09\/reseau_dentrepreneur-768x230.jpg 768w, https:\/\/songhai.org\/wp-content\/uploads\/2016\/09\/reseau_dentrepreneur-600x180.jpg 600w\" sizes=\"(max-width: 1024px) 100vw, 1024px\" \/><\/p><p style=\"text-align: justify;\">L\u2019Afrique vit de plus en plus intens\u00e9ment \u00e0 l\u2019heure des r\u00e9seaux sociaux. Une belle initiative du g\u00e9nie humain, motiv\u00e9e surtout par la n\u00e9cessit\u00e9 de renouer avec les liens sociaux devenus quasi inexistants. En Afrique, le capital social existe fortement\u00a0; ce qui peine plut\u00f4t \u00e0 se mettre v\u00e9ritablement en place, c\u2019est le capital \u00e9conomique. Mais avec un peu de volont\u00e9, cela est possible. S\u2019il y a une n\u00e9cessit\u00e9 qui s\u2019impose face \u00e0 la crise, c\u2019est bien la promotion des liens \u00e9conomiques. A Songha\u00ef, nous nous y attelons. Plut\u00f4t que d\u00e9velopper seulement les liens sociaux, nous nous inscrivons r\u00e9solument dans la dynamique des R\u00e9seaux Socio-\u00e9conomiques, pour coller aux r\u00e9alit\u00e9s en terres africaines.<\/p><p style=\"text-align: justify;\">Le R\u00e9NaFer \u2013 R\u00e9seau National des Fermiers Songha\u00ef \u2013 est l\u2019une des meilleures illustrations de cette r\u00e9alit\u00e9. Tous les entrepreneurs agricoles form\u00e9s par Songha\u00ef sont membres de ce r\u00e9seau. Ils se visitent, s\u2019assistent, collaborent et se r\u00e9unissent p\u00e9riodiquement pour r\u00e9fl\u00e9chir et trouver des solutions aux probl\u00e8mes qui se posent \u00e0 eux. Chaque ann\u00e9e, ils se retrouvent \u00e0 Songha\u00ef-Ouando (Porto-Novo) o\u00f9 ils participent \u00e0 la foire agricole des fermiers. Ils constituent des partenaires privil\u00e9gi\u00e9s du Centre Songha\u00ef \u00e0 qui ils fournissent en cas de besoin, des produits pour nous permettre de satisfaire notre client\u00e8le.<\/p><p style=\"text-align: justify;\">Mais au-del\u00e0 du R\u00e9NaFer, les sites Songha\u00ef du B\u00e9nin et d\u2019ailleurs constituent \u00e9galement des maillons cl\u00e9s de notre r\u00e9seau socio-\u00e9conomique.<\/p><p style=\"text-align: justify;\">Dans ces creusets d\u2019\u00e9changes et de mutualisation des pratiques et connaissances, nous devenons davantage plus forts et plus arm\u00e9s pour combattre les probl\u00e8mes de d\u00e9veloppement qui se posent \u00e0 nous partout en Afrique.<\/p>\t\t\t\t\t\t\t\t<\/div>\n\t\t\t\t<\/div>\n\t\t\t\t\t<\/div>\n\t\t<\/div>\n\t\t\t\t\t<\/div>\n\t\t<\/section>\n\t\t\t\t<\/div>","protected":false},"excerpt":{"rendered":"<p>L\u2019Afrique vit de plus en plus intens\u00e9ment \u00e0 l\u2019heure des r\u00e9seaux sociaux. Une belle initiative du g\u00e9nie humain, motiv\u00e9e surtout par la n\u00e9cessit\u00e9 de renouer avec les liens sociaux devenus quasi inexistants. En Afrique, le capital social existe fortement\u00a0; ce qui peine plut\u00f4t \u00e0 se mettre v\u00e9ritablement [&hellip;]<\/p>","protected":false},"author":1,"featured_media":0,"parent":0,"menu_order":0,"comment_status":"closed","ping_status":"closed","template":"","meta":{"_monsterinsights_skip_tracking":false,"_monsterinsights_sitenote_active":false,"_monsterinsights_sitenote_note":"","_monsterinsights_sitenote_category":0,"footnotes":""},"class_list":["post-192","page","type-page","status-publish","hentry"],"_links":{"self":[{"href":"https:\/\/songhai.org\/en\/wp-json\/wp\/v2\/pages\/192","targetHints":{"allow":["GET"]}}],"collection":[{"href":"https:\/\/songhai.org\/en\/wp-json\/wp\/v2\/pages"}],"about":[{"href":"https:\/\/songhai.org\/en\/wp-json\/wp\/v2\/types\/page"}],"author":[{"embeddable":true,"href":"https:\/\/songhai.org\/en\/wp-json\/wp\/v2\/users\/1"}],"replies":[{"embeddable":true,"href":"https:\/\/songhai.org\/en\/wp-json\/wp\/v2\/comments?post=192"}],"version-history":[{"count":9,"href":"https:\/\/songhai.org\/en\/wp-json\/wp\/v2\/pages\/192\/revisions"}],"predecessor-version":[{"id":8549,"href":"https:\/\/songhai.org\/en\/wp-json\/wp\/v2\/pages\/192\/revisions\/8549"}],"wp:attachment":[{"href":"https:\/\/songhai.org\/en\/wp-json\/wp\/v2\/media?parent=192"}],"curies":[{"name":"wp","href":"https:\/\/api.w.org\/{rel}","templated":true}]}}