{"id":2286,"date":"2017-04-05T21:53:34","date_gmt":"2017-04-05T21:53:34","guid":{"rendered":"http:\/\/songhai.org\/newsite\/?page_id=2286"},"modified":"2023-03-09T14:44:23","modified_gmt":"2023-03-09T13:44:23","slug":"production-2","status":"publish","type":"page","link":"https:\/\/songhai.org\/en\/production-2\/","title":{"rendered":"Read more"},"content":{"rendered":"<div data-elementor-type=\"wp-page\" data-elementor-id=\"2286\" class=\"elementor elementor-2286\" data-elementor-post-type=\"page\">\n\t\t\t\t\t\t<section class=\"elementor-section elementor-top-section elementor-element elementor-element-5c89fd0 elementor-section-boxed elementor-section-height-default elementor-section-height-default\" data-id=\"5c89fd0\" data-element_type=\"section\" data-no-translation=\"\">\n\t\t\t\t\t\t<div class=\"elementor-container elementor-column-gap-default\">\n\t\t\t\t\t<div class=\"elementor-column elementor-col-100 elementor-top-column elementor-element elementor-element-65d2839\" data-id=\"65d2839\" data-element_type=\"column\">\n\t\t\t<div class=\"elementor-widget-wrap elementor-element-populated\">\n\t\t\t\t\t\t<div class=\"elementor-element elementor-element-3e21500 elementor-widget elementor-widget-text-editor\" data-id=\"3e21500\" data-element_type=\"widget\" data-widget_type=\"text-editor.default\">\n\t\t\t\t<div class=\"elementor-widget-container\">\n\t\t\t\t\t\t\t\t\t<h3 style=\"text-align: center;\"><strong><b>General<\/b><\/strong><\/h3><p><strong>Crop production, Animal husbandry and Fish farming<\/strong> are the essential links in primary sector (primary production) at Songhai Center. All the <strong>activities carried out in each of these sectors are mutually dynamic.<\/strong> After production or harvesting of vegetables and crops from the market garden and perennial units of crop production, the residues (by-products) commonly known as waste are reincorporated into production. How is that done?<\/p><p>The by-products from Animal production, for example, the urine\/droppings collected from our livestock end up in the compost production unit, where they become raw materials. We recycle them into compost, that we use instead of chemical fertilizers. To fertilize and regenerate the soil, that will grow new consumable\u00a0crops again and again, which will also be used to feed and treat the different animal species.<\/p><p>In the case of plant production, the water collected after cleaning out the fish ponds are used to irrigate the crops. In addition to plant, animal and fish production, by- products are also valuable raw materials for us.<\/p><p>We use them in other ways such as, energy production (bioenergy) that is easily accessible to everyone &#8211; domestic biogas, gasifiers, etc. &#8211; for cooking, lighting and heating. This stamps out the risk of polluting the environment or destroying the eco-systems.<\/p><p>At Songhai, the environment and nature are privileged partners that we treat with great respect. Our option for <strong>&#8220;Organic Production&#8221;<\/strong> and <strong>\u201cZero Waste Production&#8221;<\/strong> is therefore easy to understand. This is what we call <strong>&#8220;integrated and sustainable agriculture&#8221;<\/strong>. In this way, people will eat healthily, to live better and longer.<\/p><p>At Songhai, we make the primary sector the engine of rural growth and the basis for the development of the secondary and tertiary sectors.<\/p>\t\t\t\t\t\t\t\t<\/div>\n\t\t\t\t<\/div>\n\t\t\t\t\t<\/div>\n\t\t<\/div>\n\t\t\t\t\t<\/div>\n\t\t<\/section>\n\t\t\t\t<section class=\"elementor-section elementor-top-section elementor-element elementor-element-3c1e0737 elementor-section-stretched elementor-section-boxed elementor-section-height-default elementor-section-height-default tf-parallax-no\" data-id=\"3c1e0737\" data-element_type=\"section\" data-settings=\"{&quot;stretch_section&quot;:&quot;section-stretched&quot;,&quot;background_background&quot;:&quot;classic&quot;}\">\n\t\t\t\t\t\t<div class=\"elementor-container elementor-column-gap-extended\">\n\t\t\t\t\t<div class=\"elementor-column elementor-col-100 elementor-top-column elementor-element elementor-element-f4479bb\" data-id=\"f4479bb\" data-element_type=\"column\">\n\t\t\t<div class=\"elementor-widget-wrap elementor-element-populated\">\n\t\t\t\t\t\t<section class=\"elementor-section elementor-inner-section elementor-element elementor-element-761f93fb elementor-section-full_width elementor-section-height-default elementor-section-height-default\" data-id=\"761f93fb\" data-element_type=\"section\">\n\t\t\t\t\t\t<div class=\"elementor-container elementor-column-gap-wider\">\n\t\t\t\t\t<div class=\"elementor-column elementor-col-33 elementor-inner-column elementor-element elementor-element-1f43f5ff\" data-id=\"1f43f5ff\" data-element_type=\"column\">\n\t\t\t<div class=\"elementor-widget-wrap elementor-element-populated\">\n\t\t\t\t\t\t<div class=\"elementor-element elementor-element-117ab6b8 line-top elementor-widget elementor-widget-tfimagebox\" data-id=\"117ab6b8\" data-element_type=\"widget\" data-widget_type=\"tfimagebox.default\">\n\t\t\t\t<div class=\"elementor-widget-container\">\n\t\t\t\t\t<div class=\"tf-imagebox style-1\"> \r\n                <div class=\"image\"><img fetchpriority=\"high\" decoding=\"async\" width=\"1024\" height=\"768\" src=\"https:\/\/songhai.org\/wp-content\/uploads\/2017\/04\/Image-3-1-1024x768.jpg\" class=\"attachment-large size-large wp-image-7740\" alt=\"\" srcset=\"https:\/\/songhai.org\/wp-content\/uploads\/2017\/04\/Image-3-1-1024x768.jpg 1024w, https:\/\/songhai.org\/wp-content\/uploads\/2017\/04\/Image-3-1-300x225.jpg 300w, https:\/\/songhai.org\/wp-content\/uploads\/2017\/04\/Image-3-1-768x576.jpg 768w, https:\/\/songhai.org\/wp-content\/uploads\/2017\/04\/Image-3-1-600x450.jpg 600w, https:\/\/songhai.org\/wp-content\/uploads\/2017\/04\/Image-3-1.jpg 1200w\" sizes=\"(max-width: 1024px) 100vw, 1024px\" \/> <div class=\"image-overlay fade-in\"><\/div><\/div>\r\n                <div class=\"content-only\"> \r\n                \t               \t              \r\n\t\t\t\t\t<h4 class=\"title\"><a href=\"https:\/\/songhai.org\/en\/production-vegetale\/\"  >Production v\u00e9g\u00e9tale<\/a><\/h4>\r\n\t\t\t\t<\/div>\r\n                <div class=\"content\">\t\r\n                \t                \r\n\t\t\t\t\t<h4 class=\"title\"><a href=\"https:\/\/songhai.org\/en\/production-vegetale\/\"  >Production v\u00e9g\u00e9tale<\/a><\/h4>\r\n\t                \r\n\t                <div class=\"tf-button-container\"><a class=\"tf-button bt_icon_after btn-overlay default-theme\" href=\"https:\/\/songhai.org\/en\/production-vegetale\/\"  >Read more ... <i class=\"fas fa-arrow-right\"><\/i><\/a><\/div>\r\n\t\t\t\t<\/div>\r\n            <\/div>\t\t\t\t<\/div>\n\t\t\t\t<\/div>\n\t\t\t\t\t<\/div>\n\t\t<\/div>\n\t\t\t\t<div class=\"elementor-column elementor-col-33 elementor-inner-column elementor-element elementor-element-6c49c734\" data-id=\"6c49c734\" data-element_type=\"column\">\n\t\t\t<div class=\"elementor-widget-wrap elementor-element-populated\">\n\t\t\t\t\t\t<div class=\"elementor-element elementor-element-3caa526d line-top elementor-widget elementor-widget-tfimagebox\" data-id=\"3caa526d\" data-element_type=\"widget\" data-widget_type=\"tfimagebox.default\">\n\t\t\t\t<div class=\"elementor-widget-container\">\n\t\t\t\t\t<div class=\"tf-imagebox style-1\"> \r\n                <div class=\"image\"><img decoding=\"async\" width=\"1024\" height=\"683\" src=\"https:\/\/songhai.org\/wp-content\/uploads\/2017\/04\/Image00001-1-1024x683.jpg\" class=\"attachment-large size-large wp-image-3524\" alt=\"\" srcset=\"https:\/\/songhai.org\/wp-content\/uploads\/2017\/04\/Image00001-1-1024x683.jpg 1024w, https:\/\/songhai.org\/wp-content\/uploads\/2017\/04\/Image00001-1-300x200.jpg 300w, https:\/\/songhai.org\/wp-content\/uploads\/2017\/04\/Image00001-1-768x512.jpg 768w, https:\/\/songhai.org\/wp-content\/uploads\/2017\/04\/Image00001-1-600x400.jpg 600w, https:\/\/songhai.org\/wp-content\/uploads\/2017\/04\/Image00001-1.jpg 1200w\" sizes=\"(max-width: 1024px) 100vw, 1024px\" \/> <div class=\"image-overlay fade-in\"><\/div><\/div>\r\n                <div class=\"content-only\"> \r\n                \t               \t              \r\n\t\t\t\t\t<h4 class=\"title\"><a href=\"https:\/\/songhai.org\/en\/production-animale\/\"  >Production animale<\/a><\/h4>\r\n\t\t\t\t<\/div>\r\n                <div class=\"content\">\t\r\n                \t                \r\n\t\t\t\t\t<h4 class=\"title\"><a href=\"https:\/\/songhai.org\/en\/production-animale\/\"  >Production animale<\/a><\/h4>\r\n\t                \r\n\t                <div class=\"tf-button-container\"><a class=\"tf-button bt_icon_after btn-overlay default-theme\" href=\"https:\/\/songhai.org\/en\/production-animale\/\"  >Read more ... <i class=\"fas fa-arrow-right\"><\/i><\/a><\/div>\r\n\t\t\t\t<\/div>\r\n            <\/div>\t\t\t\t<\/div>\n\t\t\t\t<\/div>\n\t\t\t\t\t<\/div>\n\t\t<\/div>\n\t\t\t\t<div class=\"elementor-column elementor-col-33 elementor-inner-column elementor-element elementor-element-17578376\" data-id=\"17578376\" data-element_type=\"column\">\n\t\t\t<div class=\"elementor-widget-wrap elementor-element-populated\">\n\t\t\t\t\t\t<div class=\"elementor-element elementor-element-2b8a809d line-top elementor-widget elementor-widget-tfimagebox\" data-id=\"2b8a809d\" data-element_type=\"widget\" data-widget_type=\"tfimagebox.default\">\n\t\t\t\t<div class=\"elementor-widget-container\">\n\t\t\t\t\t<div class=\"tf-imagebox style-1\"> \r\n                <div class=\"image\"><img decoding=\"async\" width=\"1024\" height=\"639\" src=\"https:\/\/songhai.org\/wp-content\/uploads\/2020\/06\/IMG_9554-1024x639.jpg\" class=\"attachment-large size-large wp-image-3696\" alt=\"\" srcset=\"https:\/\/songhai.org\/wp-content\/uploads\/2020\/06\/IMG_9554-1024x639.jpg 1024w, https:\/\/songhai.org\/wp-content\/uploads\/2020\/06\/IMG_9554-300x187.jpg 300w, https:\/\/songhai.org\/wp-content\/uploads\/2020\/06\/IMG_9554-768x479.jpg 768w, https:\/\/songhai.org\/wp-content\/uploads\/2020\/06\/IMG_9554-600x375.jpg 600w, https:\/\/songhai.org\/wp-content\/uploads\/2020\/06\/IMG_9554.jpg 1200w\" sizes=\"(max-width: 1024px) 100vw, 1024px\" \/> <div class=\"image-overlay fade-in\"><\/div><\/div>\r\n                <div class=\"content-only\"> \r\n                \t               \t              \r\n\t\t\t\t\t<h4 class=\"title\"><a href=\"https:\/\/songhai.org\/en\/pisciculture\/\"  >Production piscicole<\/a><\/h4>\r\n\t\t\t\t<\/div>\r\n                <div class=\"content\">\t\r\n                \t                \r\n\t\t\t\t\t<h4 class=\"title\"><a href=\"https:\/\/songhai.org\/en\/pisciculture\/\"  >Production piscicole<\/a><\/h4>\r\n\t                \r\n\t                <div class=\"tf-button-container\"><a class=\"tf-button bt_icon_after btn-overlay default-theme\" href=\"https:\/\/songhai.org\/en\/pisciculture\/\"  >Read more ... <i class=\"fas fa-arrow-right\"><\/i><\/a><\/div>\r\n\t\t\t\t<\/div>\r\n            <\/div>\t\t\t\t<\/div>\n\t\t\t\t<\/div>\n\t\t\t\t\t<\/div>\n\t\t<\/div>\n\t\t\t\t\t<\/div>\n\t\t<\/section>\n\t\t\t\t\t<\/div>\n\t\t<\/div>\n\t\t\t\t\t<\/div>\n\t\t<\/section>\n\t\t\t\t<\/div>","protected":false},"excerpt":{"rendered":"<p>G\u00e9n\u00e9ralit\u00e9s La Production V\u00e9g\u00e9tale, la Production Animale et la Pisciculture sont les maillons cl\u00e9s de la production primaire \u00e0 Songha\u00ef. Toutes les activit\u00e9s que nous menons dans chacun de ces secteurs se dynamisent mutuellement. Apr\u00e8s r\u00e9colte et\/ou transformation des produits vivriers, mara\u00eechers et p\u00e9rennes issus de la [&hellip;]<\/p>","protected":false},"author":1,"featured_media":0,"parent":0,"menu_order":0,"comment_status":"closed","ping_status":"closed","template":"","meta":{"_monsterinsights_skip_tracking":false,"_monsterinsights_sitenote_active":false,"_monsterinsights_sitenote_note":"","_monsterinsights_sitenote_category":0,"footnotes":""},"class_list":["post-2286","page","type-page","status-publish","hentry"],"_links":{"self":[{"href":"https:\/\/songhai.org\/en\/wp-json\/wp\/v2\/pages\/2286","targetHints":{"allow":["GET"]}}],"collection":[{"href":"https:\/\/songhai.org\/en\/wp-json\/wp\/v2\/pages"}],"about":[{"href":"https:\/\/songhai.org\/en\/wp-json\/wp\/v2\/types\/page"}],"author":[{"embeddable":true,"href":"https:\/\/songhai.org\/en\/wp-json\/wp\/v2\/users\/1"}],"replies":[{"embeddable":true,"href":"https:\/\/songhai.org\/en\/wp-json\/wp\/v2\/comments?post=2286"}],"version-history":[{"count":18,"href":"https:\/\/songhai.org\/en\/wp-json\/wp\/v2\/pages\/2286\/revisions"}],"predecessor-version":[{"id":8802,"href":"https:\/\/songhai.org\/en\/wp-json\/wp\/v2\/pages\/2286\/revisions\/8802"}],"wp:attachment":[{"href":"https:\/\/songhai.org\/en\/wp-json\/wp\/v2\/media?parent=2286"}],"curies":[{"name":"wp","href":"https:\/\/api.w.org\/{rel}","templated":true}]}}