{"id":2309,"date":"2017-04-09T23:24:08","date_gmt":"2017-04-09T23:24:08","guid":{"rendered":"http:\/\/songhai.org\/newsite\/?page_id=2309"},"modified":"2023-02-28T09:11:35","modified_gmt":"2023-02-28T08:11:35","slug":"production-vegetale","status":"publish","type":"page","link":"https:\/\/songhai.org\/en\/production-vegetale\/","title":{"rendered":"Production v\u00e9g\u00e9tale"},"content":{"rendered":"<div data-elementor-type=\"wp-page\" data-elementor-id=\"2309\" class=\"elementor elementor-2309\" data-elementor-post-type=\"page\">\n\t\t\t\t\t\t<section class=\"elementor-section elementor-top-section elementor-element elementor-element-4ac3b2d9 elementor-section-full_width elementor-section-stretched elementor-section-height-default elementor-section-height-default\" data-id=\"4ac3b2d9\" data-element_type=\"section\" data-settings=\"{&quot;stretch_section&quot;:&quot;section-stretched&quot;}\">\n\t\t\t\t\t\t<div class=\"elementor-container elementor-column-gap-default\">\n\t\t\t\t\t<div class=\"elementor-column elementor-col-100 elementor-top-column elementor-element elementor-element-597a3998\" data-id=\"597a3998\" data-element_type=\"column\">\n\t\t\t<div class=\"elementor-widget-wrap elementor-element-populated\">\n\t\t\t\t\t\t<div class=\"elementor-element elementor-element-5bab95ef elementor--h-position-center elementor--v-position-middle elementor-arrows-position-inside elementor-pagination-position-inside elementor-widget elementor-widget-slides\" data-id=\"5bab95ef\" data-element_type=\"widget\" data-settings=\"{&quot;transition&quot;:&quot;fade&quot;,&quot;navigation&quot;:&quot;both&quot;,&quot;autoplay&quot;:&quot;yes&quot;,&quot;pause_on_interaction&quot;:&quot;yes&quot;,&quot;autoplay_speed&quot;:5000,&quot;infinite&quot;:&quot;yes&quot;,&quot;transition_speed&quot;:500}\" data-widget_type=\"slides.default\">\n\t\t\t\t<div class=\"elementor-widget-container\">\n\t\t\t\t\t\t\t\t\t<div class=\"elementor-swiper\">\n\t\t\t\t\t<div class=\"elementor-slides-wrapper elementor-main-swiper swiper\" role=\"region\" aria-roledescription=\"carousel\" aria-label=\"Slides\" dir=\"ltr\" data-animation=\"fadeInUp\" data-no-translation-aria-label=\"\">\n\t\t\t\t<div class=\"swiper-wrapper elementor-slides\">\n\t\t\t\t\t\t\t\t\t\t<div class=\"elementor-repeater-item-a383699 swiper-slide\" role=\"group\" aria-roledescription=\"slide\"><div class=\"swiper-slide-bg elementor-ken-burns elementor-ken-burns--in\" role=\"img\"><\/div><div class=\"elementor-background-overlay\"><\/div><div class=\"swiper-slide-inner\" ><div class=\"swiper-slide-contents\"><div class=\"elementor-slide-heading\">PRODUCTION V\u00c9G\u00c9TALE<\/div><\/div><\/div><\/div><div class=\"elementor-repeater-item-598abca swiper-slide\" role=\"group\" aria-roledescription=\"slide\"><div class=\"swiper-slide-bg elementor-ken-burns elementor-ken-burns--in\" role=\"img\"><\/div><div class=\"elementor-background-overlay\"><\/div><div class=\"swiper-slide-inner\" ><div class=\"swiper-slide-contents\"><div class=\"elementor-slide-heading\">PRODUCTION V\u00c9G\u00c9TALE<\/div><\/div><\/div><\/div><div class=\"elementor-repeater-item-36e0299 swiper-slide\" role=\"group\" aria-roledescription=\"slide\"><div class=\"swiper-slide-bg elementor-ken-burns elementor-ken-burns--in\" role=\"img\"><\/div><div class=\"elementor-background-overlay\"><\/div><div class=\"swiper-slide-inner\" ><div class=\"swiper-slide-contents\"><div class=\"elementor-slide-heading\">PRODUCTION V\u00c9G\u00c9TALE<\/div><\/div><\/div><\/div><div class=\"elementor-repeater-item-0fb720a swiper-slide\" role=\"group\" aria-roledescription=\"slide\"><div class=\"swiper-slide-bg elementor-ken-burns elementor-ken-burns--in\" role=\"img\"><\/div><div class=\"elementor-background-overlay\"><\/div><div class=\"swiper-slide-inner\" ><div class=\"swiper-slide-contents\"><div class=\"elementor-slide-heading\">PRODUCTION V\u00c9G\u00c9TALE<\/div><\/div><\/div><\/div>\t\t\t\t<\/div>\n\t\t\t\t\t\t\t\t\t\t\t\t\t\t\t<div class=\"elementor-swiper-button elementor-swiper-button-prev\" role=\"button\" tabindex=\"0\" aria-label=\"Previous slide\" data-no-translation-aria-label=\"\">\n\t\t\t\t\t\t\t<i aria-hidden=\"true\" class=\"eicon-chevron-left\"><\/i>\t\t\t\t\t\t<\/div>\n\t\t\t\t\t\t<div class=\"elementor-swiper-button elementor-swiper-button-next\" role=\"button\" tabindex=\"0\" aria-label=\"Next slide\" data-no-translation-aria-label=\"\">\n\t\t\t\t\t\t\t<i aria-hidden=\"true\" class=\"eicon-chevron-right\"><\/i>\t\t\t\t\t\t<\/div>\n\t\t\t\t\t\t\t\t\t\t\t\t\t\t\t\t<div class=\"swiper-pagination\"><\/div>\n\t\t\t\t\t\t\t\t\t\t\t\t<\/div>\n\t\t\t\t<\/div>\n\t\t\t\t\t\t\t\t<\/div>\n\t\t\t\t<\/div>\n\t\t\t\t\t<\/div>\n\t\t<\/div>\n\t\t\t\t\t<\/div>\n\t\t<\/section>\n\t\t\t\t<section class=\"elementor-section elementor-top-section elementor-element elementor-element-48ea2551 elementor-section-boxed elementor-section-height-default elementor-section-height-default\" data-id=\"48ea2551\" data-element_type=\"section\">\n\t\t\t\t\t\t<div class=\"elementor-container elementor-column-gap-default\">\n\t\t\t\t\t<div class=\"elementor-column elementor-col-100 elementor-top-column elementor-element elementor-element-14b8e93\" data-id=\"14b8e93\" data-element_type=\"column\">\n\t\t\t<div class=\"elementor-widget-wrap elementor-element-populated\">\n\t\t\t\t\t\t<div class=\"elementor-element elementor-element-4019345a elementor-widget elementor-widget-text-editor\" data-id=\"4019345a\" data-element_type=\"widget\" data-widget_type=\"text-editor.default\">\n\t\t\t\t<div class=\"elementor-widget-container\">\n\t\t\t\t\t\t\t\t\t<p>Cette section au Centre SONGHA\u00cf, est un cadre de production et de formation entrepreneuriale proposant une approche moderne de l\u2019agriculture \u00e9cologique\u00a0utilisant des technologies authentiques (produire plus et mieux avec moins) pour satisfaire les besoins de la communaut\u00e9 par une production diversifi\u00e9e, r\u00e9guli\u00e8re et de qualit\u00e9\u00a0; et tout ceci, dans un syst\u00e8me int\u00e9gr\u00e9.<\/p><p>Songha\u00ef dispose de plusieurs sites au B\u00e9nin\u00a0o\u00f9 les cultures sont fa\u00eetes sur de grands espaces, avec des techniques naturelles. Les cultures diff\u00e8rent selon la zone de production\u00a0; elles sont class\u00e9es en trois cat\u00e9gories :<\/p><p>&#8211; Le <strong><b>Mara\u00eechage<\/b><\/strong>, qui consiste \u00e0 la production de l\u2019ensemble des produits (Les l\u00e9gumes-feuilles\u00a0: grande morelle, vernonia, amarante, basilique,\u2026\u00a0; les l\u00e9gumes-fruits\u00a0: le melon, la past\u00e8que, le choux, le concombre, la tomate, le piment, les fraises \u2026\u00a0; les l\u00e9gumes-racine\u00a0: betteraves, carottes, \u2026)<\/p><p>&#8211; \u00a0Les cultures vivri\u00e8res\u00a0qui sont li\u00e9es aux c\u00e9r\u00e9ales, les tubercules et racines. Au niveau des c\u00e9r\u00e9ales, on peut citer le ma\u00efs, le sorgho, le ni\u00e9b\u00e9, le soja, l\u2019arachide,\u2026 Dans le rang des tubercules et racines, nous avons l\u2019igname, le manioc, les patates douces,\u2026<\/p><p>&#8211; Les arbres fruitiers et les essences foresti\u00e8res composent la troisi\u00e8me cat\u00e9gorie de la production v\u00e9g\u00e9tale au Centre Songha\u00ef\u00a0: l\u2019<strong>Agroforesterie. <\/strong>Parlant d\u2019arbres fruitiers, nous avons l\u2019oranger, le papayer, l\u2019avocatier, les raisins, \u2026 S\u2019agissant des essences foresti\u00e8res, on y retrouve les arbres pour faire les meubles ou pour la production de bande d\u2019azote (usage des feuilles pour fertiliser ou pour pailler le sol, ce qui permet de conserver le carbone dans le sol,\u00a0ou pour nourrir les animaux d\u2019\u00e9levage).<\/p><p>Produire en saison et en contre saison, sans rupture, toute l\u2019ann\u00e9e et en quantit\u00e9 suffisante reste le d\u00e9fi quotidien toujours relev\u00e9 par SONGHA\u00cf\u00a0! Et pour garder cette tendance de production intensive \u00e0 plein temps, le Centre Songha\u00ef s\u2019est align\u00e9 sur le concept du bio mim\u00e9tisme, c\u2019est-\u00e0-dire \u00ab Comprendre la nature,\u00a0l\u2019imiter et tout faire avec elle\u00a0\u00bb, autrement dit \u00ab\u00a0Danser avec la nature\u00a0\u00bb.<\/p><p>La production agricole reste 100% bio au Centre SONGHA\u00cf o\u00f9 tous les secteurs sont li\u00e9s et interd\u00e9pendants. Et pour y arriver, le Centre adopte une pratique d\u2019agriculture non conventionnelle, c\u2019est-\u00e0-dire sans usage des engrais et pesticides chimiques qui nuisent au sol et peuvent porter atteinte \u00e0 la sant\u00e9 humaine.<\/p><p>Ainsi, diverses techniques naturelles sont appliqu\u00e9es pour une production intensive et saine\u00a0:<\/p><ul><li><strong>Le sol<\/strong>:<\/li><\/ul><p>Le Centre Songha\u00ef s\u2019est \u00e9quip\u00e9 de mat\u00e9riels de mesure du sol, des moyens technologiques simples pour conna\u00eetre l\u2019\u00e9tat de nos sols, les ma\u00eetriser et s\u2019aider des vivants et mati\u00e8res organiques avec des pratiques authentiques pour apporter au sol ce dont il a besoin et augmenter et maintenir sa fertilit\u00e9. Un dispositif technique et humain est mis en place pour faire r\u00e9guli\u00e8rement l\u2019\u00e9tude du sol (pH, Humidit\u00e9, Luminosit\u00e9, Fertilit\u00e9).<\/p><ul><li><strong>Les fertilisants<\/strong>:<\/li><\/ul><p>A Songha\u00ef, tout fonctionne selon la loi de Lavoisier \u00abRien ne se perd, tout se transforme\u00bb. Les fertilisants ne sont rien d\u2019autres que les r\u00e9sidus de mati\u00e8res organiques issus de la production animale (fientes, crottes, bouses de vache, \u2026) regroup\u00e9s pour les r\u00e9pandre sur le champ\u00a0afin de le rendre plus productif. A tout ceci, ajoutons les eaux recycl\u00e9es des bassins de poisson (fertilisants riche en nutriments) et l\u2019effluent de biogaz (fertilisants riche en azote, phosphore, potassium \u2013 permet de donner la couleur verte et une croissance rapide aux plantes)\u00a0;<\/p><ul><li><strong>Le Compost<\/strong>:<\/li><\/ul><p>Le compost est un m\u00e9lange de d\u00e9bris v\u00e9g\u00e9taux et de r\u00e9sidus issus de la production animale. L\u2019usage du compost permet de fertiliser le sol\u00a0; des Solutions de Micro-organismes Effectifs sont aussi mises \u00e0 contribution pour faciliter une d\u00e9composition rapide du tas de compost, ce qui offre une efficacit\u00e9 et une efficience dans la production. Le compost \u00e0 Songha\u00ef est naturel et n\u2019a aucun effet nuisible sur les cultures, contrairement aux engrais chimiques\u00a0Il nourrit d\u2019abord le sol.<\/p><ul><li><strong>Les semences (input g\u00e9n\u00e9tique) et les contr\u00f4les phytosanitaires\u00a0<\/strong>:<\/li><\/ul><p>Songha\u00ef attache du prix \u00e0 la qualit\u00e9 des semences\u00a0; raison pour laquelle les animateurs du Centre font de minutieux contr\u00f4les pour la sant\u00e9 des plantes (lutte contre les \u00e9ventuelles attaques des ravageurs, les cas de maladies,\u2026) avec les pesticides bio (Microorganisme Effectifs)\u00a0;<\/p><ul><li><strong>Le Plastic mulch<\/strong>:<\/li><\/ul><p>C\u2019est l\u2019une des techniques adopt\u00e9e par Songha\u00ef pour prot\u00e9ger son sol. Le Plastic Mulch est un sachet sp\u00e9cialement con\u00e7u qui sert \u00e0 couvrir et prot\u00e9ger le sol pour la production. Il est trait\u00e9 contre les rayons ultraviolets et infrarouges qui am\u00e8nent g\u00e9n\u00e9ralement de la chaleur au niveau du sol. Un syst\u00e8me d\u2019irrigation goutte \u00e0 goutte est install\u00e9 sous le Plastic Mulch qui sert \u00e9galement \u00e0 conserver l\u2019humidit\u00e9 dans le sol et limiter la pouss\u00e9e des mauvaises herbes.<\/p><ul><li><strong>La paille v\u00e9g\u00e9tale<\/strong>:<\/li><\/ul><p>Elle est \u00e9galement une technique de mise dans les champs \u00e0 Songha\u00ef\u00a0pour couvrir les planches de culture ;\u00a0outre la paille v\u00e9g\u00e9tale, Songha\u00ef utilise le BRF (Bois Ram\u00e9al Fragment\u00e9 \u2013 d\u00e9bris de branche d\u2019arbres)\u00a0; elle a pour r\u00f4le la s\u00e9questration du carbone dans le sol\u00a0; un carbone dont le sol a besoin pour assurer ses fonctions vers la plante\u00a0pour pouvoir accro\u00eetre tr\u00e8s facilement.<\/p><p>Il importe de pr\u00e9ciser que le Centre SONGHA\u00cf est adepte de l\u2019initiative \u00ab\u00a04 pour 1.000\u00a0\u00bb qui recommande l\u2019incorporation de 0,04 % de taux de carbone dans le sol pour diminuer la temp\u00e9rature atmosph\u00e9rique dans le monde.<\/p><p>Au-del\u00e0 d\u2019\u00eatre un espace agricole, le Centre SONGHA\u00cf forme plusieurs jeunes et entrepreneurs agricoles) \u00a0sur ses diff\u00e9rentes m\u00e9thodes naturelles.<\/p><p>A Songha\u00ef, nous produisons 100% bio, de la nourriture saine, en quantit\u00e9 suffisante pour une vie saine, un vieillissement sain et la pr\u00e9vention des maladies pour une population sans cesse croissante.<\/p>\t\t\t\t\t\t\t\t<\/div>\n\t\t\t\t<\/div>\n\t\t\t\t\t<\/div>\n\t\t<\/div>\n\t\t\t\t\t<\/div>\n\t\t<\/section>\n\t\t\t\t<section class=\"elementor-section elementor-top-section elementor-element elementor-element-164d4bb1 elementor-section-stretched elementor-section-boxed elementor-section-height-default elementor-section-height-default tf-parallax-no\" data-id=\"164d4bb1\" data-element_type=\"section\" data-settings=\"{&quot;stretch_section&quot;:&quot;section-stretched&quot;,&quot;background_background&quot;:&quot;classic&quot;}\">\n\t\t\t\t\t\t<div class=\"elementor-container elementor-column-gap-extended\">\n\t\t\t\t\t<div class=\"elementor-column elementor-col-100 elementor-top-column elementor-element elementor-element-ea8caac\" data-id=\"ea8caac\" data-element_type=\"column\">\n\t\t\t<div class=\"elementor-widget-wrap elementor-element-populated\">\n\t\t\t\t\t\t<section class=\"elementor-section elementor-inner-section elementor-element elementor-element-3735bc7b elementor-section-full_width elementor-section-height-default elementor-section-height-default\" data-id=\"3735bc7b\" data-element_type=\"section\">\n\t\t\t\t\t\t<div class=\"elementor-container elementor-column-gap-wider\">\n\t\t\t\t\t<div class=\"elementor-column elementor-col-33 elementor-inner-column elementor-element elementor-element-54108373\" data-id=\"54108373\" data-element_type=\"column\">\n\t\t\t<div class=\"elementor-widget-wrap elementor-element-populated\">\n\t\t\t\t\t\t<div class=\"elementor-element elementor-element-151a5f2e line-top elementor-widget elementor-widget-tfimagebox\" data-id=\"151a5f2e\" data-element_type=\"widget\" data-widget_type=\"tfimagebox.default\">\n\t\t\t\t<div class=\"elementor-widget-container\">\n\t\t\t\t\t<div class=\"tf-imagebox style-1\"> \r\n                <div class=\"image\"><img fetchpriority=\"high\" decoding=\"async\" width=\"1024\" height=\"768\" src=\"https:\/\/songhai.org\/wp-content\/uploads\/2017\/04\/Image-3-1-1024x768.jpg\" class=\"attachment-large size-large wp-image-7740\" alt=\"\" srcset=\"https:\/\/songhai.org\/wp-content\/uploads\/2017\/04\/Image-3-1-1024x768.jpg 1024w, https:\/\/songhai.org\/wp-content\/uploads\/2017\/04\/Image-3-1-300x225.jpg 300w, https:\/\/songhai.org\/wp-content\/uploads\/2017\/04\/Image-3-1-768x576.jpg 768w, https:\/\/songhai.org\/wp-content\/uploads\/2017\/04\/Image-3-1-600x450.jpg 600w, https:\/\/songhai.org\/wp-content\/uploads\/2017\/04\/Image-3-1.jpg 1200w\" sizes=\"(max-width: 1024px) 100vw, 1024px\" \/> <div class=\"image-overlay fade-in\"><\/div><\/div>\r\n                <div class=\"content-only\"> \r\n                \t               \t              \r\n\t\t\t\t\t<h4 class=\"title\"><a href=\"https:\/\/songhai.org\/en\/production-vegetale\/\"  >Production v\u00e9g\u00e9tale<\/a><\/h4>\r\n\t\t\t\t<\/div>\r\n                <div class=\"content\">\t\r\n                \t                \r\n\t\t\t\t\t<h4 class=\"title\"><a href=\"https:\/\/songhai.org\/en\/production-vegetale\/\"  >Production v\u00e9g\u00e9tale<\/a><\/h4>\r\n\t                \r\n\t                <div class=\"tf-button-container\"><a class=\"tf-button bt_icon_after btn-overlay default-theme\" href=\"https:\/\/songhai.org\/en\/production-vegetale\/\"  >Read more ... <i class=\"fas fa-arrow-right\"><\/i><\/a><\/div>\r\n\t\t\t\t<\/div>\r\n            <\/div>\t\t\t\t<\/div>\n\t\t\t\t<\/div>\n\t\t\t\t\t<\/div>\n\t\t<\/div>\n\t\t\t\t<div class=\"elementor-column elementor-col-33 elementor-inner-column elementor-element elementor-element-622e1798\" data-id=\"622e1798\" data-element_type=\"column\">\n\t\t\t<div class=\"elementor-widget-wrap elementor-element-populated\">\n\t\t\t\t\t\t<div class=\"elementor-element elementor-element-16f7f007 line-top elementor-widget elementor-widget-tfimagebox\" data-id=\"16f7f007\" data-element_type=\"widget\" data-widget_type=\"tfimagebox.default\">\n\t\t\t\t<div class=\"elementor-widget-container\">\n\t\t\t\t\t<div class=\"tf-imagebox style-1\"> \r\n                <div class=\"image\"><img decoding=\"async\" width=\"1024\" height=\"683\" src=\"https:\/\/songhai.org\/wp-content\/uploads\/2017\/04\/Image00001-1-1024x683.jpg\" class=\"attachment-large size-large wp-image-3524\" alt=\"\" srcset=\"https:\/\/songhai.org\/wp-content\/uploads\/2017\/04\/Image00001-1-1024x683.jpg 1024w, https:\/\/songhai.org\/wp-content\/uploads\/2017\/04\/Image00001-1-300x200.jpg 300w, https:\/\/songhai.org\/wp-content\/uploads\/2017\/04\/Image00001-1-768x512.jpg 768w, https:\/\/songhai.org\/wp-content\/uploads\/2017\/04\/Image00001-1-600x400.jpg 600w, https:\/\/songhai.org\/wp-content\/uploads\/2017\/04\/Image00001-1.jpg 1200w\" sizes=\"(max-width: 1024px) 100vw, 1024px\" \/> <div class=\"image-overlay fade-in\"><\/div><\/div>\r\n                <div class=\"content-only\"> \r\n                \t               \t              \r\n\t\t\t\t\t<h4 class=\"title\"><a href=\"https:\/\/songhai.org\/en\/production-animale\/\"  >Production animale<\/a><\/h4>\r\n\t\t\t\t<\/div>\r\n                <div class=\"content\">\t\r\n                \t                \r\n\t\t\t\t\t<h4 class=\"title\"><a href=\"https:\/\/songhai.org\/en\/production-animale\/\"  >Production animale<\/a><\/h4>\r\n\t                \r\n\t                <div class=\"tf-button-container\"><a class=\"tf-button bt_icon_after btn-overlay default-theme\" href=\"https:\/\/songhai.org\/en\/production-animale\/\"  >Read more ... <i class=\"fas fa-arrow-right\"><\/i><\/a><\/div>\r\n\t\t\t\t<\/div>\r\n            <\/div>\t\t\t\t<\/div>\n\t\t\t\t<\/div>\n\t\t\t\t\t<\/div>\n\t\t<\/div>\n\t\t\t\t<div class=\"elementor-column elementor-col-33 elementor-inner-column elementor-element elementor-element-3bb3e0fc\" data-id=\"3bb3e0fc\" data-element_type=\"column\">\n\t\t\t<div class=\"elementor-widget-wrap elementor-element-populated\">\n\t\t\t\t\t\t<div class=\"elementor-element elementor-element-871a6c1 line-top elementor-widget elementor-widget-tfimagebox\" data-id=\"871a6c1\" data-element_type=\"widget\" data-widget_type=\"tfimagebox.default\">\n\t\t\t\t<div class=\"elementor-widget-container\">\n\t\t\t\t\t<div class=\"tf-imagebox style-1\"> \r\n                <div class=\"image\"><img decoding=\"async\" width=\"1024\" height=\"639\" src=\"https:\/\/songhai.org\/wp-content\/uploads\/2020\/06\/IMG_9554-1024x639.jpg\" class=\"attachment-large size-large wp-image-3696\" alt=\"\" srcset=\"https:\/\/songhai.org\/wp-content\/uploads\/2020\/06\/IMG_9554-1024x639.jpg 1024w, https:\/\/songhai.org\/wp-content\/uploads\/2020\/06\/IMG_9554-300x187.jpg 300w, https:\/\/songhai.org\/wp-content\/uploads\/2020\/06\/IMG_9554-768x479.jpg 768w, https:\/\/songhai.org\/wp-content\/uploads\/2020\/06\/IMG_9554-600x375.jpg 600w, https:\/\/songhai.org\/wp-content\/uploads\/2020\/06\/IMG_9554.jpg 1200w\" sizes=\"(max-width: 1024px) 100vw, 1024px\" \/> <div class=\"image-overlay fade-in\"><\/div><\/div>\r\n                <div class=\"content-only\"> \r\n                \t               \t              \r\n\t\t\t\t\t<h4 class=\"title\"><a href=\"https:\/\/songhai.org\/en\/pisciculture\/\"  >Production piscicole<\/a><\/h4>\r\n\t\t\t\t<\/div>\r\n                <div class=\"content\">\t\r\n                \t                \r\n\t\t\t\t\t<h4 class=\"title\"><a href=\"https:\/\/songhai.org\/en\/pisciculture\/\"  >Production piscicole<\/a><\/h4>\r\n\t                \r\n\t                <div class=\"tf-button-container\"><a class=\"tf-button bt_icon_after btn-overlay default-theme\" href=\"https:\/\/songhai.org\/en\/pisciculture\/\"  >Read More <i class=\"fas fa-arrow-right\"><\/i><\/a><\/div>\r\n\t\t\t\t<\/div>\r\n            <\/div>\t\t\t\t<\/div>\n\t\t\t\t<\/div>\n\t\t\t\t\t<\/div>\n\t\t<\/div>\n\t\t\t\t\t<\/div>\n\t\t<\/section>\n\t\t\t\t\t<\/div>\n\t\t<\/div>\n\t\t\t\t\t<\/div>\n\t\t<\/section>\n\t\t\t\t<\/div>","protected":false},"excerpt":{"rendered":"<p>PRODUCTION V\u00c9G\u00c9TALEPRODUCTION V\u00c9G\u00c9TALEPRODUCTION V\u00c9G\u00c9TALEPRODUCTION V\u00c9G\u00c9TALE Previous Next Cette section au Centre SONGHA\u00cf, est un cadre de production et de formation entrepreneuriale proposant une approche moderne de l\u2019agriculture \u00e9cologique\u00a0utilisant des technologies authentiques (produire plus et mieux avec moins) pour satisfaire les besoins de la communaut\u00e9 par une production [&hellip;]<\/p>","protected":false},"author":1,"featured_media":0,"parent":0,"menu_order":0,"comment_status":"closed","ping_status":"closed","template":"","meta":{"_monsterinsights_skip_tracking":false,"_monsterinsights_sitenote_active":false,"_monsterinsights_sitenote_note":"","_monsterinsights_sitenote_category":0,"footnotes":""},"class_list":["post-2309","page","type-page","status-publish","hentry"],"_links":{"self":[{"href":"https:\/\/songhai.org\/en\/wp-json\/wp\/v2\/pages\/2309","targetHints":{"allow":["GET"]}}],"collection":[{"href":"https:\/\/songhai.org\/en\/wp-json\/wp\/v2\/pages"}],"about":[{"href":"https:\/\/songhai.org\/en\/wp-json\/wp\/v2\/types\/page"}],"author":[{"embeddable":true,"href":"https:\/\/songhai.org\/en\/wp-json\/wp\/v2\/users\/1"}],"replies":[{"embeddable":true,"href":"https:\/\/songhai.org\/en\/wp-json\/wp\/v2\/comments?post=2309"}],"version-history":[{"count":21,"href":"https:\/\/songhai.org\/en\/wp-json\/wp\/v2\/pages\/2309\/revisions"}],"predecessor-version":[{"id":8698,"href":"https:\/\/songhai.org\/en\/wp-json\/wp\/v2\/pages\/2309\/revisions\/8698"}],"wp:attachment":[{"href":"https:\/\/songhai.org\/en\/wp-json\/wp\/v2\/media?parent=2309"}],"curies":[{"name":"wp","href":"https:\/\/api.w.org\/{rel}","templated":true}]}}