{"id":2313,"date":"2017-04-09T23:26:07","date_gmt":"2017-04-09T23:26:07","guid":{"rendered":"http:\/\/songhai.org\/newsite\/?page_id=2313"},"modified":"2023-02-28T09:14:00","modified_gmt":"2023-02-28T08:14:00","slug":"pisciculture","status":"publish","type":"page","link":"https:\/\/songhai.org\/en\/pisciculture\/","title":{"rendered":"Pisciculture"},"content":{"rendered":"<div data-elementor-type=\"wp-page\" data-elementor-id=\"2313\" class=\"elementor elementor-2313\" data-elementor-post-type=\"page\">\n\t\t\t\t\t\t<section class=\"elementor-section elementor-top-section elementor-element elementor-element-4cb8dfcc elementor-section-full_width elementor-section-stretched elementor-section-height-default elementor-section-height-default\" data-id=\"4cb8dfcc\" data-element_type=\"section\" data-settings=\"{&quot;stretch_section&quot;:&quot;section-stretched&quot;}\">\n\t\t\t\t\t\t<div class=\"elementor-container elementor-column-gap-default\">\n\t\t\t\t\t<div class=\"elementor-column elementor-col-100 elementor-top-column elementor-element elementor-element-10072da7\" data-id=\"10072da7\" data-element_type=\"column\">\n\t\t\t<div class=\"elementor-widget-wrap elementor-element-populated\">\n\t\t\t\t\t\t<div class=\"elementor-element elementor-element-4b2af15d elementor--h-position-center elementor--v-position-middle elementor-arrows-position-inside elementor-pagination-position-inside elementor-widget elementor-widget-slides\" data-id=\"4b2af15d\" data-element_type=\"widget\" data-settings=\"{&quot;transition&quot;:&quot;fade&quot;,&quot;autoplay_speed&quot;:4000,&quot;navigation&quot;:&quot;both&quot;,&quot;autoplay&quot;:&quot;yes&quot;,&quot;pause_on_interaction&quot;:&quot;yes&quot;,&quot;infinite&quot;:&quot;yes&quot;,&quot;transition_speed&quot;:500}\" data-widget_type=\"slides.default\">\n\t\t\t\t<div class=\"elementor-widget-container\">\n\t\t\t\t\t\t\t\t\t<div class=\"elementor-swiper\">\n\t\t\t\t\t<div class=\"elementor-slides-wrapper elementor-main-swiper swiper\" role=\"region\" aria-roledescription=\"carousel\" aria-label=\"Slides\" dir=\"ltr\" data-animation=\"fadeInUp\" data-no-translation-aria-label=\"\">\n\t\t\t\t<div class=\"swiper-wrapper elementor-slides\">\n\t\t\t\t\t\t\t\t\t\t<div class=\"elementor-repeater-item-a383699 swiper-slide\" role=\"group\" aria-roledescription=\"slide\"><div class=\"swiper-slide-bg elementor-ken-burns elementor-ken-burns--in\" role=\"img\"><\/div><div class=\"elementor-background-overlay\"><\/div><div class=\"swiper-slide-inner\" ><div class=\"swiper-slide-contents\"><div class=\"elementor-slide-heading\">PISCICULTURE<\/div><\/div><\/div><\/div><div class=\"elementor-repeater-item-598abca swiper-slide\" role=\"group\" aria-roledescription=\"slide\"><div class=\"swiper-slide-bg elementor-ken-burns elementor-ken-burns--in\" role=\"img\"><\/div><div class=\"elementor-background-overlay\"><\/div><div class=\"swiper-slide-inner\" ><div class=\"swiper-slide-contents\"><div class=\"elementor-slide-heading\">PISCICULTURE<\/div><\/div><\/div><\/div><div class=\"elementor-repeater-item-36e0299 swiper-slide\" role=\"group\" aria-roledescription=\"slide\"><div class=\"swiper-slide-bg elementor-ken-burns elementor-ken-burns--in\" role=\"img\"><\/div><div class=\"elementor-background-overlay\"><\/div><div class=\"swiper-slide-inner\" ><div class=\"swiper-slide-contents\"><div class=\"elementor-slide-heading\">PISCICULTURE<\/div><\/div><\/div><\/div>\t\t\t\t<\/div>\n\t\t\t\t\t\t\t\t\t\t\t\t\t\t\t<div class=\"elementor-swiper-button elementor-swiper-button-prev\" role=\"button\" tabindex=\"0\" aria-label=\"Previous slide\" data-no-translation-aria-label=\"\">\n\t\t\t\t\t\t\t<i aria-hidden=\"true\" class=\"eicon-chevron-left\"><\/i>\t\t\t\t\t\t<\/div>\n\t\t\t\t\t\t<div class=\"elementor-swiper-button elementor-swiper-button-next\" role=\"button\" tabindex=\"0\" aria-label=\"Next slide\" data-no-translation-aria-label=\"\">\n\t\t\t\t\t\t\t<i aria-hidden=\"true\" class=\"eicon-chevron-right\"><\/i>\t\t\t\t\t\t<\/div>\n\t\t\t\t\t\t\t\t\t\t\t\t\t\t\t\t<div class=\"swiper-pagination\"><\/div>\n\t\t\t\t\t\t\t\t\t\t\t\t<\/div>\n\t\t\t\t<\/div>\n\t\t\t\t\t\t\t\t<\/div>\n\t\t\t\t<\/div>\n\t\t\t\t\t<\/div>\n\t\t<\/div>\n\t\t\t\t\t<\/div>\n\t\t<\/section>\n\t\t\t\t<section class=\"elementor-section elementor-top-section elementor-element elementor-element-6cdab25c elementor-section-boxed elementor-section-height-default elementor-section-height-default\" data-id=\"6cdab25c\" data-element_type=\"section\">\n\t\t\t\t\t\t<div class=\"elementor-container elementor-column-gap-default\">\n\t\t\t\t\t<div class=\"elementor-column elementor-col-100 elementor-top-column elementor-element elementor-element-1facb349\" data-id=\"1facb349\" data-element_type=\"column\">\n\t\t\t<div class=\"elementor-widget-wrap elementor-element-populated\">\n\t\t\t\t\t\t<div class=\"elementor-element elementor-element-3b5bbb73 elementor-widget elementor-widget-text-editor\" data-id=\"3b5bbb73\" data-element_type=\"widget\" data-widget_type=\"text-editor.default\">\n\t\t\t\t<div class=\"elementor-widget-container\">\n\t\t\t\t\t\t\t\t\t<h2 style=\"text-align: center;\"><strong>LA PISCICULTURE<\/strong><\/h2><p style=\"text-align: justify;\"><strong>Les d\u00e9fis \u00e9conomiques, environnementaux et nutritionnels actuels du B\u00e9nin en particulier et\u00a0 du continent africain tout entier en g\u00e9n\u00e9ral,\u00a0 semblent \u00a0\u00eatre des pr\u00e9occupations au c\u0153ur des \u00a0individus d\u00e9sirant \u00a0ne plus entendre parler de la pauvret\u00e9 et de l\u2019ins\u00e9curit\u00e9 \u00a0alimentaire en Afrique. Des d\u00e9fis que pensent bien relever le centre songha\u00ef \u00e0 travers son initiative de d\u00e9veloppement local bas\u00e9 sur un syst\u00e8me int\u00e9gr\u00e9. \u00a0Un \u00a0centre \u00a0qui s\u2019\u00e9vertue\u00a0 \u00e0\u00a0 cet effet dans le d\u00e9veloppement et l\u2019appropriation de \u00a0plusieurs fili\u00e8res, qui assurent non seulement l\u2019autonomisation des individus internes comme externes, mais essai de redonner aussi \u00a0confiance\u00a0 aux africains. La fili\u00e8re piscicole \u00e0 titre illustratif, se mobilise au quotidien pour concilier une demande croissante et l\u2019am\u00e9lioration des techniques \u00a0de production, dans le respect d\u2019une production durable. <\/strong><\/p><p style=\"text-align: justify;\">\u00a0\u00a0\u00a0\u00a0\u00a0\u00a0\u00a0\u00a0\u00a0 Qu\u2019ils soient p\u00each\u00e9s, \u00e9lev\u00e9s ou transform\u00e9s \u00a0ou produits, \u00a0la vari\u00e9t\u00e9 de \u00a0tous ce que nous consommons, r\u00e9pond aux attentes d\u2019un nombre toujours croissant de consommateurs s\u00e9duits par la richesse et la diversit\u00e9 de leurs saveurs. Le centre Songha\u00ef depuis\u00a0 sa cr\u00e9ation en 1985, d\u00e9veloppe un syst\u00e8me de production \u00a0agricole viable et peu co\u00fbteux, bas\u00e9 sur l\u2019agrobiologie et int\u00e9grant l\u2019agriculture, l\u2019\u00e9levage et la pisciculture, tout en\u00a0 valorisant les sous-produits agricoles d\u2019origine animale, v\u00e9g\u00e9tale et piscicole<strong>. <\/strong><strong>\u00a0<\/strong>La pisciculture qui fait partie de la production animale, est l\u2019une des branches de l&#8217;aquaculture, tr\u00e8s pratiqu\u00e9e au centre songha\u00ef. Elle est \u00a0sp\u00e9cialis\u00e9e dans l&#8217;\u00e9levage des\u00a0poissons, qui\u00a0 se fait\u00a0 soit en\u00a0eau douce\u00a0(eau dont la salinit\u00e9 permet la consommation, l&#8217;eau\u00a0des rivi\u00e8res, des lacs, de pluie, des glaciers par opposition \u00e0 l&#8217;eau\u00a0de mer) comme en eau de mer (eau\u00a0\u00ab sal\u00e9e \u00bb parce qu&#8217;elle contient des substances dissoutes,\u00a0 les sels, constitu\u00e9s d&#8217;ions, principalement des ions halog\u00e9nures comme\u00a0 l&#8217;ion chlorure et des ions basiques comme l&#8217;ion sodium). L\u2019\u00e9levage des poissons au centre r\u00e9gional songha\u00ef, se fait aussi bien \u00a0dans des \u00a0enceintes durs appel\u00e9s bassin ou dans des \u00e9tangs. Parlant de la pisciculture, le centre, dans sa production piscicole, \u00e9l\u00e8ve plusieurs esp\u00e8ces de poissons dont le tilapia songha\u00ef, le clarias, les carpes, les poissons chats. Parlant de carpes, il existe dans le centre, des carpes\u00a0 miroir, des carpes amour, des carpes africains et des carpes communes qui sont encore en reproduction.\u00a0 En ce qui concerne les tilapias, le centre r\u00e9gional\u00a0 songha\u00ef\u00a0 dispose\u00a0 de deux types de tilapia \u00e0 savoir les tilapias orl\u00e9o promus et les tilapias orl\u00e9o chromis niloticus.\u00a0 Ces esp\u00e8ces\u00a0 se multiplient tant \u00e0 travers un mode de reproduction naturel qu\u2019artificielle et ce par des ins\u00e9minations. Ces diff\u00e9rentes reproductions de ces distinctes esp\u00e8ces permettent au centre, de n\u2019\u00eatre en manque d\u2019esp\u00e8ces.<\/p><p style=\"text-align: justify;\">Dans le souci d\u2019offrir de meilleurs \u00a0produits,\u00a0 pr\u00e9sentant des caract\u00e9ristiques certifi\u00e9es, le centre dispose et d\u00e9veloppe\u00a0 un mode de ma\u00eetrise touchant la qualit\u00e9 de l\u2019eau , la maitrise du cycle de reproduction , de l\u2019entretien des \u00e9tangs et des \u00a0bassins et l\u2019alimentation des poissons \u00e0 travers les ressources locales\u00a0.\u00a0Ce dernier transforme ainsi le lisier du porc et la fiente de poulets en larves de mouches et d\u2019asticots qui sont un r\u00e9gal pour les poissons. Les d\u00e9chets des diff\u00e9rentes activit\u00e9s du centre qui, li\u00e9s avec l\u2019amidon du manioc, sont aussi utilis\u00e9s pour la fabrication\u00a0 d\u2019excellent boulettes pour la provende piscicole. Les termites et les verres de terres \u00e9lev\u00e9s dans le centre constituent aussi de tr\u00e8s bonnes nourritures pour les poissons. (Cf. Quand l\u2019Afrique rel\u00e8ve la t\u00eate de Godfrey NZAMUJO P\u00a0.95-96). De plus, la pisciculture ou l&#8217;\u00e9levage des poissons appara\u00eet aujourd&#8217;hui \u00a0comme\u00a0 une solution\u00a0 pour tirer un meilleur\u00a0 parti de notre terre et de notre eau\u00a0 faisant sans doute partie de nos richesses naturelles. La valorisation de ces richesses dont ne cesse de fait preuve d\u2019ailleurs, de fa\u00e7on quotidienne le centre songha\u00ef, et qui fait partie d\u2019ailleurs d\u2019un des \u00a0piliers sur lequel il se repose.<\/p><p style=\"text-align: justify;\">\u00a0\u00a0\u00a0\u00a0\u00a0\u00a0\u00a0 Notons tout de m\u00eame qu\u2019appartenant \u00e0\u00a0 la famille des cichlides (th\u00e8me\u00a0 qui d\u00e9crit un groupe arbitraire de poissons tropicaux de petite taille de la famille Cichlide), le tilapia est un poisson d&#8217;eau douce ou \u00a0chaude comptant une centaine d\u2019esp\u00e8ces, dont certaines s\u2019adaptent tr\u00e8s bien aux eaux de mer. Originaire d&#8217;Afrique, il a \u00e9t\u00e9 \u00e9lev\u00e9\u00a0 en Asie, en Am\u00e9rique ainsi qu\u2019en Europe durant la seconde moiti\u00e9\u00a0 du 20e si\u00e8cle. Couvert de petites \u00e9cailles, il a un corps assez court et une longue nageoire dorsale. Le tilapia est la principale esp\u00e8ce \u00e9lev\u00e9e en Afrique et\u00a0 dans le monde et le plus accentu\u00e9 au centre r\u00e9gional songha\u00ef.<\/p><p>En effet, sur les sites SONGHA\u00cf au B\u00e9nin, divers types et races d\u2019animaux sont \u00e9lev\u00e9s et suivent un minutieux traitement dans leur cycle de reproduction. Plusieurs unit\u00e9s coordonnent, dans une rigueur et un strict contr\u00f4le sanitaire, le suivi, la ma\u00eetrise et la conduite des t\u00e2ches li\u00e9es \u00e0 cette production.<\/p><p>La Production animale au Centre Songha\u00ef regroupe plusieurs esp\u00e8ces au nombre desquelles nous pouvons citer\u00a0:<\/p><ul><li>Les volailles (poules, pintades, dindes, canards, oie, cailles, autruches, pigeons, \u2026)\u00a0;<\/li><li>Les mammif\u00e8res (Moutons, ch\u00e8vres, porcs, aulacodes, lapins,\u2026) ;<\/li><li>La pisciculture (Carpes, poisson-chat, tilapias, Clarias, crevettes, \u2026).<\/li><\/ul><p>Dans la basse-cour du Centre Songha\u00ef, on y retrouve\u00a0:<\/p><p>Au niveau de l\u2019esp\u00e8ce \u00ab\u00a0Poules\u00a0\u00bb, on distingue plusieurs souches\u00a0:<\/p><ul><li>Les poules pondeuses,<\/li><li>Les poulets de chairs,<\/li><li>Les poulets am\u00e9lior\u00e9s (race obtenue du croisement de poulet local et qui servent \u00e0 la reproduction et permettent d\u2019obtenir les poussins, les poulets-chair, et les \u0153ufs).<\/li><\/ul><p>Dans le rang des canards autrement appel\u00e9s les \u00ab\u00a0oiseaux d\u2019eau\u00a0\u00bb, nous avons chez nous\u00a0:<\/p><ul><li>Les canards barbaries,<\/li><li>Les canards p\u00e9kin ou col vert,<\/li><li>Les oies.<\/li><\/ul><p>Quant aux Pintades, on a :<\/p><ul><li>Les pintades locales,<\/li><li>Les Pintades Chair et<\/li><li>Les Pintades am\u00e9lior\u00e9es (croisement de pintade locale et de chair).<\/li><\/ul><p>Nombreuses sont les techniques adopt\u00e9es dans l\u2019\u00e9levage des volailles, car de chaque technique, ressort un produit utile, soit pour la production v\u00e9g\u00e9tale et\/ou le biogaz\u00a0:<\/p><ul><li>L\u2019\u00e9levage sur pilotis\u00a0: avec cette technique, des pailles et\/ou des feuilles v\u00e9g\u00e9tales sont \u00e9tal\u00e9es sous les cages des volailles, ce qui permet de recueillir les fientes\u00a0; celles-ci m\u00e9lang\u00e9es avec les feuilles v\u00e9g\u00e9tales deviennent du \u00ab\u00a0bokashi\u00a0\u00bb (mati\u00e8res organiques ferment\u00e9es)\u00a0; dans son concept de syst\u00e8me int\u00e9gr\u00e9, le \u00ab\u00a0bokashi\u00a0\u00bb riche en micro-organismes, est utilis\u00e9 soit, directement au sol pour l\u2019enrichir en nutriments et le fertiliser, soit dans la fabrication du compost (fertilisants naturel pour le sol).<\/li><li>L\u2019\u00e9levage sur batterie\u00a0pour les poules pondeuses : cette technique permet de recueillir facilement les \u0153ufs pondus\u00a0; elle ressemble \u00e0 celle sur pilotis, \u00e0 la diff\u00e9rence qu\u2019ici, le syst\u00e8me est automatique et on\u00e9reux, car \u00e9lectrique.\u00a0<\/li><li>L\u2019\u00e9levage sur liti\u00e8re pour la production des poulets de chair\u00a0: Cette technique consiste \u00e0 planter des arbres aux alentours des liti\u00e8res qui servent \u00e0 la brise vent et \u00e0 prot\u00e9ger les pilotis,<\/li><li>L\u2019\u00e9levage direct sur sol pour l\u2019engraissement des poulets.<\/li><\/ul><p>Le centre Songha\u00ef s\u2019est \u00e9galement lanc\u00e9 ces derni\u00e8res ann\u00e9es dans la production des poussins d\u2019un jour. De l&#8217;alimentation &#8220;bio&#8221; des volailles \u00e0 la ponte des \u0153ufs pour aboutir \u00e0 l&#8217;\u00e9closerie, le processus rigoureux et minutieux dans le strict respect des normes \u00e9cologiques a t\u00f4t fait d&#8217;offrir au finish, plusieurs centaines de poussins bien portant. Pr\u00e9cisons que ces poussins d&#8217;un jour sont issus de lignes pures (race unique) et de lignes crois\u00e9es (accouplement de race diff\u00e9rentes) ; une technique innovante adopt\u00e9e par le Centre Songha\u00ef pour enrichir ses multiples vari\u00e9t\u00e9s dans la gamme des volailles.<\/p><p>Dans le parc d\u2019\u00e9levage des mammif\u00e8res au Centre Songha\u00ef, pr\u00e9cisons que des abris sont r\u00e9serv\u00e9s \u00e0 chaque esp\u00e8ce\u00a0: les ovins, les caprins, les porcs, les aulacodes, les lapins, les escargots (mollusque), \u2026<\/p><p>Il importe de signaler qu\u2019au-del\u00e0 des mammif\u00e8res traditionnels, le Centre SONGHA\u00cf s\u2019investi \u00e9galement dans l\u2019\u00e9levage des chevaux, des \u00e2nes, des ca\u00efmans et des autruches. Un espace leur est r\u00e9serv\u00e9 et donne un attrait d\u2019\u00e9co-tourisme au Centre.<\/p><p>Au niveau de l\u2019\u00e9levage des poissons, vu les diff\u00e9rentes exp\u00e9rimentations et techniques d\u00e9velopp\u00e9es au Centre Songha\u00ef, un cadre exceptionnel lui est r\u00e9serv\u00e9 (conf\u00e8re page Pisciculture sur le site).<\/p><p>L\u2019alimentation des animaux \u00e0 Songha\u00ef est bien particuli\u00e8re. Ici, outre la provende \u00ab\u00a0bio\u00a0\u00bb fabriqu\u00e9e dans le centre (en farine ou en granul\u00e9e), la ration v\u00e9g\u00e9tale est associ\u00e9e pour une croissance et une forte production des animaux.<\/p><p>Cette alimentation tr\u00e8s \u00e9conomique, renforce leur syst\u00e8me immunitaire,\u00a0facilite leur digestion, r\u00e9duit le cannibalisme entre certaines esp\u00e8ces, diminue leur graisse, \u2026 ce qui leur procure bien-\u00eatre et par ricochet une production optimum. Les b\u00e2timents de la production animale subissent des entretiens et contr\u00f4le sanitaire rigoureux. Des traitements pr\u00e9ventifs y sont souvent effectu\u00e9s.<\/p>\t\t\t\t\t\t\t\t<\/div>\n\t\t\t\t<\/div>\n\t\t\t\t\t<\/div>\n\t\t<\/div>\n\t\t\t\t\t<\/div>\n\t\t<\/section>\n\t\t\t\t<section class=\"elementor-section elementor-top-section elementor-element elementor-element-11ccfb24 elementor-section-stretched elementor-section-boxed elementor-section-height-default elementor-section-height-default tf-parallax-no\" data-id=\"11ccfb24\" data-element_type=\"section\" data-settings=\"{&quot;stretch_section&quot;:&quot;section-stretched&quot;,&quot;background_background&quot;:&quot;classic&quot;}\">\n\t\t\t\t\t\t<div class=\"elementor-container elementor-column-gap-extended\">\n\t\t\t\t\t<div class=\"elementor-column elementor-col-100 elementor-top-column elementor-element elementor-element-637ab0e5\" data-id=\"637ab0e5\" data-element_type=\"column\">\n\t\t\t<div class=\"elementor-widget-wrap elementor-element-populated\">\n\t\t\t\t\t\t<section class=\"elementor-section elementor-inner-section elementor-element elementor-element-f2959e8 elementor-section-full_width elementor-section-height-default elementor-section-height-default\" data-id=\"f2959e8\" data-element_type=\"section\">\n\t\t\t\t\t\t<div class=\"elementor-container elementor-column-gap-wider\">\n\t\t\t\t\t<div class=\"elementor-column elementor-col-33 elementor-inner-column elementor-element elementor-element-52f27dd0\" data-id=\"52f27dd0\" data-element_type=\"column\">\n\t\t\t<div class=\"elementor-widget-wrap elementor-element-populated\">\n\t\t\t\t\t\t<div class=\"elementor-element elementor-element-4023bfbf line-top elementor-widget elementor-widget-tfimagebox\" data-id=\"4023bfbf\" data-element_type=\"widget\" data-widget_type=\"tfimagebox.default\">\n\t\t\t\t<div class=\"elementor-widget-container\">\n\t\t\t\t\t<div class=\"tf-imagebox style-1\"> \r\n                <div class=\"image\"><img fetchpriority=\"high\" decoding=\"async\" width=\"1024\" height=\"768\" src=\"https:\/\/songhai.org\/wp-content\/uploads\/2017\/04\/Image-3-1-1024x768.jpg\" class=\"attachment-large size-large wp-image-7740\" alt=\"\" srcset=\"https:\/\/songhai.org\/wp-content\/uploads\/2017\/04\/Image-3-1-1024x768.jpg 1024w, https:\/\/songhai.org\/wp-content\/uploads\/2017\/04\/Image-3-1-300x225.jpg 300w, https:\/\/songhai.org\/wp-content\/uploads\/2017\/04\/Image-3-1-768x576.jpg 768w, https:\/\/songhai.org\/wp-content\/uploads\/2017\/04\/Image-3-1-600x450.jpg 600w, https:\/\/songhai.org\/wp-content\/uploads\/2017\/04\/Image-3-1.jpg 1200w\" sizes=\"(max-width: 1024px) 100vw, 1024px\" \/> <div class=\"image-overlay fade-in\"><\/div><\/div>\r\n                <div class=\"content-only\"> \r\n                \t               \t              \r\n\t\t\t\t\t<h4 class=\"title\"><a href=\"https:\/\/songhai.org\/en\/production-vegetale\/\"  >Production v\u00e9g\u00e9tale<\/a><\/h4>\r\n\t\t\t\t<\/div>\r\n                <div class=\"content\">\t\r\n                \t                \r\n\t\t\t\t\t<h4 class=\"title\"><a href=\"https:\/\/songhai.org\/en\/production-vegetale\/\"  >Production v\u00e9g\u00e9tale<\/a><\/h4>\r\n\t                \r\n\t                <div class=\"tf-button-container\"><a class=\"tf-button bt_icon_after btn-overlay default-theme\" href=\"https:\/\/songhai.org\/en\/production-vegetale\/\"  >Read more ... <i class=\"fas fa-arrow-right\"><\/i><\/a><\/div>\r\n\t\t\t\t<\/div>\r\n            <\/div>\t\t\t\t<\/div>\n\t\t\t\t<\/div>\n\t\t\t\t\t<\/div>\n\t\t<\/div>\n\t\t\t\t<div class=\"elementor-column elementor-col-33 elementor-inner-column elementor-element elementor-element-4505de25\" data-id=\"4505de25\" data-element_type=\"column\">\n\t\t\t<div class=\"elementor-widget-wrap elementor-element-populated\">\n\t\t\t\t\t\t<div class=\"elementor-element elementor-element-3166634e line-top elementor-widget elementor-widget-tfimagebox\" data-id=\"3166634e\" data-element_type=\"widget\" data-widget_type=\"tfimagebox.default\">\n\t\t\t\t<div class=\"elementor-widget-container\">\n\t\t\t\t\t<div class=\"tf-imagebox style-1\"> \r\n                <div class=\"image\"><img decoding=\"async\" width=\"1024\" height=\"683\" src=\"https:\/\/songhai.org\/wp-content\/uploads\/2017\/04\/Image00001-1-1024x683.jpg\" class=\"attachment-large size-large wp-image-3524\" alt=\"\" srcset=\"https:\/\/songhai.org\/wp-content\/uploads\/2017\/04\/Image00001-1-1024x683.jpg 1024w, https:\/\/songhai.org\/wp-content\/uploads\/2017\/04\/Image00001-1-300x200.jpg 300w, https:\/\/songhai.org\/wp-content\/uploads\/2017\/04\/Image00001-1-768x512.jpg 768w, https:\/\/songhai.org\/wp-content\/uploads\/2017\/04\/Image00001-1-600x400.jpg 600w, https:\/\/songhai.org\/wp-content\/uploads\/2017\/04\/Image00001-1.jpg 1200w\" sizes=\"(max-width: 1024px) 100vw, 1024px\" \/> <div class=\"image-overlay fade-in\"><\/div><\/div>\r\n                <div class=\"content-only\"> \r\n                \t               \t              \r\n\t\t\t\t\t<h4 class=\"title\"><a href=\"https:\/\/songhai.org\/en\/production-animale\/\"  >Production animale<\/a><\/h4>\r\n\t\t\t\t<\/div>\r\n                <div class=\"content\">\t\r\n                \t                \r\n\t\t\t\t\t<h4 class=\"title\"><a href=\"https:\/\/songhai.org\/en\/production-animale\/\"  >Production animale<\/a><\/h4>\r\n\t                \r\n\t                <div class=\"tf-button-container\"><a class=\"tf-button bt_icon_after btn-overlay default-theme\" href=\"https:\/\/songhai.org\/en\/production-animale\/\"  >Read more ... <i class=\"fas fa-arrow-right\"><\/i><\/a><\/div>\r\n\t\t\t\t<\/div>\r\n            <\/div>\t\t\t\t<\/div>\n\t\t\t\t<\/div>\n\t\t\t\t\t<\/div>\n\t\t<\/div>\n\t\t\t\t<div class=\"elementor-column elementor-col-33 elementor-inner-column elementor-element elementor-element-11b22913\" data-id=\"11b22913\" data-element_type=\"column\">\n\t\t\t<div class=\"elementor-widget-wrap elementor-element-populated\">\n\t\t\t\t\t\t<div class=\"elementor-element elementor-element-49119f11 line-top elementor-widget elementor-widget-tfimagebox\" data-id=\"49119f11\" data-element_type=\"widget\" data-widget_type=\"tfimagebox.default\">\n\t\t\t\t<div class=\"elementor-widget-container\">\n\t\t\t\t\t<div class=\"tf-imagebox style-1\"> \r\n                <div class=\"image\"><img decoding=\"async\" width=\"1024\" height=\"639\" src=\"https:\/\/songhai.org\/wp-content\/uploads\/2020\/06\/IMG_9554-1024x639.jpg\" class=\"attachment-large size-large wp-image-3696\" alt=\"\" srcset=\"https:\/\/songhai.org\/wp-content\/uploads\/2020\/06\/IMG_9554-1024x639.jpg 1024w, https:\/\/songhai.org\/wp-content\/uploads\/2020\/06\/IMG_9554-300x187.jpg 300w, https:\/\/songhai.org\/wp-content\/uploads\/2020\/06\/IMG_9554-768x479.jpg 768w, https:\/\/songhai.org\/wp-content\/uploads\/2020\/06\/IMG_9554-600x375.jpg 600w, https:\/\/songhai.org\/wp-content\/uploads\/2020\/06\/IMG_9554.jpg 1200w\" sizes=\"(max-width: 1024px) 100vw, 1024px\" \/> <div class=\"image-overlay fade-in\"><\/div><\/div>\r\n                <div class=\"content-only\"> \r\n                \t               \t              \r\n\t\t\t\t\t<h4 class=\"title\"><a href=\"https:\/\/songhai.org\/en\/pisciculture\/\"  >Production piscicole<\/a><\/h4>\r\n\t\t\t\t<\/div>\r\n                <div class=\"content\">\t\r\n                \t                \r\n\t\t\t\t\t<h4 class=\"title\"><a href=\"https:\/\/songhai.org\/en\/pisciculture\/\"  >Production piscicole<\/a><\/h4>\r\n\t                \r\n\t                <div class=\"tf-button-container\"><a class=\"tf-button bt_icon_after btn-overlay default-theme\" href=\"https:\/\/songhai.org\/en\/pisciculture\/\"  >Read more ... <i class=\"fas fa-arrow-right\"><\/i><\/a><\/div>\r\n\t\t\t\t<\/div>\r\n            <\/div>\t\t\t\t<\/div>\n\t\t\t\t<\/div>\n\t\t\t\t\t<\/div>\n\t\t<\/div>\n\t\t\t\t\t<\/div>\n\t\t<\/section>\n\t\t\t\t\t<\/div>\n\t\t<\/div>\n\t\t\t\t\t<\/div>\n\t\t<\/section>\n\t\t\t\t<\/div>","protected":false},"excerpt":{"rendered":"<p>PISCICULTUREPISCICULTUREPISCICULTURE Previous Next LA PISCICULTURE Les d\u00e9fis \u00e9conomiques, environnementaux et nutritionnels actuels du B\u00e9nin en particulier et\u00a0 du continent africain tout entier en g\u00e9n\u00e9ral,\u00a0 semblent \u00a0\u00eatre des pr\u00e9occupations au c\u0153ur des \u00a0individus d\u00e9sirant \u00a0ne plus entendre parler de la pauvret\u00e9 et de l\u2019ins\u00e9curit\u00e9 \u00a0alimentaire en Afrique. Des [&hellip;]<\/p>","protected":false},"author":1,"featured_media":0,"parent":0,"menu_order":0,"comment_status":"closed","ping_status":"closed","template":"","meta":{"_monsterinsights_skip_tracking":false,"_monsterinsights_sitenote_active":false,"_monsterinsights_sitenote_note":"","_monsterinsights_sitenote_category":0,"footnotes":""},"class_list":["post-2313","page","type-page","status-publish","hentry"],"_links":{"self":[{"href":"https:\/\/songhai.org\/en\/wp-json\/wp\/v2\/pages\/2313","targetHints":{"allow":["GET"]}}],"collection":[{"href":"https:\/\/songhai.org\/en\/wp-json\/wp\/v2\/pages"}],"about":[{"href":"https:\/\/songhai.org\/en\/wp-json\/wp\/v2\/types\/page"}],"author":[{"embeddable":true,"href":"https:\/\/songhai.org\/en\/wp-json\/wp\/v2\/users\/1"}],"replies":[{"embeddable":true,"href":"https:\/\/songhai.org\/en\/wp-json\/wp\/v2\/comments?post=2313"}],"version-history":[{"count":18,"href":"https:\/\/songhai.org\/en\/wp-json\/wp\/v2\/pages\/2313\/revisions"}],"predecessor-version":[{"id":8701,"href":"https:\/\/songhai.org\/en\/wp-json\/wp\/v2\/pages\/2313\/revisions\/8701"}],"wp:attachment":[{"href":"https:\/\/songhai.org\/en\/wp-json\/wp\/v2\/media?parent=2313"}],"curies":[{"name":"wp","href":"https:\/\/api.w.org\/{rel}","templated":true}]}}