{"id":2315,"date":"2017-04-09T23:27:19","date_gmt":"2017-04-09T23:27:19","guid":{"rendered":"http:\/\/songhai.org\/newsite\/?page_id=2315"},"modified":"2023-02-28T09:24:56","modified_gmt":"2023-02-28T08:24:56","slug":"usine-de-jus","status":"publish","type":"page","link":"https:\/\/songhai.org\/en\/usine-de-jus\/","title":{"rendered":"Usine de jus"},"content":{"rendered":"<div data-elementor-type=\"wp-page\" data-elementor-id=\"2315\" class=\"elementor elementor-2315\" data-elementor-post-type=\"page\">\n\t\t\t\t\t\t<section class=\"elementor-section elementor-top-section elementor-element elementor-element-67c56fcd elementor-section-stretched elementor-section-full_width elementor-section-height-default elementor-section-height-default\" data-id=\"67c56fcd\" data-element_type=\"section\" data-settings=\"{&quot;stretch_section&quot;:&quot;section-stretched&quot;}\">\n\t\t\t\t\t\t<div class=\"elementor-container elementor-column-gap-default\">\n\t\t\t\t\t<div class=\"elementor-column elementor-col-100 elementor-top-column elementor-element elementor-element-285c0c9b\" data-id=\"285c0c9b\" data-element_type=\"column\">\n\t\t\t<div class=\"elementor-widget-wrap elementor-element-populated\">\n\t\t\t\t\t\t<div class=\"elementor-element elementor-element-72d342ea elementor--h-position-center elementor--v-position-middle elementor-arrows-position-inside elementor-pagination-position-inside elementor-widget elementor-widget-slides\" data-id=\"72d342ea\" data-element_type=\"widget\" data-settings=\"{&quot;transition&quot;:&quot;fade&quot;,&quot;navigation&quot;:&quot;both&quot;,&quot;autoplay&quot;:&quot;yes&quot;,&quot;pause_on_interaction&quot;:&quot;yes&quot;,&quot;autoplay_speed&quot;:5000,&quot;infinite&quot;:&quot;yes&quot;,&quot;transition_speed&quot;:500}\" data-widget_type=\"slides.default\">\n\t\t\t\t<div class=\"elementor-widget-container\">\n\t\t\t\t\t\t\t\t\t<div class=\"elementor-swiper\">\n\t\t\t\t\t<div class=\"elementor-slides-wrapper elementor-main-swiper swiper\" role=\"region\" aria-roledescription=\"carousel\" aria-label=\"Slides\" dir=\"ltr\" data-animation=\"fadeInUp\" data-no-translation-aria-label=\"\">\n\t\t\t\t<div class=\"swiper-wrapper elementor-slides\">\n\t\t\t\t\t\t\t\t\t\t<div class=\"elementor-repeater-item-a383699 swiper-slide\" role=\"group\" aria-roledescription=\"slide\"><div class=\"swiper-slide-bg elementor-ken-burns elementor-ken-burns--in\" role=\"img\"><\/div><div class=\"elementor-background-overlay\"><\/div><div class=\"swiper-slide-inner\" ><div class=\"swiper-slide-contents\"><div class=\"elementor-slide-heading\">USINE DE JUS<\/div><\/div><\/div><\/div><div class=\"elementor-repeater-item-598abca swiper-slide\" role=\"group\" aria-roledescription=\"slide\"><div class=\"swiper-slide-bg elementor-ken-burns elementor-ken-burns--in\" role=\"img\"><\/div><div class=\"elementor-background-overlay\"><\/div><div class=\"swiper-slide-inner\" ><div class=\"swiper-slide-contents\"><div class=\"elementor-slide-heading\">USINE DE JUS<\/div><\/div><\/div><\/div><div class=\"elementor-repeater-item-36e0299 swiper-slide\" role=\"group\" aria-roledescription=\"slide\"><div class=\"swiper-slide-bg elementor-ken-burns elementor-ken-burns--in\" role=\"img\"><\/div><div class=\"elementor-background-overlay\"><\/div><div class=\"swiper-slide-inner\" ><div class=\"swiper-slide-contents\"><div class=\"elementor-slide-heading\">USINE DE JUS<\/div><\/div><\/div><\/div>\t\t\t\t<\/div>\n\t\t\t\t\t\t\t\t\t\t\t\t\t\t\t<div class=\"elementor-swiper-button elementor-swiper-button-prev\" role=\"button\" tabindex=\"0\" aria-label=\"Previous slide\" data-no-translation-aria-label=\"\">\n\t\t\t\t\t\t\t<i aria-hidden=\"true\" class=\"eicon-chevron-left\"><\/i>\t\t\t\t\t\t<\/div>\n\t\t\t\t\t\t<div class=\"elementor-swiper-button elementor-swiper-button-next\" role=\"button\" tabindex=\"0\" aria-label=\"Next slide\" data-no-translation-aria-label=\"\">\n\t\t\t\t\t\t\t<i aria-hidden=\"true\" class=\"eicon-chevron-right\"><\/i>\t\t\t\t\t\t<\/div>\n\t\t\t\t\t\t\t\t\t\t\t\t\t\t\t\t<div class=\"swiper-pagination\"><\/div>\n\t\t\t\t\t\t\t\t\t\t\t\t<\/div>\n\t\t\t\t<\/div>\n\t\t\t\t\t\t\t\t<\/div>\n\t\t\t\t<\/div>\n\t\t\t\t\t<\/div>\n\t\t<\/div>\n\t\t\t\t\t<\/div>\n\t\t<\/section>\n\t\t\t\t<section class=\"elementor-section elementor-top-section elementor-element elementor-element-71b2147d elementor-section-boxed elementor-section-height-default elementor-section-height-default\" data-id=\"71b2147d\" data-element_type=\"section\">\n\t\t\t\t\t\t<div class=\"elementor-container elementor-column-gap-default\">\n\t\t\t\t\t<div class=\"elementor-column elementor-col-100 elementor-top-column elementor-element elementor-element-c257ada\" data-id=\"c257ada\" data-element_type=\"column\">\n\t\t\t<div class=\"elementor-widget-wrap elementor-element-populated\">\n\t\t\t\t\t\t<div class=\"elementor-element elementor-element-67babc5c elementor-widget elementor-widget-text-editor\" data-id=\"67babc5c\" data-element_type=\"widget\" data-widget_type=\"text-editor.default\">\n\t\t\t\t<div class=\"elementor-widget-container\">\n\t\t\t\t\t\t\t\t\t<p style=\"text-align: justify;\">Bienvenue \u00e0 l\u2019usine de transformation des fruits et de production de jus et d\u2019eau de boisson du\u00a0 centre songha\u00ef. De la production en passant par la transformation jusqu\u2019\u00e0 la commercialisation, des technologies sp\u00e9cifiques sont utilis\u00e9es pour vous permettre d\u2019obtenir un bon produit, et ce \u00e0 travers une\u00a0 panoplie de jus de fruits, et de l\u2019eau de boisson\u00a0 que nous vous proposons.<\/p><h3 style=\"text-align: justify;\">De l&#8217;eau de boisson<\/h3><p style=\"text-align: justify;\">Quand vous n\u2019\u00eates pas bien hydrat\u00e9, votre cerveau est le premier \u00e0 en ressentir les effets, avec des maux de t\u00eate, un manque de concentration et une r\u00e9duction de votre facult\u00e9 de m\u00e9morisation. Le centre songha\u00ef met \u00e0 votre disposition un \u00e9ventail d\u2019eau purement naturelle comme le pure water disponible en sachet; la grande bouteille de 100cl et la petite bouteille de 55cl, contenant d\u2019\u00e9normes substances nutritives telles que le nitrate, le fer, le magn\u00e9sium, le potassium, le chrome qui assurent votre bien \u2013 \u00eatre. Ces diff\u00e9rentes vari\u00e9t\u00e9s d\u2019eau sont disponibles dans nos centres commerciaux.<\/p><h3 style=\"text-align: justify;\">Les jus de fruits<\/h3><p style=\"text-align: justify;\">Compos\u00e9s de vitamines, des min\u00e9raux, des antioxydants et des fibres alimentaires en quantit\u00e9, les fruits prot\u00e8gent les cellules de votre corps.<br \/>Depuis sa cr\u00e9ation, le centre songha\u00ef essaye de satisfaire vos besoins en mati\u00e8re de consommation et d\u2019approvisionnement de jus de fruits. Plusieurs vari\u00e9t\u00e9s de jus de fruits telles que les jus d\u2019ananas, de d\u2019orange, de gingembre, d\u2019orange, riches en calories, en vitamines A, B1, B2, B3, B6, et en vitamine E sont disponibles dans nos diff\u00e9rentes agences.<\/p>\t\t\t\t\t\t\t\t<\/div>\n\t\t\t\t<\/div>\n\t\t\t\t\t<\/div>\n\t\t<\/div>\n\t\t\t\t\t<\/div>\n\t\t<\/section>\n\t\t\t\t<section class=\"elementor-section elementor-top-section elementor-element elementor-element-10cfc829 elementor-section-stretched elementor-section-boxed elementor-section-height-default elementor-section-height-default tf-parallax-no\" data-id=\"10cfc829\" data-element_type=\"section\" data-settings=\"{&quot;stretch_section&quot;:&quot;section-stretched&quot;,&quot;background_background&quot;:&quot;classic&quot;}\">\n\t\t\t\t\t\t<div class=\"elementor-container elementor-column-gap-extended\">\n\t\t\t\t\t<div class=\"elementor-column elementor-col-100 elementor-top-column elementor-element elementor-element-256b2503\" data-id=\"256b2503\" data-element_type=\"column\">\n\t\t\t<div class=\"elementor-widget-wrap elementor-element-populated\">\n\t\t\t\t\t\t<section class=\"elementor-section elementor-inner-section elementor-element elementor-element-1bbc0c6f elementor-section-full_width elementor-section-height-default elementor-section-height-default\" data-id=\"1bbc0c6f\" data-element_type=\"section\">\n\t\t\t\t\t\t<div class=\"elementor-container elementor-column-gap-wider\">\n\t\t\t\t\t<div class=\"elementor-column elementor-col-33 elementor-inner-column elementor-element elementor-element-6d94c6c6\" data-id=\"6d94c6c6\" data-element_type=\"column\">\n\t\t\t<div class=\"elementor-widget-wrap elementor-element-populated\">\n\t\t\t\t\t\t<div class=\"elementor-element elementor-element-79225de2 line-top elementor-widget elementor-widget-tfimagebox\" data-id=\"79225de2\" data-element_type=\"widget\" data-widget_type=\"tfimagebox.default\">\n\t\t\t\t<div class=\"elementor-widget-container\">\n\t\t\t\t\t<div class=\"tf-imagebox style-1\"> \r\n                <div class=\"image\"><img fetchpriority=\"high\" decoding=\"async\" width=\"1024\" height=\"754\" src=\"https:\/\/songhai.org\/wp-content\/uploads\/2017\/07\/38-e1500629762937-1024x754.jpg\" class=\"attachment-large size-large wp-image-2475\" alt=\"\" srcset=\"https:\/\/songhai.org\/wp-content\/uploads\/2017\/07\/38-e1500629762937-1024x754.jpg 1024w, https:\/\/songhai.org\/wp-content\/uploads\/2017\/07\/38-e1500629762937-300x221.jpg 300w, https:\/\/songhai.org\/wp-content\/uploads\/2017\/07\/38-e1500629762937-768x566.jpg 768w, https:\/\/songhai.org\/wp-content\/uploads\/2017\/07\/38-e1500629762937-600x442.jpg 600w, https:\/\/songhai.org\/wp-content\/uploads\/2017\/07\/38-e1500629762937.jpg 1086w\" sizes=\"(max-width: 1024px) 100vw, 1024px\" \/> <div class=\"image-overlay fade-in\"><\/div><\/div>\r\n                <div class=\"content-only\"> \r\n                \t               \t              \r\n\t\t\t\t\t<h4 class=\"title\"><a href=\"https:\/\/songhai.org\/en\/usine-de-jus\/\"  >Usine de jus<\/a><\/h4>\r\n\t\t\t\t<\/div>\r\n                <div class=\"content\">\t\r\n                \t                \r\n\t\t\t\t\t<h4 class=\"title\"><a href=\"https:\/\/songhai.org\/en\/usine-de-jus\/\"  >Usine de jus<\/a><\/h4>\r\n\t                \r\n\t                <div class=\"tf-button-container\"><a class=\"tf-button bt_icon_after btn-overlay default-theme\" href=\"https:\/\/songhai.org\/en\/usine-de-jus\/\"  >Read more ... <i class=\"fas fa-arrow-right\"><\/i><\/a><\/div>\r\n\t\t\t\t<\/div>\r\n            <\/div>\t\t\t\t<\/div>\n\t\t\t\t<\/div>\n\t\t\t\t\t<\/div>\n\t\t<\/div>\n\t\t\t\t<div class=\"elementor-column elementor-col-33 elementor-inner-column elementor-element elementor-element-571c06a4\" data-id=\"571c06a4\" data-element_type=\"column\">\n\t\t\t<div class=\"elementor-widget-wrap elementor-element-populated\">\n\t\t\t\t\t\t<div class=\"elementor-element elementor-element-66665236 line-top elementor-widget elementor-widget-tfimagebox\" data-id=\"66665236\" data-element_type=\"widget\" data-widget_type=\"tfimagebox.default\">\n\t\t\t\t<div class=\"elementor-widget-container\">\n\t\t\t\t\t<div class=\"tf-imagebox style-1\"> \r\n                <div class=\"image\"><img decoding=\"async\" width=\"300\" height=\"200\" src=\"https:\/\/songhai.org\/wp-content\/uploads\/2017\/04\/laiterie1-e1519671524651.jpg\" class=\"attachment-large size-large wp-image-3404\" alt=\"\" \/> <div class=\"image-overlay fade-in\"><\/div><\/div>\r\n                <div class=\"content-only\"> \r\n                \t               \t              \r\n\t\t\t\t\t<h4 class=\"title\"><a href=\"https:\/\/songhai.org\/en\/usine-de-laiterie-et-patisserie\/\"  >Laiterie et Patisserie<\/a><\/h4>\r\n\t\t\t\t<\/div>\r\n                <div class=\"content\">\t\r\n                \t                \r\n\t\t\t\t\t<h4 class=\"title\"><a href=\"https:\/\/songhai.org\/en\/usine-de-laiterie-et-patisserie\/\"  >Laiterie et Patisserie<\/a><\/h4>\r\n\t                \r\n\t                <div class=\"tf-button-container\"><a class=\"tf-button bt_icon_after btn-overlay default-theme\" href=\"https:\/\/songhai.org\/en\/usine-de-laiterie-et-patisserie\/\"  >Read more ... <i class=\"fas fa-arrow-right\"><\/i><\/a><\/div>\r\n\t\t\t\t<\/div>\r\n            <\/div>\t\t\t\t<\/div>\n\t\t\t\t<\/div>\n\t\t\t\t\t<\/div>\n\t\t<\/div>\n\t\t\t\t<div class=\"elementor-column elementor-col-33 elementor-inner-column elementor-element elementor-element-6053c920\" data-id=\"6053c920\" data-element_type=\"column\">\n\t\t\t<div class=\"elementor-widget-wrap elementor-element-populated\">\n\t\t\t\t\t\t<div class=\"elementor-element elementor-element-6ded3087 line-top elementor-widget elementor-widget-tfimagebox\" data-id=\"6ded3087\" data-element_type=\"widget\" data-widget_type=\"tfimagebox.default\">\n\t\t\t\t<div class=\"elementor-widget-container\">\n\t\t\t\t\t<div class=\"tf-imagebox style-1\"> \r\n                <div class=\"image\"><img decoding=\"async\" width=\"1024\" height=\"683\" src=\"https:\/\/songhai.org\/wp-content\/uploads\/2017\/07\/IMG_3992-1024x683.jpg\" class=\"attachment-large size-large wp-image-2462\" alt=\"\" srcset=\"https:\/\/songhai.org\/wp-content\/uploads\/2017\/07\/IMG_3992-1024x683.jpg 1024w, https:\/\/songhai.org\/wp-content\/uploads\/2017\/07\/IMG_3992-300x200.jpg 300w, https:\/\/songhai.org\/wp-content\/uploads\/2017\/07\/IMG_3992-768x512.jpg 768w, https:\/\/songhai.org\/wp-content\/uploads\/2017\/07\/IMG_3992-600x400.jpg 600w, https:\/\/songhai.org\/wp-content\/uploads\/2017\/07\/IMG_3992.jpg 1200w\" sizes=\"(max-width: 1024px) 100vw, 1024px\" \/> <div class=\"image-overlay fade-in\"><\/div><\/div>\r\n                <div class=\"content-only\"> \r\n                \t               \t              \r\n\t\t\t\t\t<h4 class=\"title\"><a href=\"https:\/\/songhai.org\/en\/artisanat\/\"  >Artisanat<\/a><\/h4>\r\n\t\t\t\t<\/div>\r\n                <div class=\"content\">\t\r\n                \t                \r\n\t\t\t\t\t<h4 class=\"title\"><a href=\"https:\/\/songhai.org\/en\/artisanat\/\"  >Artisanat<\/a><\/h4>\r\n\t                \r\n\t                <div class=\"tf-button-container\"><a class=\"tf-button bt_icon_after btn-overlay default-theme\" href=\"https:\/\/songhai.org\/en\/artisanat\/\"  >Read more ... <i class=\"fas fa-arrow-right\"><\/i><\/a><\/div>\r\n\t\t\t\t<\/div>\r\n            <\/div>\t\t\t\t<\/div>\n\t\t\t\t<\/div>\n\t\t\t\t\t<\/div>\n\t\t<\/div>\n\t\t\t\t\t<\/div>\n\t\t<\/section>\n\t\t\t\t<section class=\"elementor-section elementor-inner-section elementor-element elementor-element-24c0bd2 elementor-section-full_width elementor-section-height-default elementor-section-height-default\" data-id=\"24c0bd2\" data-element_type=\"section\">\n\t\t\t\t\t\t<div class=\"elementor-container elementor-column-gap-wider\">\n\t\t\t\t\t<div class=\"elementor-column elementor-col-33 elementor-inner-column elementor-element elementor-element-3bd36b1e\" data-id=\"3bd36b1e\" data-element_type=\"column\">\n\t\t\t<div class=\"elementor-widget-wrap elementor-element-populated\">\n\t\t\t\t\t\t<div class=\"elementor-element elementor-element-195e87ba line-top elementor-widget elementor-widget-tfimagebox\" data-id=\"195e87ba\" data-element_type=\"widget\" data-widget_type=\"tfimagebox.default\">\n\t\t\t\t<div class=\"elementor-widget-container\">\n\t\t\t\t\t<div class=\"tf-imagebox style-1\"> \r\n                <div class=\"image\"><img loading=\"lazy\" decoding=\"async\" width=\"1024\" height=\"683\" src=\"https:\/\/songhai.org\/wp-content\/uploads\/2017\/07\/IMG_7223-1024x683.jpg\" class=\"attachment-large size-large wp-image-2468\" alt=\"\" srcset=\"https:\/\/songhai.org\/wp-content\/uploads\/2017\/07\/IMG_7223-1024x683.jpg 1024w, https:\/\/songhai.org\/wp-content\/uploads\/2017\/07\/IMG_7223-300x200.jpg 300w, https:\/\/songhai.org\/wp-content\/uploads\/2017\/07\/IMG_7223-768x512.jpg 768w, https:\/\/songhai.org\/wp-content\/uploads\/2017\/07\/IMG_7223-600x400.jpg 600w, https:\/\/songhai.org\/wp-content\/uploads\/2017\/07\/IMG_7223.jpg 1200w\" sizes=\"(max-width: 1024px) 100vw, 1024px\" \/> <div class=\"image-overlay fade-in\"><\/div><\/div>\r\n                <div class=\"content-only\"> \r\n                \t               \t              \r\n\t\t\t\t\t<h4 class=\"title\"><a href=\"https:\/\/songhai.org\/en\/usine-de-snack\/\"  >Usine de Snack<\/a><\/h4>\r\n\t\t\t\t<\/div>\r\n                <div class=\"content\">\t\r\n                \t                \r\n\t\t\t\t\t<h4 class=\"title\"><a href=\"https:\/\/songhai.org\/en\/usine-de-snack\/\"  >Usine de Snack<\/a><\/h4>\r\n\t                \r\n\t                <div class=\"tf-button-container\"><a class=\"tf-button bt_icon_after btn-overlay default-theme\" href=\"https:\/\/songhai.org\/en\/usine-de-snack\/\"  >Read more ... <i class=\"fas fa-arrow-right\"><\/i><\/a><\/div>\r\n\t\t\t\t<\/div>\r\n            <\/div>\t\t\t\t<\/div>\n\t\t\t\t<\/div>\n\t\t\t\t\t<\/div>\n\t\t<\/div>\n\t\t\t\t<div class=\"elementor-column elementor-col-33 elementor-inner-column elementor-element elementor-element-2c18413\" data-id=\"2c18413\" data-element_type=\"column\">\n\t\t\t<div class=\"elementor-widget-wrap elementor-element-populated\">\n\t\t\t\t\t\t<div class=\"elementor-element elementor-element-11f08dda line-top elementor-widget elementor-widget-tfimagebox\" data-id=\"11f08dda\" data-element_type=\"widget\" data-widget_type=\"tfimagebox.default\">\n\t\t\t\t<div class=\"elementor-widget-container\">\n\t\t\t\t\t<div class=\"tf-imagebox style-1\"> \r\n                <div class=\"image\"><img loading=\"lazy\" decoding=\"async\" width=\"1024\" height=\"683\" src=\"https:\/\/songhai.org\/wp-content\/uploads\/2017\/07\/IMG_1782-1024x683.jpg\" class=\"attachment-large size-large wp-image-2469\" alt=\"\" srcset=\"https:\/\/songhai.org\/wp-content\/uploads\/2017\/07\/IMG_1782-1024x683.jpg 1024w, https:\/\/songhai.org\/wp-content\/uploads\/2017\/07\/IMG_1782-300x200.jpg 300w, https:\/\/songhai.org\/wp-content\/uploads\/2017\/07\/IMG_1782-768x512.jpg 768w, https:\/\/songhai.org\/wp-content\/uploads\/2017\/07\/IMG_1782-600x400.jpg 600w, https:\/\/songhai.org\/wp-content\/uploads\/2017\/07\/IMG_1782.jpg 1200w\" sizes=\"(max-width: 1024px) 100vw, 1024px\" \/> <div class=\"image-overlay fade-in\"><\/div><\/div>\r\n                <div class=\"content-only\"> \r\n                \t               \t              \r\n\t\t\t\t\t<h4 class=\"title\"><a href=\"https:\/\/songhai.org\/en\/usine-de-savon\/\"  >Usine de Savon<\/a><\/h4>\r\n\t\t\t\t<\/div>\r\n                <div class=\"content\">\t\r\n                \t                \r\n\t\t\t\t\t<h4 class=\"title\"><a href=\"https:\/\/songhai.org\/en\/usine-de-savon\/\"  >Usine de Savon<\/a><\/h4>\r\n\t                \r\n\t                <div class=\"tf-button-container\"><a class=\"tf-button bt_icon_after btn-overlay default-theme\" href=\"https:\/\/songhai.org\/en\/usine-de-savon\/\"  >Read more ... <i class=\"fas fa-arrow-right\"><\/i><\/a><\/div>\r\n\t\t\t\t<\/div>\r\n            <\/div>\t\t\t\t<\/div>\n\t\t\t\t<\/div>\n\t\t\t\t\t<\/div>\n\t\t<\/div>\n\t\t\t\t<div class=\"elementor-column elementor-col-33 elementor-inner-column elementor-element elementor-element-590dcbff\" data-id=\"590dcbff\" data-element_type=\"column\">\n\t\t\t<div class=\"elementor-widget-wrap elementor-element-populated\">\n\t\t\t\t\t\t<div class=\"elementor-element elementor-element-6f5cfe00 line-top elementor-widget elementor-widget-tfimagebox\" data-id=\"6f5cfe00\" data-element_type=\"widget\" data-widget_type=\"tfimagebox.default\">\n\t\t\t\t<div class=\"elementor-widget-container\">\n\t\t\t\t\t<div class=\"tf-imagebox style-1\"> \r\n                <div class=\"image\"><img loading=\"lazy\" decoding=\"async\" width=\"1024\" height=\"683\" src=\"https:\/\/songhai.org\/wp-content\/uploads\/2017\/04\/Vaneuse-2-1024x768-1.jpg\" class=\"attachment-large size-large wp-image-3610\" alt=\"\" srcset=\"https:\/\/songhai.org\/wp-content\/uploads\/2017\/04\/Vaneuse-2-1024x768-1.jpg 1024w, https:\/\/songhai.org\/wp-content\/uploads\/2017\/04\/Vaneuse-2-1024x768-1-300x200.jpg 300w, https:\/\/songhai.org\/wp-content\/uploads\/2017\/04\/Vaneuse-2-1024x768-1-768x512.jpg 768w, https:\/\/songhai.org\/wp-content\/uploads\/2017\/04\/Vaneuse-2-1024x768-1-600x400.jpg 600w\" sizes=\"(max-width: 1024px) 100vw, 1024px\" \/> <div class=\"image-overlay fade-in\"><\/div><\/div>\r\n                <div class=\"content-only\"> \r\n                \t               \t              \r\n\t\t\t\t\t<h4 class=\"title\"><a href=\"https:\/\/songhai.org\/en\/usine-de-riz\/\"  >Usine de Riz<\/a><\/h4>\r\n\t\t\t\t<\/div>\r\n                <div class=\"content\">\t\r\n                \t                \r\n\t\t\t\t\t<h4 class=\"title\"><a href=\"https:\/\/songhai.org\/en\/usine-de-riz\/\"  >Usine de Riz<\/a><\/h4>\r\n\t                \r\n\t                <div class=\"tf-button-container\"><a class=\"tf-button bt_icon_after btn-overlay default-theme\" href=\"https:\/\/songhai.org\/en\/usine-de-riz\/\"  >Read more ... <i class=\"fas fa-arrow-right\"><\/i><\/a><\/div>\r\n\t\t\t\t<\/div>\r\n            <\/div>\t\t\t\t<\/div>\n\t\t\t\t<\/div>\n\t\t\t\t\t<\/div>\n\t\t<\/div>\n\t\t\t\t\t<\/div>\n\t\t<\/section>\n\t\t\t\t\t<\/div>\n\t\t<\/div>\n\t\t\t\t\t<\/div>\n\t\t<\/section>\n\t\t\t\t<\/div>","protected":false},"excerpt":{"rendered":"<p>USINE DE JUSUSINE DE JUSUSINE DE JUS Previous Next Bienvenue \u00e0 l\u2019usine de transformation des fruits et de production de jus et d\u2019eau de boisson du\u00a0 centre songha\u00ef. De la production en passant par la transformation jusqu\u2019\u00e0 la commercialisation, des technologies sp\u00e9cifiques sont utilis\u00e9es pour vous permettre [&hellip;]<\/p>","protected":false},"author":1,"featured_media":0,"parent":0,"menu_order":0,"comment_status":"closed","ping_status":"closed","template":"","meta":{"_monsterinsights_skip_tracking":false,"_monsterinsights_sitenote_active":false,"_monsterinsights_sitenote_note":"","_monsterinsights_sitenote_category":0,"footnotes":""},"class_list":["post-2315","page","type-page","status-publish","hentry"],"_links":{"self":[{"href":"https:\/\/songhai.org\/en\/wp-json\/wp\/v2\/pages\/2315","targetHints":{"allow":["GET"]}}],"collection":[{"href":"https:\/\/songhai.org\/en\/wp-json\/wp\/v2\/pages"}],"about":[{"href":"https:\/\/songhai.org\/en\/wp-json\/wp\/v2\/types\/page"}],"author":[{"embeddable":true,"href":"https:\/\/songhai.org\/en\/wp-json\/wp\/v2\/users\/1"}],"replies":[{"embeddable":true,"href":"https:\/\/songhai.org\/en\/wp-json\/wp\/v2\/comments?post=2315"}],"version-history":[{"count":18,"href":"https:\/\/songhai.org\/en\/wp-json\/wp\/v2\/pages\/2315\/revisions"}],"predecessor-version":[{"id":8707,"href":"https:\/\/songhai.org\/en\/wp-json\/wp\/v2\/pages\/2315\/revisions\/8707"}],"wp:attachment":[{"href":"https:\/\/songhai.org\/en\/wp-json\/wp\/v2\/media?parent=2315"}],"curies":[{"name":"wp","href":"https:\/\/api.w.org\/{rel}","templated":true}]}}