{"id":2317,"date":"2017-04-09T23:28:04","date_gmt":"2017-04-09T23:28:04","guid":{"rendered":"http:\/\/songhai.org\/newsite\/?page_id=2317"},"modified":"2022-11-12T00:42:29","modified_gmt":"2022-11-11T23:42:29","slug":"usine-de-snack","status":"publish","type":"page","link":"https:\/\/songhai.org\/en\/usine-de-snack\/","title":{"rendered":"Usine de snack"},"content":{"rendered":"<div data-elementor-type=\"wp-page\" data-elementor-id=\"2317\" class=\"elementor elementor-2317\" data-elementor-post-type=\"page\">\n\t\t\t\t\t\t<section class=\"elementor-section elementor-top-section elementor-element elementor-element-55297f0e elementor-section-boxed elementor-section-height-default elementor-section-height-default\" data-id=\"55297f0e\" data-element_type=\"section\">\n\t\t\t\t\t\t<div class=\"elementor-container elementor-column-gap-default\">\n\t\t\t\t\t<div class=\"elementor-column elementor-col-100 elementor-top-column elementor-element elementor-element-3d5a6902\" data-id=\"3d5a6902\" data-element_type=\"column\">\n\t\t\t<div class=\"elementor-widget-wrap elementor-element-populated\">\n\t\t\t\t\t\t<div class=\"elementor-element elementor-element-0e2c88f elementor-widget elementor-widget-image\" data-id=\"0e2c88f\" data-element_type=\"widget\" data-widget_type=\"image.default\">\n\t\t\t\t<div class=\"elementor-widget-container\">\n\t\t\t\t\t\t\t\t\t\t\t\t\t\t\t<img fetchpriority=\"high\" decoding=\"async\" width=\"1024\" height=\"683\" src=\"https:\/\/songhai.org\/wp-content\/uploads\/2017\/04\/MG_69472-1024x683.jpg\" class=\"attachment-large size-large wp-image-3536\" alt=\"\" srcset=\"https:\/\/songhai.org\/wp-content\/uploads\/2017\/04\/MG_69472-1024x683.jpg 1024w, https:\/\/songhai.org\/wp-content\/uploads\/2017\/04\/MG_69472-300x200.jpg 300w, https:\/\/songhai.org\/wp-content\/uploads\/2017\/04\/MG_69472-768x512.jpg 768w, https:\/\/songhai.org\/wp-content\/uploads\/2017\/04\/MG_69472-600x400.jpg 600w, https:\/\/songhai.org\/wp-content\/uploads\/2017\/04\/MG_69472.jpg 1200w\" sizes=\"(max-width: 1024px) 100vw, 1024px\" \/>\t\t\t\t\t\t\t\t\t\t\t\t\t\t\t<\/div>\n\t\t\t\t<\/div>\n\t\t\t\t<div class=\"elementor-element elementor-element-16522510 elementor-widget elementor-widget-text-editor\" data-id=\"16522510\" data-element_type=\"widget\" data-widget_type=\"text-editor.default\">\n\t\t\t\t<div class=\"elementor-widget-container\">\n\t\t\t\t\t\t\t\t\t<p style=\"text-align: justify;\">Vous cherchez un bon truc \u00e0 grignoter pour recharger votre bact\u00e9rie avant d\u2019aller au sport\u00a0? Ou un petit en-cas \u00e0 vous mettre sous la dent pour maintenir votre sant\u00e9, ou votre bonne humeur, ne cherchez plus loin !<\/p><p style=\"text-align: justify;\">Les snacks 100% bio songha\u00ef efficace et sain apporte de l\u2019\u00e9nergie \u00e0 votre organisme. A base de\u00a0 Ma\u00efs, de Soja, de riz, de gingembre ou de tumeric (curcuma), ces chips pro-biotiques contiennent assez de valeurs nutritionnelles. Les glucides, les prot\u00e9ines, les lipides, les vitamines B, C, D, E, les min\u00e9raux et oligo-\u00e9l\u00e9ments comme le fer, le calcium, le potassium, le phosphore, le magn\u00e9sium et le zinc. Ils permettent une bonne digestion, et vous aident \u00e0 maintenir votre plaisir de vous r\u00e9galer.<\/p><p style=\"text-align: justify;\"><strong>Avec les chips Songha\u00ef, d\u00e9gustez encore toujours plus et sans remord<\/strong>.<\/p>\t\t\t\t\t\t\t\t<\/div>\n\t\t\t\t<\/div>\n\t\t\t\t\t<\/div>\n\t\t<\/div>\n\t\t\t\t\t<\/div>\n\t\t<\/section>\n\t\t\t\t<section class=\"elementor-section elementor-top-section elementor-element elementor-element-246269d4 elementor-section-stretched elementor-section-boxed elementor-section-height-default elementor-section-height-default tf-parallax-no\" data-id=\"246269d4\" data-element_type=\"section\" data-settings=\"{&quot;stretch_section&quot;:&quot;section-stretched&quot;,&quot;background_background&quot;:&quot;classic&quot;}\">\n\t\t\t\t\t\t<div class=\"elementor-container elementor-column-gap-extended\">\n\t\t\t\t\t<div class=\"elementor-column elementor-col-100 elementor-top-column elementor-element elementor-element-176178f5\" data-id=\"176178f5\" data-element_type=\"column\">\n\t\t\t<div class=\"elementor-widget-wrap elementor-element-populated\">\n\t\t\t\t\t\t<section class=\"elementor-section elementor-inner-section elementor-element elementor-element-3c74cd1b elementor-section-full_width elementor-section-height-default elementor-section-height-default\" data-id=\"3c74cd1b\" data-element_type=\"section\">\n\t\t\t\t\t\t<div class=\"elementor-container elementor-column-gap-wider\">\n\t\t\t\t\t<div class=\"elementor-column elementor-col-33 elementor-inner-column elementor-element elementor-element-7a855670\" data-id=\"7a855670\" data-element_type=\"column\">\n\t\t\t<div class=\"elementor-widget-wrap elementor-element-populated\">\n\t\t\t\t\t\t<div class=\"elementor-element elementor-element-68cec00a line-top elementor-widget elementor-widget-tfimagebox\" data-id=\"68cec00a\" data-element_type=\"widget\" data-widget_type=\"tfimagebox.default\">\n\t\t\t\t<div class=\"elementor-widget-container\">\n\t\t\t\t\t<div class=\"tf-imagebox style-1\"> \r\n                <div class=\"image\"><img decoding=\"async\" width=\"1024\" height=\"754\" src=\"https:\/\/songhai.org\/wp-content\/uploads\/2017\/07\/38-e1500629762937-1024x754.jpg\" class=\"attachment-large size-large wp-image-2475\" alt=\"\" srcset=\"https:\/\/songhai.org\/wp-content\/uploads\/2017\/07\/38-e1500629762937-1024x754.jpg 1024w, https:\/\/songhai.org\/wp-content\/uploads\/2017\/07\/38-e1500629762937-300x221.jpg 300w, https:\/\/songhai.org\/wp-content\/uploads\/2017\/07\/38-e1500629762937-768x566.jpg 768w, https:\/\/songhai.org\/wp-content\/uploads\/2017\/07\/38-e1500629762937-600x442.jpg 600w, https:\/\/songhai.org\/wp-content\/uploads\/2017\/07\/38-e1500629762937.jpg 1086w\" sizes=\"(max-width: 1024px) 100vw, 1024px\" \/> <div class=\"image-overlay fade-in\"><\/div><\/div>\r\n                <div class=\"content-only\"> \r\n                \t               \t              \r\n\t\t\t\t\t<h4 class=\"title\"><a href=\"https:\/\/songhai.org\/en\/usine-de-jus\/\"  >Usine de jus<\/a><\/h4>\r\n\t\t\t\t<\/div>\r\n                <div class=\"content\">\t\r\n                \t                \r\n\t\t\t\t\t<h4 class=\"title\"><a href=\"https:\/\/songhai.org\/en\/usine-de-jus\/\"  >Usine de jus<\/a><\/h4>\r\n\t                \r\n\t                <div class=\"tf-button-container\"><a class=\"tf-button bt_icon_after btn-overlay default-theme\" href=\"https:\/\/songhai.org\/en\/usine-de-jus\/\"  >Read more ... <i class=\"fas fa-arrow-right\"><\/i><\/a><\/div>\r\n\t\t\t\t<\/div>\r\n            <\/div>\t\t\t\t<\/div>\n\t\t\t\t<\/div>\n\t\t\t\t\t<\/div>\n\t\t<\/div>\n\t\t\t\t<div class=\"elementor-column elementor-col-33 elementor-inner-column elementor-element elementor-element-18053eb8\" data-id=\"18053eb8\" data-element_type=\"column\">\n\t\t\t<div class=\"elementor-widget-wrap elementor-element-populated\">\n\t\t\t\t\t\t<div class=\"elementor-element elementor-element-1c3b34f1 line-top elementor-widget elementor-widget-tfimagebox\" data-id=\"1c3b34f1\" data-element_type=\"widget\" data-widget_type=\"tfimagebox.default\">\n\t\t\t\t<div class=\"elementor-widget-container\">\n\t\t\t\t\t<div class=\"tf-imagebox style-1\"> \r\n                <div class=\"image\"><img decoding=\"async\" width=\"300\" height=\"200\" src=\"https:\/\/songhai.org\/wp-content\/uploads\/2017\/04\/laiterie1-e1519671524651.jpg\" class=\"attachment-large size-large wp-image-3404\" alt=\"\" \/> <div class=\"image-overlay fade-in\"><\/div><\/div>\r\n                <div class=\"content-only\"> \r\n                \t               \t              \r\n\t\t\t\t\t<h4 class=\"title\"><a href=\"https:\/\/songhai.org\/en\/usine-de-laiterie-et-patisserie\/\"  >Laiterie et Patisserie<\/a><\/h4>\r\n\t\t\t\t<\/div>\r\n                <div class=\"content\">\t\r\n                \t                \r\n\t\t\t\t\t<h4 class=\"title\"><a href=\"https:\/\/songhai.org\/en\/usine-de-laiterie-et-patisserie\/\"  >Laiterie et Patisserie<\/a><\/h4>\r\n\t                \r\n\t                <div class=\"tf-button-container\"><a class=\"tf-button bt_icon_after btn-overlay default-theme\" href=\"https:\/\/songhai.org\/en\/usine-de-laiterie-et-patisserie\/\"  >Read more ... <i class=\"fas fa-arrow-right\"><\/i><\/a><\/div>\r\n\t\t\t\t<\/div>\r\n            <\/div>\t\t\t\t<\/div>\n\t\t\t\t<\/div>\n\t\t\t\t\t<\/div>\n\t\t<\/div>\n\t\t\t\t<div class=\"elementor-column elementor-col-33 elementor-inner-column elementor-element elementor-element-3e075c20\" data-id=\"3e075c20\" data-element_type=\"column\">\n\t\t\t<div class=\"elementor-widget-wrap elementor-element-populated\">\n\t\t\t\t\t\t<div class=\"elementor-element elementor-element-138ed3b0 line-top elementor-widget elementor-widget-tfimagebox\" data-id=\"138ed3b0\" data-element_type=\"widget\" data-widget_type=\"tfimagebox.default\">\n\t\t\t\t<div class=\"elementor-widget-container\">\n\t\t\t\t\t<div class=\"tf-imagebox style-1\"> \r\n                <div class=\"image\"><img loading=\"lazy\" decoding=\"async\" width=\"1024\" height=\"683\" src=\"https:\/\/songhai.org\/wp-content\/uploads\/2017\/07\/IMG_3992-1024x683.jpg\" class=\"attachment-large size-large wp-image-2462\" alt=\"\" srcset=\"https:\/\/songhai.org\/wp-content\/uploads\/2017\/07\/IMG_3992-1024x683.jpg 1024w, https:\/\/songhai.org\/wp-content\/uploads\/2017\/07\/IMG_3992-300x200.jpg 300w, https:\/\/songhai.org\/wp-content\/uploads\/2017\/07\/IMG_3992-768x512.jpg 768w, https:\/\/songhai.org\/wp-content\/uploads\/2017\/07\/IMG_3992-600x400.jpg 600w, https:\/\/songhai.org\/wp-content\/uploads\/2017\/07\/IMG_3992.jpg 1200w\" sizes=\"(max-width: 1024px) 100vw, 1024px\" \/> <div class=\"image-overlay fade-in\"><\/div><\/div>\r\n                <div class=\"content-only\"> \r\n                \t               \t              \r\n\t\t\t\t\t<h4 class=\"title\"><a href=\"https:\/\/songhai.org\/en\/artisanat\/\"  >Artisanat<\/a><\/h4>\r\n\t\t\t\t<\/div>\r\n                <div class=\"content\">\t\r\n                \t                \r\n\t\t\t\t\t<h4 class=\"title\"><a href=\"https:\/\/songhai.org\/en\/artisanat\/\"  >Artisanat<\/a><\/h4>\r\n\t                \r\n\t                <div class=\"tf-button-container\"><a class=\"tf-button bt_icon_after btn-overlay default-theme\" href=\"https:\/\/songhai.org\/en\/artisanat\/\"  >Read more ... <i class=\"fas fa-arrow-right\"><\/i><\/a><\/div>\r\n\t\t\t\t<\/div>\r\n            <\/div>\t\t\t\t<\/div>\n\t\t\t\t<\/div>\n\t\t\t\t\t<\/div>\n\t\t<\/div>\n\t\t\t\t\t<\/div>\n\t\t<\/section>\n\t\t\t\t<section class=\"elementor-section elementor-inner-section elementor-element elementor-element-7b4c7ba elementor-section-full_width elementor-section-height-default elementor-section-height-default\" data-id=\"7b4c7ba\" data-element_type=\"section\">\n\t\t\t\t\t\t<div class=\"elementor-container elementor-column-gap-wider\">\n\t\t\t\t\t<div class=\"elementor-column elementor-col-33 elementor-inner-column elementor-element elementor-element-f87e417\" data-id=\"f87e417\" data-element_type=\"column\">\n\t\t\t<div class=\"elementor-widget-wrap elementor-element-populated\">\n\t\t\t\t\t\t<div class=\"elementor-element elementor-element-1063555a line-top elementor-widget elementor-widget-tfimagebox\" data-id=\"1063555a\" data-element_type=\"widget\" data-widget_type=\"tfimagebox.default\">\n\t\t\t\t<div class=\"elementor-widget-container\">\n\t\t\t\t\t<div class=\"tf-imagebox style-1\"> \r\n                <div class=\"image\"><img loading=\"lazy\" decoding=\"async\" width=\"1024\" height=\"683\" src=\"https:\/\/songhai.org\/wp-content\/uploads\/2017\/07\/IMG_7223-1024x683.jpg\" class=\"attachment-large size-large wp-image-2468\" alt=\"\" srcset=\"https:\/\/songhai.org\/wp-content\/uploads\/2017\/07\/IMG_7223-1024x683.jpg 1024w, https:\/\/songhai.org\/wp-content\/uploads\/2017\/07\/IMG_7223-300x200.jpg 300w, https:\/\/songhai.org\/wp-content\/uploads\/2017\/07\/IMG_7223-768x512.jpg 768w, https:\/\/songhai.org\/wp-content\/uploads\/2017\/07\/IMG_7223-600x400.jpg 600w, https:\/\/songhai.org\/wp-content\/uploads\/2017\/07\/IMG_7223.jpg 1200w\" sizes=\"(max-width: 1024px) 100vw, 1024px\" \/> <div class=\"image-overlay fade-in\"><\/div><\/div>\r\n                <div class=\"content-only\"> \r\n                \t               \t              \r\n\t\t\t\t\t<h4 class=\"title\"><a href=\"https:\/\/songhai.org\/en\/usine-de-snack\/\"  >Usine de Snack<\/a><\/h4>\r\n\t\t\t\t<\/div>\r\n                <div class=\"content\">\t\r\n                \t                \r\n\t\t\t\t\t<h4 class=\"title\"><a href=\"https:\/\/songhai.org\/en\/usine-de-snack\/\"  >Usine de Snack<\/a><\/h4>\r\n\t                \r\n\t                <div class=\"tf-button-container\"><a class=\"tf-button bt_icon_after btn-overlay default-theme\" href=\"https:\/\/songhai.org\/en\/usine-de-snack\/\"  >Read more ... <i class=\"fas fa-arrow-right\"><\/i><\/a><\/div>\r\n\t\t\t\t<\/div>\r\n            <\/div>\t\t\t\t<\/div>\n\t\t\t\t<\/div>\n\t\t\t\t\t<\/div>\n\t\t<\/div>\n\t\t\t\t<div class=\"elementor-column elementor-col-33 elementor-inner-column elementor-element elementor-element-37be8982\" data-id=\"37be8982\" data-element_type=\"column\">\n\t\t\t<div class=\"elementor-widget-wrap elementor-element-populated\">\n\t\t\t\t\t\t<div class=\"elementor-element elementor-element-30d7fcbf line-top elementor-widget elementor-widget-tfimagebox\" data-id=\"30d7fcbf\" data-element_type=\"widget\" data-widget_type=\"tfimagebox.default\">\n\t\t\t\t<div class=\"elementor-widget-container\">\n\t\t\t\t\t<div class=\"tf-imagebox style-1\"> \r\n                <div class=\"image\"><img loading=\"lazy\" decoding=\"async\" width=\"1024\" height=\"683\" src=\"https:\/\/songhai.org\/wp-content\/uploads\/2017\/07\/IMG_1782-1024x683.jpg\" class=\"attachment-large size-large wp-image-2469\" alt=\"\" srcset=\"https:\/\/songhai.org\/wp-content\/uploads\/2017\/07\/IMG_1782-1024x683.jpg 1024w, https:\/\/songhai.org\/wp-content\/uploads\/2017\/07\/IMG_1782-300x200.jpg 300w, https:\/\/songhai.org\/wp-content\/uploads\/2017\/07\/IMG_1782-768x512.jpg 768w, https:\/\/songhai.org\/wp-content\/uploads\/2017\/07\/IMG_1782-600x400.jpg 600w, https:\/\/songhai.org\/wp-content\/uploads\/2017\/07\/IMG_1782.jpg 1200w\" sizes=\"(max-width: 1024px) 100vw, 1024px\" \/> <div class=\"image-overlay fade-in\"><\/div><\/div>\r\n                <div class=\"content-only\"> \r\n                \t               \t              \r\n\t\t\t\t\t<h4 class=\"title\"><a href=\"https:\/\/songhai.org\/en\/usine-de-savon\/\"  >Usine de Savon<\/a><\/h4>\r\n\t\t\t\t<\/div>\r\n                <div class=\"content\">\t\r\n                \t                \r\n\t\t\t\t\t<h4 class=\"title\"><a href=\"https:\/\/songhai.org\/en\/usine-de-savon\/\"  >Usine de Savon<\/a><\/h4>\r\n\t                \r\n\t                <div class=\"tf-button-container\"><a class=\"tf-button bt_icon_after btn-overlay default-theme\" href=\"https:\/\/songhai.org\/en\/usine-de-savon\/\"  >Read more ... <i class=\"fas fa-arrow-right\"><\/i><\/a><\/div>\r\n\t\t\t\t<\/div>\r\n            <\/div>\t\t\t\t<\/div>\n\t\t\t\t<\/div>\n\t\t\t\t\t<\/div>\n\t\t<\/div>\n\t\t\t\t<div class=\"elementor-column elementor-col-33 elementor-inner-column elementor-element elementor-element-1d73e719\" data-id=\"1d73e719\" data-element_type=\"column\">\n\t\t\t<div class=\"elementor-widget-wrap elementor-element-populated\">\n\t\t\t\t\t\t<div class=\"elementor-element elementor-element-a29dbf8 line-top elementor-widget elementor-widget-tfimagebox\" data-id=\"a29dbf8\" data-element_type=\"widget\" data-widget_type=\"tfimagebox.default\">\n\t\t\t\t<div class=\"elementor-widget-container\">\n\t\t\t\t\t<div class=\"tf-imagebox style-1\"> \r\n                <div class=\"image\"><img loading=\"lazy\" decoding=\"async\" width=\"1024\" height=\"683\" src=\"https:\/\/songhai.org\/wp-content\/uploads\/2017\/04\/Vaneuse-2-1024x768-1.jpg\" class=\"attachment-large size-large wp-image-3610\" alt=\"\" srcset=\"https:\/\/songhai.org\/wp-content\/uploads\/2017\/04\/Vaneuse-2-1024x768-1.jpg 1024w, https:\/\/songhai.org\/wp-content\/uploads\/2017\/04\/Vaneuse-2-1024x768-1-300x200.jpg 300w, https:\/\/songhai.org\/wp-content\/uploads\/2017\/04\/Vaneuse-2-1024x768-1-768x512.jpg 768w, https:\/\/songhai.org\/wp-content\/uploads\/2017\/04\/Vaneuse-2-1024x768-1-600x400.jpg 600w\" sizes=\"(max-width: 1024px) 100vw, 1024px\" \/> <div class=\"image-overlay fade-in\"><\/div><\/div>\r\n                <div class=\"content-only\"> \r\n                \t               \t              \r\n\t\t\t\t\t<h4 class=\"title\"><a href=\"https:\/\/songhai.org\/en\/usine-de-riz\/\"  >Usine de Riz<\/a><\/h4>\r\n\t\t\t\t<\/div>\r\n                <div class=\"content\">\t\r\n                \t                \r\n\t\t\t\t\t<h4 class=\"title\"><a href=\"https:\/\/songhai.org\/en\/usine-de-riz\/\"  >Usine de Riz<\/a><\/h4>\r\n\t                \r\n\t                <div class=\"tf-button-container\"><a class=\"tf-button bt_icon_after btn-overlay default-theme\" href=\"https:\/\/songhai.org\/en\/usine-de-riz\/\"  >Read more ... <i class=\"fas fa-arrow-right\"><\/i><\/a><\/div>\r\n\t\t\t\t<\/div>\r\n            <\/div>\t\t\t\t<\/div>\n\t\t\t\t<\/div>\n\t\t\t\t\t<\/div>\n\t\t<\/div>\n\t\t\t\t\t<\/div>\n\t\t<\/section>\n\t\t\t\t\t<\/div>\n\t\t<\/div>\n\t\t\t\t\t<\/div>\n\t\t<\/section>\n\t\t\t\t<\/div>","protected":false},"excerpt":{"rendered":"<p>Vous cherchez un bon truc \u00e0 grignoter pour recharger votre bact\u00e9rie avant d\u2019aller au sport\u00a0? Ou un petit en-cas \u00e0 vous mettre sous la dent pour maintenir votre sant\u00e9, ou votre bonne humeur, ne cherchez plus loin ! Les snacks 100% bio songha\u00ef efficace et sain apporte [&hellip;]<\/p>","protected":false},"author":1,"featured_media":0,"parent":0,"menu_order":0,"comment_status":"closed","ping_status":"closed","template":"","meta":{"_monsterinsights_skip_tracking":false,"_monsterinsights_sitenote_active":false,"_monsterinsights_sitenote_note":"","_monsterinsights_sitenote_category":0,"footnotes":""},"class_list":["post-2317","page","type-page","status-publish","hentry"],"_links":{"self":[{"href":"https:\/\/songhai.org\/en\/wp-json\/wp\/v2\/pages\/2317","targetHints":{"allow":["GET"]}}],"collection":[{"href":"https:\/\/songhai.org\/en\/wp-json\/wp\/v2\/pages"}],"about":[{"href":"https:\/\/songhai.org\/en\/wp-json\/wp\/v2\/types\/page"}],"author":[{"embeddable":true,"href":"https:\/\/songhai.org\/en\/wp-json\/wp\/v2\/users\/1"}],"replies":[{"embeddable":true,"href":"https:\/\/songhai.org\/en\/wp-json\/wp\/v2\/comments?post=2317"}],"version-history":[{"count":12,"href":"https:\/\/songhai.org\/en\/wp-json\/wp\/v2\/pages\/2317\/revisions"}],"predecessor-version":[{"id":8410,"href":"https:\/\/songhai.org\/en\/wp-json\/wp\/v2\/pages\/2317\/revisions\/8410"}],"wp:attachment":[{"href":"https:\/\/songhai.org\/en\/wp-json\/wp\/v2\/media?parent=2317"}],"curies":[{"name":"wp","href":"https:\/\/api.w.org\/{rel}","templated":true}]}}