{"id":2319,"date":"2017-04-09T23:28:54","date_gmt":"2017-04-09T23:28:54","guid":{"rendered":"http:\/\/songhai.org\/newsite\/?page_id=2319"},"modified":"2022-11-12T00:49:26","modified_gmt":"2022-11-11T23:49:26","slug":"usine-de-savon","status":"publish","type":"page","link":"https:\/\/songhai.org\/en\/usine-de-savon\/","title":{"rendered":"Usine de savon"},"content":{"rendered":"<div data-elementor-type=\"wp-page\" data-elementor-id=\"2319\" class=\"elementor elementor-2319\" data-elementor-post-type=\"page\">\n\t\t\t\t\t\t<section class=\"elementor-section elementor-top-section elementor-element elementor-element-7430492e elementor-section-boxed elementor-section-height-default elementor-section-height-default\" data-id=\"7430492e\" data-element_type=\"section\">\n\t\t\t\t\t\t<div class=\"elementor-container elementor-column-gap-default\">\n\t\t\t\t\t<div class=\"elementor-column elementor-col-100 elementor-top-column elementor-element elementor-element-3852a7d6\" data-id=\"3852a7d6\" data-element_type=\"column\">\n\t\t\t<div class=\"elementor-widget-wrap elementor-element-populated\">\n\t\t\t\t\t\t<div class=\"elementor-element elementor-element-645664f elementor-widget__width-inherit elementor-widget elementor-widget-image\" data-id=\"645664f\" data-element_type=\"widget\" data-widget_type=\"image.default\">\n\t\t\t\t<div class=\"elementor-widget-container\">\n\t\t\t\t\t\t\t\t\t\t\t\t\t\t\t<img fetchpriority=\"high\" decoding=\"async\" width=\"1024\" height=\"683\" src=\"https:\/\/songhai.org\/wp-content\/uploads\/2017\/07\/IMG_1782-1024x683.jpg\" class=\"attachment-large size-large wp-image-2469\" alt=\"\" srcset=\"https:\/\/songhai.org\/wp-content\/uploads\/2017\/07\/IMG_1782-1024x683.jpg 1024w, https:\/\/songhai.org\/wp-content\/uploads\/2017\/07\/IMG_1782-300x200.jpg 300w, https:\/\/songhai.org\/wp-content\/uploads\/2017\/07\/IMG_1782-768x512.jpg 768w, https:\/\/songhai.org\/wp-content\/uploads\/2017\/07\/IMG_1782-600x400.jpg 600w, https:\/\/songhai.org\/wp-content\/uploads\/2017\/07\/IMG_1782.jpg 1200w\" sizes=\"(max-width: 1024px) 100vw, 1024px\" \/>\t\t\t\t\t\t\t\t\t\t\t\t\t\t\t<\/div>\n\t\t\t\t<\/div>\n\t\t\t\t<div class=\"elementor-element elementor-element-2b3f85e2 elementor-widget elementor-widget-text-editor\" data-id=\"2b3f85e2\" data-element_type=\"widget\" data-widget_type=\"text-editor.default\">\n\t\t\t\t<div class=\"elementor-widget-container\">\n\t\t\t\t\t\t\t\t\t<p style=\"text-align: justify;\">A l\u2019instar du B\u00e9nin, plusieurs pays africains produisent seulement 50%\u00a0 de leur consommation de savon pendant que la mati\u00e8re premi\u00e8re existe. Pour corriger ce d\u00e9ficit de production, \u00e0 Songha\u00ef nous produisons des savons de bonne qualit\u00e9 \u00e0 base de nos productions de fruit. Ainsi notre usine de savon est une r\u00e9f\u00e9rence en mati\u00e8re de production de savon biologique. Elle est investit donc dans la production de savon \u00e0 base d\u2019Alo\u00e8s, de Carotte, de Concombre, de Neem, de Moringa, de Papaye, de \u00a0beurre de Karit\u00e9 et des savons m\u00e9dicamenteux. Les savons durs sont \u00e0 base donc de soude et de graisses v\u00e9g\u00e9tales essentiellement. Les savons m\u00e9dicamenteux, les savons de lessive sous forme solide ou liquide sont d\u2019autres sp\u00e9cialit\u00e9s de l\u2019\u00e9quipe de l\u2019usine\u00a0 de savon songha\u00ef. L\u2019usine de savonnerie Songha\u00ef met aussi sur le march\u00e9 national et international des gels, des d\u00e9m\u00ealants et des champoings r\u00e9put\u00e9s et reconnus pour leur efficacit\u00e9 naturelle.<\/p>\t\t\t\t\t\t\t\t<\/div>\n\t\t\t\t<\/div>\n\t\t\t\t<div class=\"elementor-element elementor-element-706923e elementor-widget elementor-widget-image\" data-id=\"706923e\" data-element_type=\"widget\" data-widget_type=\"image.default\">\n\t\t\t\t<div class=\"elementor-widget-container\">\n\t\t\t\t\t\t\t\t\t\t\t\t\t\t\t<img decoding=\"async\" width=\"661\" height=\"978\" src=\"https:\/\/songhai.org\/wp-content\/uploads\/2017\/04\/6e71ace7-6bdd-481a-ace8-37ceab3f6edd.png\" class=\"attachment-large size-large wp-image-3492\" alt=\"\" srcset=\"https:\/\/songhai.org\/wp-content\/uploads\/2017\/04\/6e71ace7-6bdd-481a-ace8-37ceab3f6edd.png 661w, https:\/\/songhai.org\/wp-content\/uploads\/2017\/04\/6e71ace7-6bdd-481a-ace8-37ceab3f6edd-203x300.png 203w, https:\/\/songhai.org\/wp-content\/uploads\/2017\/04\/6e71ace7-6bdd-481a-ace8-37ceab3f6edd-600x888.png 600w\" sizes=\"(max-width: 661px) 100vw, 661px\" \/>\t\t\t\t\t\t\t\t\t\t\t\t\t\t\t<\/div>\n\t\t\t\t<\/div>\n\t\t\t\t\t<\/div>\n\t\t<\/div>\n\t\t\t\t\t<\/div>\n\t\t<\/section>\n\t\t\t\t<section class=\"elementor-section elementor-top-section elementor-element elementor-element-41475776 elementor-section-stretched elementor-section-boxed elementor-section-height-default elementor-section-height-default tf-parallax-no\" data-id=\"41475776\" data-element_type=\"section\" data-settings=\"{&quot;stretch_section&quot;:&quot;section-stretched&quot;,&quot;background_background&quot;:&quot;classic&quot;}\">\n\t\t\t\t\t\t<div class=\"elementor-container elementor-column-gap-extended\">\n\t\t\t\t\t<div class=\"elementor-column elementor-col-100 elementor-top-column elementor-element elementor-element-7925faf6\" data-id=\"7925faf6\" data-element_type=\"column\">\n\t\t\t<div class=\"elementor-widget-wrap elementor-element-populated\">\n\t\t\t\t\t\t<section class=\"elementor-section elementor-inner-section elementor-element elementor-element-264ba91c elementor-section-full_width elementor-section-height-default elementor-section-height-default\" data-id=\"264ba91c\" data-element_type=\"section\">\n\t\t\t\t\t\t<div class=\"elementor-container elementor-column-gap-wider\">\n\t\t\t\t\t<div class=\"elementor-column elementor-col-33 elementor-inner-column elementor-element elementor-element-46040f8d\" data-id=\"46040f8d\" data-element_type=\"column\">\n\t\t\t<div class=\"elementor-widget-wrap elementor-element-populated\">\n\t\t\t\t\t\t<div class=\"elementor-element elementor-element-7dcc0cf5 line-top elementor-widget elementor-widget-tfimagebox\" data-id=\"7dcc0cf5\" data-element_type=\"widget\" data-widget_type=\"tfimagebox.default\">\n\t\t\t\t<div class=\"elementor-widget-container\">\n\t\t\t\t\t<div class=\"tf-imagebox style-1\"> \r\n                <div class=\"image\"><img decoding=\"async\" width=\"1024\" height=\"754\" src=\"https:\/\/songhai.org\/wp-content\/uploads\/2017\/07\/38-e1500629762937-1024x754.jpg\" class=\"attachment-large size-large wp-image-2475\" alt=\"\" srcset=\"https:\/\/songhai.org\/wp-content\/uploads\/2017\/07\/38-e1500629762937-1024x754.jpg 1024w, https:\/\/songhai.org\/wp-content\/uploads\/2017\/07\/38-e1500629762937-300x221.jpg 300w, https:\/\/songhai.org\/wp-content\/uploads\/2017\/07\/38-e1500629762937-768x566.jpg 768w, https:\/\/songhai.org\/wp-content\/uploads\/2017\/07\/38-e1500629762937-600x442.jpg 600w, https:\/\/songhai.org\/wp-content\/uploads\/2017\/07\/38-e1500629762937.jpg 1086w\" sizes=\"(max-width: 1024px) 100vw, 1024px\" \/> <div class=\"image-overlay fade-in\"><\/div><\/div>\r\n                <div class=\"content-only\"> \r\n                \t               \t              \r\n\t\t\t\t\t<h4 class=\"title\"><a href=\"https:\/\/songhai.org\/en\/usine-de-jus\/\"  >Usine de jus<\/a><\/h4>\r\n\t\t\t\t<\/div>\r\n                <div class=\"content\">\t\r\n                \t                \r\n\t\t\t\t\t<h4 class=\"title\"><a href=\"https:\/\/songhai.org\/en\/usine-de-jus\/\"  >Usine de jus<\/a><\/h4>\r\n\t                \r\n\t                <div class=\"tf-button-container\"><a class=\"tf-button bt_icon_after btn-overlay default-theme\" href=\"https:\/\/songhai.org\/en\/usine-de-jus\/\"  >Read more ... <i class=\"fas fa-arrow-right\"><\/i><\/a><\/div>\r\n\t\t\t\t<\/div>\r\n            <\/div>\t\t\t\t<\/div>\n\t\t\t\t<\/div>\n\t\t\t\t\t<\/div>\n\t\t<\/div>\n\t\t\t\t<div class=\"elementor-column elementor-col-33 elementor-inner-column elementor-element elementor-element-1acd7705\" data-id=\"1acd7705\" data-element_type=\"column\">\n\t\t\t<div class=\"elementor-widget-wrap elementor-element-populated\">\n\t\t\t\t\t\t<div class=\"elementor-element elementor-element-7a16ea2a line-top elementor-widget elementor-widget-tfimagebox\" data-id=\"7a16ea2a\" data-element_type=\"widget\" data-widget_type=\"tfimagebox.default\">\n\t\t\t\t<div class=\"elementor-widget-container\">\n\t\t\t\t\t<div class=\"tf-imagebox style-1\"> \r\n                <div class=\"image\"><img loading=\"lazy\" decoding=\"async\" width=\"300\" height=\"200\" src=\"https:\/\/songhai.org\/wp-content\/uploads\/2017\/04\/laiterie1-e1519671524651.jpg\" class=\"attachment-large size-large wp-image-3404\" alt=\"\" \/> <div class=\"image-overlay fade-in\"><\/div><\/div>\r\n                <div class=\"content-only\"> \r\n                \t               \t              \r\n\t\t\t\t\t<h4 class=\"title\"><a href=\"https:\/\/songhai.org\/en\/usine-de-laiterie-et-patisserie\/\"  >Laiterie et Patisserie<\/a><\/h4>\r\n\t\t\t\t<\/div>\r\n                <div class=\"content\">\t\r\n                \t                \r\n\t\t\t\t\t<h4 class=\"title\"><a href=\"https:\/\/songhai.org\/en\/usine-de-laiterie-et-patisserie\/\"  >Laiterie et Patisserie<\/a><\/h4>\r\n\t                \r\n\t                <div class=\"tf-button-container\"><a class=\"tf-button bt_icon_after btn-overlay default-theme\" href=\"https:\/\/songhai.org\/en\/usine-de-laiterie-et-patisserie\/\"  >Read more ... <i class=\"fas fa-arrow-right\"><\/i><\/a><\/div>\r\n\t\t\t\t<\/div>\r\n            <\/div>\t\t\t\t<\/div>\n\t\t\t\t<\/div>\n\t\t\t\t\t<\/div>\n\t\t<\/div>\n\t\t\t\t<div class=\"elementor-column elementor-col-33 elementor-inner-column elementor-element elementor-element-23408874\" data-id=\"23408874\" data-element_type=\"column\">\n\t\t\t<div class=\"elementor-widget-wrap elementor-element-populated\">\n\t\t\t\t\t\t<div class=\"elementor-element elementor-element-66192c57 line-top elementor-widget elementor-widget-tfimagebox\" data-id=\"66192c57\" data-element_type=\"widget\" data-widget_type=\"tfimagebox.default\">\n\t\t\t\t<div class=\"elementor-widget-container\">\n\t\t\t\t\t<div class=\"tf-imagebox style-1\"> \r\n                <div class=\"image\"><img loading=\"lazy\" decoding=\"async\" width=\"1024\" height=\"683\" src=\"https:\/\/songhai.org\/wp-content\/uploads\/2017\/07\/IMG_3992-1024x683.jpg\" class=\"attachment-large size-large wp-image-2462\" alt=\"\" srcset=\"https:\/\/songhai.org\/wp-content\/uploads\/2017\/07\/IMG_3992-1024x683.jpg 1024w, https:\/\/songhai.org\/wp-content\/uploads\/2017\/07\/IMG_3992-300x200.jpg 300w, https:\/\/songhai.org\/wp-content\/uploads\/2017\/07\/IMG_3992-768x512.jpg 768w, https:\/\/songhai.org\/wp-content\/uploads\/2017\/07\/IMG_3992-600x400.jpg 600w, https:\/\/songhai.org\/wp-content\/uploads\/2017\/07\/IMG_3992.jpg 1200w\" sizes=\"(max-width: 1024px) 100vw, 1024px\" \/> <div class=\"image-overlay fade-in\"><\/div><\/div>\r\n                <div class=\"content-only\"> \r\n                \t               \t              \r\n\t\t\t\t\t<h4 class=\"title\"><a href=\"https:\/\/songhai.org\/en\/artisanat\/\"  >Artisanat<\/a><\/h4>\r\n\t\t\t\t<\/div>\r\n                <div class=\"content\">\t\r\n                \t                \r\n\t\t\t\t\t<h4 class=\"title\"><a href=\"https:\/\/songhai.org\/en\/artisanat\/\"  >Artisanat<\/a><\/h4>\r\n\t                \r\n\t                <div class=\"tf-button-container\"><a class=\"tf-button bt_icon_after btn-overlay default-theme\" href=\"https:\/\/songhai.org\/en\/artisanat\/\"  >Read more ... <i class=\"fas fa-arrow-right\"><\/i><\/a><\/div>\r\n\t\t\t\t<\/div>\r\n            <\/div>\t\t\t\t<\/div>\n\t\t\t\t<\/div>\n\t\t\t\t\t<\/div>\n\t\t<\/div>\n\t\t\t\t\t<\/div>\n\t\t<\/section>\n\t\t\t\t<section class=\"elementor-section elementor-inner-section elementor-element elementor-element-50a5345 elementor-section-full_width elementor-section-height-default elementor-section-height-default\" data-id=\"50a5345\" data-element_type=\"section\">\n\t\t\t\t\t\t<div class=\"elementor-container elementor-column-gap-wider\">\n\t\t\t\t\t<div class=\"elementor-column elementor-col-33 elementor-inner-column elementor-element elementor-element-764c2ec4\" data-id=\"764c2ec4\" data-element_type=\"column\">\n\t\t\t<div class=\"elementor-widget-wrap elementor-element-populated\">\n\t\t\t\t\t\t<div class=\"elementor-element elementor-element-6f433aaf line-top elementor-widget elementor-widget-tfimagebox\" data-id=\"6f433aaf\" data-element_type=\"widget\" data-widget_type=\"tfimagebox.default\">\n\t\t\t\t<div class=\"elementor-widget-container\">\n\t\t\t\t\t<div class=\"tf-imagebox style-1\"> \r\n                <div class=\"image\"><img loading=\"lazy\" decoding=\"async\" width=\"1024\" height=\"683\" src=\"https:\/\/songhai.org\/wp-content\/uploads\/2017\/07\/IMG_7223-1024x683.jpg\" class=\"attachment-large size-large wp-image-2468\" alt=\"\" srcset=\"https:\/\/songhai.org\/wp-content\/uploads\/2017\/07\/IMG_7223-1024x683.jpg 1024w, https:\/\/songhai.org\/wp-content\/uploads\/2017\/07\/IMG_7223-300x200.jpg 300w, https:\/\/songhai.org\/wp-content\/uploads\/2017\/07\/IMG_7223-768x512.jpg 768w, https:\/\/songhai.org\/wp-content\/uploads\/2017\/07\/IMG_7223-600x400.jpg 600w, https:\/\/songhai.org\/wp-content\/uploads\/2017\/07\/IMG_7223.jpg 1200w\" sizes=\"(max-width: 1024px) 100vw, 1024px\" \/> <div class=\"image-overlay fade-in\"><\/div><\/div>\r\n                <div class=\"content-only\"> \r\n                \t               \t              \r\n\t\t\t\t\t<h4 class=\"title\"><a href=\"https:\/\/songhai.org\/en\/usine-de-snack\/\"  >Usine de Snack<\/a><\/h4>\r\n\t\t\t\t<\/div>\r\n                <div class=\"content\">\t\r\n                \t                \r\n\t\t\t\t\t<h4 class=\"title\"><a href=\"https:\/\/songhai.org\/en\/usine-de-snack\/\"  >Usine de Snack<\/a><\/h4>\r\n\t                \r\n\t                <div class=\"tf-button-container\"><a class=\"tf-button bt_icon_after btn-overlay default-theme\" href=\"https:\/\/songhai.org\/en\/usine-de-snack\/\"  >Read more ... <i class=\"fas fa-arrow-right\"><\/i><\/a><\/div>\r\n\t\t\t\t<\/div>\r\n            <\/div>\t\t\t\t<\/div>\n\t\t\t\t<\/div>\n\t\t\t\t\t<\/div>\n\t\t<\/div>\n\t\t\t\t<div class=\"elementor-column elementor-col-33 elementor-inner-column elementor-element elementor-element-3d471e3a\" data-id=\"3d471e3a\" data-element_type=\"column\">\n\t\t\t<div class=\"elementor-widget-wrap elementor-element-populated\">\n\t\t\t\t\t\t<div class=\"elementor-element elementor-element-339d8f7a line-top elementor-widget elementor-widget-tfimagebox\" data-id=\"339d8f7a\" data-element_type=\"widget\" data-widget_type=\"tfimagebox.default\">\n\t\t\t\t<div class=\"elementor-widget-container\">\n\t\t\t\t\t<div class=\"tf-imagebox style-1\"> \r\n                <div class=\"image\"><img fetchpriority=\"high\" decoding=\"async\" width=\"1024\" height=\"683\" src=\"https:\/\/songhai.org\/wp-content\/uploads\/2017\/07\/IMG_1782-1024x683.jpg\" class=\"attachment-large size-large wp-image-2469\" alt=\"\" srcset=\"https:\/\/songhai.org\/wp-content\/uploads\/2017\/07\/IMG_1782-1024x683.jpg 1024w, https:\/\/songhai.org\/wp-content\/uploads\/2017\/07\/IMG_1782-300x200.jpg 300w, https:\/\/songhai.org\/wp-content\/uploads\/2017\/07\/IMG_1782-768x512.jpg 768w, https:\/\/songhai.org\/wp-content\/uploads\/2017\/07\/IMG_1782-600x400.jpg 600w, https:\/\/songhai.org\/wp-content\/uploads\/2017\/07\/IMG_1782.jpg 1200w\" sizes=\"(max-width: 1024px) 100vw, 1024px\" \/> <div class=\"image-overlay fade-in\"><\/div><\/div>\r\n                <div class=\"content-only\"> \r\n                \t               \t              \r\n\t\t\t\t\t<h4 class=\"title\"><a href=\"https:\/\/songhai.org\/en\/usine-de-savon\/\"  >Usine de Savon<\/a><\/h4>\r\n\t\t\t\t<\/div>\r\n                <div class=\"content\">\t\r\n                \t                \r\n\t\t\t\t\t<h4 class=\"title\"><a href=\"https:\/\/songhai.org\/en\/usine-de-savon\/\"  >Usine de Savon<\/a><\/h4>\r\n\t                \r\n\t                <div class=\"tf-button-container\"><a class=\"tf-button bt_icon_after btn-overlay default-theme\" href=\"https:\/\/songhai.org\/en\/usine-de-savon\/\"  >Read more ... <i class=\"fas fa-arrow-right\"><\/i><\/a><\/div>\r\n\t\t\t\t<\/div>\r\n            <\/div>\t\t\t\t<\/div>\n\t\t\t\t<\/div>\n\t\t\t\t\t<\/div>\n\t\t<\/div>\n\t\t\t\t<div class=\"elementor-column elementor-col-33 elementor-inner-column elementor-element elementor-element-4d396618\" data-id=\"4d396618\" data-element_type=\"column\">\n\t\t\t<div class=\"elementor-widget-wrap elementor-element-populated\">\n\t\t\t\t\t\t<div class=\"elementor-element elementor-element-55631d7e line-top elementor-widget elementor-widget-tfimagebox\" data-id=\"55631d7e\" data-element_type=\"widget\" data-widget_type=\"tfimagebox.default\">\n\t\t\t\t<div class=\"elementor-widget-container\">\n\t\t\t\t\t<div class=\"tf-imagebox style-1\"> \r\n                <div class=\"image\"><img loading=\"lazy\" decoding=\"async\" width=\"1024\" height=\"683\" src=\"https:\/\/songhai.org\/wp-content\/uploads\/2017\/04\/Vaneuse-2-1024x768-1.jpg\" class=\"attachment-large size-large wp-image-3610\" alt=\"\" srcset=\"https:\/\/songhai.org\/wp-content\/uploads\/2017\/04\/Vaneuse-2-1024x768-1.jpg 1024w, https:\/\/songhai.org\/wp-content\/uploads\/2017\/04\/Vaneuse-2-1024x768-1-300x200.jpg 300w, https:\/\/songhai.org\/wp-content\/uploads\/2017\/04\/Vaneuse-2-1024x768-1-768x512.jpg 768w, https:\/\/songhai.org\/wp-content\/uploads\/2017\/04\/Vaneuse-2-1024x768-1-600x400.jpg 600w\" sizes=\"(max-width: 1024px) 100vw, 1024px\" \/> <div class=\"image-overlay fade-in\"><\/div><\/div>\r\n                <div class=\"content-only\"> \r\n                \t               \t              \r\n\t\t\t\t\t<h4 class=\"title\"><a href=\"https:\/\/songhai.org\/en\/usine-de-riz\/\"  >Usine de Riz<\/a><\/h4>\r\n\t\t\t\t<\/div>\r\n                <div class=\"content\">\t\r\n                \t                \r\n\t\t\t\t\t<h4 class=\"title\"><a href=\"https:\/\/songhai.org\/en\/usine-de-riz\/\"  >Usine de Riz<\/a><\/h4>\r\n\t                \r\n\t                <div class=\"tf-button-container\"><a class=\"tf-button bt_icon_after btn-overlay default-theme\" href=\"https:\/\/songhai.org\/en\/usine-de-riz\/\"  >Read more ... <i class=\"fas fa-arrow-right\"><\/i><\/a><\/div>\r\n\t\t\t\t<\/div>\r\n            <\/div>\t\t\t\t<\/div>\n\t\t\t\t<\/div>\n\t\t\t\t\t<\/div>\n\t\t<\/div>\n\t\t\t\t\t<\/div>\n\t\t<\/section>\n\t\t\t\t\t<\/div>\n\t\t<\/div>\n\t\t\t\t\t<\/div>\n\t\t<\/section>\n\t\t\t\t<\/div>","protected":false},"excerpt":{"rendered":"<p>A l\u2019instar du B\u00e9nin, plusieurs pays africains produisent seulement 50%\u00a0 de leur consommation de savon pendant que la mati\u00e8re premi\u00e8re existe. Pour corriger ce d\u00e9ficit de production, \u00e0 Songha\u00ef nous produisons des savons de bonne qualit\u00e9 \u00e0 base de nos productions de fruit. Ainsi notre usine de [&hellip;]<\/p>","protected":false},"author":1,"featured_media":0,"parent":0,"menu_order":0,"comment_status":"closed","ping_status":"closed","template":"","meta":{"_monsterinsights_skip_tracking":false,"_monsterinsights_sitenote_active":false,"_monsterinsights_sitenote_note":"","_monsterinsights_sitenote_category":0,"footnotes":""},"class_list":["post-2319","page","type-page","status-publish","hentry"],"_links":{"self":[{"href":"https:\/\/songhai.org\/en\/wp-json\/wp\/v2\/pages\/2319","targetHints":{"allow":["GET"]}}],"collection":[{"href":"https:\/\/songhai.org\/en\/wp-json\/wp\/v2\/pages"}],"about":[{"href":"https:\/\/songhai.org\/en\/wp-json\/wp\/v2\/types\/page"}],"author":[{"embeddable":true,"href":"https:\/\/songhai.org\/en\/wp-json\/wp\/v2\/users\/1"}],"replies":[{"embeddable":true,"href":"https:\/\/songhai.org\/en\/wp-json\/wp\/v2\/comments?post=2319"}],"version-history":[{"count":15,"href":"https:\/\/songhai.org\/en\/wp-json\/wp\/v2\/pages\/2319\/revisions"}],"predecessor-version":[{"id":8421,"href":"https:\/\/songhai.org\/en\/wp-json\/wp\/v2\/pages\/2319\/revisions\/8421"}],"wp:attachment":[{"href":"https:\/\/songhai.org\/en\/wp-json\/wp\/v2\/media?parent=2319"}],"curies":[{"name":"wp","href":"https:\/\/api.w.org\/{rel}","templated":true}]}}