{"id":2321,"date":"2017-04-09T23:30:31","date_gmt":"2017-04-09T23:30:31","guid":{"rendered":"http:\/\/songhai.org\/newsite\/?page_id=2321"},"modified":"2023-02-28T09:29:37","modified_gmt":"2023-02-28T08:29:37","slug":"usine-de-laiterie-et-patisserie","status":"publish","type":"page","link":"https:\/\/songhai.org\/en\/usine-de-laiterie-et-patisserie\/","title":{"rendered":"Laiterie et p\u00e2tisserie"},"content":{"rendered":"<div data-elementor-type=\"wp-page\" data-elementor-id=\"2321\" class=\"elementor elementor-2321\" data-elementor-post-type=\"page\">\n\t\t\t\t\t\t<section class=\"elementor-section elementor-top-section elementor-element elementor-element-65388092 elementor-section-stretched elementor-section-full_width elementor-section-height-default elementor-section-height-default\" data-id=\"65388092\" data-element_type=\"section\" data-settings=\"{&quot;stretch_section&quot;:&quot;section-stretched&quot;}\">\n\t\t\t\t\t\t<div class=\"elementor-container elementor-column-gap-default\">\n\t\t\t\t\t<div class=\"elementor-column elementor-col-100 elementor-top-column elementor-element elementor-element-6734b7\" data-id=\"6734b7\" data-element_type=\"column\">\n\t\t\t<div class=\"elementor-widget-wrap elementor-element-populated\">\n\t\t\t\t\t\t<div class=\"elementor-element elementor-element-1368e8d1 elementor--h-position-center elementor--v-position-middle elementor-arrows-position-inside elementor-pagination-position-inside elementor-widget elementor-widget-slides\" data-id=\"1368e8d1\" data-element_type=\"widget\" data-settings=\"{&quot;transition&quot;:&quot;fade&quot;,&quot;navigation&quot;:&quot;both&quot;,&quot;autoplay&quot;:&quot;yes&quot;,&quot;pause_on_interaction&quot;:&quot;yes&quot;,&quot;autoplay_speed&quot;:5000,&quot;infinite&quot;:&quot;yes&quot;,&quot;transition_speed&quot;:500}\" data-widget_type=\"slides.default\">\n\t\t\t\t<div class=\"elementor-widget-container\">\n\t\t\t\t\t\t\t\t\t<div class=\"elementor-swiper\">\n\t\t\t\t\t<div class=\"elementor-slides-wrapper elementor-main-swiper swiper\" role=\"region\" aria-roledescription=\"carousel\" aria-label=\"Slides\" dir=\"ltr\" data-animation=\"fadeInUp\" data-no-translation-aria-label=\"\">\n\t\t\t\t<div class=\"swiper-wrapper elementor-slides\">\n\t\t\t\t\t\t\t\t\t\t<div class=\"elementor-repeater-item-a383699 swiper-slide\" role=\"group\" aria-roledescription=\"slide\"><div class=\"swiper-slide-bg elementor-ken-burns elementor-ken-burns--in\" role=\"img\"><\/div><div class=\"elementor-background-overlay\"><\/div><div class=\"swiper-slide-inner\" ><div class=\"swiper-slide-contents\"><div class=\"elementor-slide-heading\">LAITERIE ET P\u00c2TISSERIE<\/div><\/div><\/div><\/div><div class=\"elementor-repeater-item-598abca swiper-slide\" role=\"group\" aria-roledescription=\"slide\"><div class=\"swiper-slide-bg elementor-ken-burns elementor-ken-burns--in\" role=\"img\"><\/div><div class=\"elementor-background-overlay\"><\/div><div class=\"swiper-slide-inner\" ><div class=\"swiper-slide-contents\"><div class=\"elementor-slide-heading\">LAITERIE ET P\u00c2TISSERIE<\/div><\/div><\/div><\/div><div class=\"elementor-repeater-item-36e0299 swiper-slide\" role=\"group\" aria-roledescription=\"slide\"><div class=\"swiper-slide-bg elementor-ken-burns elementor-ken-burns--in\" role=\"img\"><\/div><div class=\"elementor-background-overlay\"><\/div><div class=\"swiper-slide-inner\" ><div class=\"swiper-slide-contents\"><div class=\"elementor-slide-heading\">LAITERIE ET P\u00c2TISSERIE<\/div><\/div><\/div><\/div><div class=\"elementor-repeater-item-0fb720a swiper-slide\" role=\"group\" aria-roledescription=\"slide\"><div class=\"swiper-slide-bg elementor-ken-burns elementor-ken-burns--in\" role=\"img\"><\/div><div class=\"elementor-background-overlay\"><\/div><div class=\"swiper-slide-inner\" ><div class=\"swiper-slide-contents\"><div class=\"elementor-slide-heading\">LAITERIE ET P\u00c2TISSERIE<\/div><\/div><\/div><\/div>\t\t\t\t<\/div>\n\t\t\t\t\t\t\t\t\t\t\t\t\t\t\t<div class=\"elementor-swiper-button elementor-swiper-button-prev\" role=\"button\" tabindex=\"0\" aria-label=\"Previous slide\" data-no-translation-aria-label=\"\">\n\t\t\t\t\t\t\t<i aria-hidden=\"true\" class=\"eicon-chevron-left\"><\/i>\t\t\t\t\t\t<\/div>\n\t\t\t\t\t\t<div class=\"elementor-swiper-button elementor-swiper-button-next\" role=\"button\" tabindex=\"0\" aria-label=\"Next slide\" data-no-translation-aria-label=\"\">\n\t\t\t\t\t\t\t<i aria-hidden=\"true\" class=\"eicon-chevron-right\"><\/i>\t\t\t\t\t\t<\/div>\n\t\t\t\t\t\t\t\t\t\t\t\t\t\t\t\t<div class=\"swiper-pagination\"><\/div>\n\t\t\t\t\t\t\t\t\t\t\t\t<\/div>\n\t\t\t\t<\/div>\n\t\t\t\t\t\t\t\t<\/div>\n\t\t\t\t<\/div>\n\t\t\t\t\t<\/div>\n\t\t<\/div>\n\t\t\t\t\t<\/div>\n\t\t<\/section>\n\t\t\t\t<section class=\"elementor-section elementor-top-section elementor-element elementor-element-6a673526 elementor-section-boxed elementor-section-height-default elementor-section-height-default\" data-id=\"6a673526\" data-element_type=\"section\">\n\t\t\t\t\t\t<div class=\"elementor-container elementor-column-gap-default\">\n\t\t\t\t\t<div class=\"elementor-column elementor-col-100 elementor-top-column elementor-element elementor-element-5d7f81bb\" data-id=\"5d7f81bb\" data-element_type=\"column\">\n\t\t\t<div class=\"elementor-widget-wrap elementor-element-populated\">\n\t\t\t\t\t\t<div class=\"elementor-element elementor-element-526b9199 elementor-widget elementor-widget-text-editor\" data-id=\"526b9199\" data-element_type=\"widget\" data-widget_type=\"text-editor.default\">\n\t\t\t\t<div class=\"elementor-widget-container\">\n\t\t\t\t\t\t\t\t\t<p style=\"text-align: justify;\">Bienvenue \u00e0 la laiterie et P\u00e2tisserie du centre Songha\u00ef\u00a0; Ici tous nos proc\u00e9d\u00e9s sont respectueux des normes de qualit\u00e9 afin de garantir une sant\u00e9 saine. Car ne dit-on pas qu\u2019une bonne sant\u00e9 commence d\u2019abord par ce que nous mangeons\u00a0? Justement \u00e0 travers les produits laitiers et p\u00e2tissiers que nous mettons \u00e0 votre disponibilit\u00e9, et que vous aurez le plaisir de d\u00e9guster, vous d\u00e9couvrirez la beaut\u00e9 de toute la nature qu\u2019incarne Songha\u00ef. Avec Songha\u00ef, mangez sain et portez-vous mieux.<\/p><h2>Laiterie<\/h2><p style=\"text-align: justify;\">L\u2019une des innovations qui font la fiert\u00e9 du centre songha\u00ef depuis quelques ann\u00e9es est bien s\u00f9r la Laiterie. Cette section qui r\u00e9pond aux normes internationales et dirig\u00e9e par une \u00e9quipe professionnelle exigeante en mati\u00e8re d\u2019hygi\u00e8ne\u00a0 met \u00e0 la disponibilit\u00e9 de toute sa client\u00e8le une gamme vari\u00e9e de yaourt. Vous y d\u00e9couvrirez entre autres \u00a0les yaourts aux fruits, les yaourts simples, le d\u00e8gu\u00e8, de 12 Cl et de 35 Cl.<\/p><p style=\"text-align: justify;\">\u00a0\u00a0\u00a0\u00a0\u00a0 La particularit\u00e9 des produits laitiers songha\u00ef r\u00e9side dans leurs caract\u00e9ristiques probiotics. Leurs vertus sont de plusieurs ordres\u00a0; ils vous aident entre autres\u00a0 \u00e0 diminuer le taux de cholest\u00e9rol sanguin, \u00e0 r\u00e9duire le d\u00e9veloppement des mauvaises bact\u00e9ries dans les intestins\u00a0 et \u00e0 r\u00e9duire les risques de cancers et de calculs r\u00e9naux etc.\u2026<\/p><p style=\"text-align: justify;\">\u00a0\u00a0\u00a0 Les produits laitiers Songha\u00ef\u00a0 sont disponibles dans nos centres commerciaux et dans nos bars Restaurants. Faites-y un tour vous ne serez assur\u00e9ment pas d\u00e9\u00e7u.<\/p><h2>P\u00e2tisserie<\/h2><p style=\"text-align: justify;\">Le Centre Songha\u00ef est fier de vous pr\u00e9senter les produits confectionn\u00e9s par la dynamique \u00e9quipe de p\u00e2tisserie et boulangerie. Nous proposons des biscuits, cake, cr\u00e8me glac\u00e9, g\u00e2teau d\u2019anniversaire\u00a0; Une gamme assez large pour satisfaire notre client\u00e8le. Tous nos produits sont \u00e9labor\u00e9s au centre Songha\u00ef avec des ingr\u00e9dients sains. Notre gamme de sucrerie est en vente au Centre Commercial et les g\u00e2teaux d\u2019anniversaire sont disponible selon le choix du client. Notre \u00e9quipe se tient \u00e0 votre disponibilit\u00e9 pour toutes demandes. Vous trouverez les viennoiseries en comptoir en vente ou bien \u00e0 d\u00e9guster au petit d\u00e9jeuner et en collation l\u2019apr\u00e8s-midi. En conclusion nous soulignerons cette phrase tir\u00e9e du livre \u2018\u2019L\u2019Afrique rel\u00e8ve la t\u00eate\u2019\u2019 du fr\u00e8re Godfrey NZAMUJO\u00a0: {Songha\u00ef\u00a0: Lieu de formation, initiative pour devenir acteur de son histoire.}<\/p>\t\t\t\t\t\t\t\t<\/div>\n\t\t\t\t<\/div>\n\t\t\t\t\t<\/div>\n\t\t<\/div>\n\t\t\t\t\t<\/div>\n\t\t<\/section>\n\t\t\t\t<section class=\"elementor-section elementor-top-section elementor-element elementor-element-7d52a52a elementor-section-stretched elementor-section-boxed elementor-section-height-default elementor-section-height-default tf-parallax-no\" data-id=\"7d52a52a\" data-element_type=\"section\" data-settings=\"{&quot;stretch_section&quot;:&quot;section-stretched&quot;,&quot;background_background&quot;:&quot;classic&quot;}\">\n\t\t\t\t\t\t<div class=\"elementor-container elementor-column-gap-extended\">\n\t\t\t\t\t<div class=\"elementor-column elementor-col-100 elementor-top-column elementor-element elementor-element-19030da5\" data-id=\"19030da5\" data-element_type=\"column\">\n\t\t\t<div class=\"elementor-widget-wrap elementor-element-populated\">\n\t\t\t\t\t\t<section class=\"elementor-section elementor-inner-section elementor-element elementor-element-3a9684bd elementor-section-full_width elementor-section-height-default elementor-section-height-default\" data-id=\"3a9684bd\" data-element_type=\"section\">\n\t\t\t\t\t\t<div class=\"elementor-container elementor-column-gap-wider\">\n\t\t\t\t\t<div class=\"elementor-column elementor-col-33 elementor-inner-column elementor-element elementor-element-1a0255e3\" data-id=\"1a0255e3\" data-element_type=\"column\">\n\t\t\t<div class=\"elementor-widget-wrap elementor-element-populated\">\n\t\t\t\t\t\t<div class=\"elementor-element elementor-element-468c4ba line-top elementor-widget elementor-widget-tfimagebox\" data-id=\"468c4ba\" data-element_type=\"widget\" data-widget_type=\"tfimagebox.default\">\n\t\t\t\t<div class=\"elementor-widget-container\">\n\t\t\t\t\t<div class=\"tf-imagebox style-1\"> \r\n                <div class=\"image\"><img fetchpriority=\"high\" decoding=\"async\" width=\"1024\" height=\"754\" src=\"https:\/\/songhai.org\/wp-content\/uploads\/2017\/07\/38-e1500629762937-1024x754.jpg\" class=\"attachment-large size-large wp-image-2475\" alt=\"\" srcset=\"https:\/\/songhai.org\/wp-content\/uploads\/2017\/07\/38-e1500629762937-1024x754.jpg 1024w, https:\/\/songhai.org\/wp-content\/uploads\/2017\/07\/38-e1500629762937-300x221.jpg 300w, https:\/\/songhai.org\/wp-content\/uploads\/2017\/07\/38-e1500629762937-768x566.jpg 768w, https:\/\/songhai.org\/wp-content\/uploads\/2017\/07\/38-e1500629762937-600x442.jpg 600w, https:\/\/songhai.org\/wp-content\/uploads\/2017\/07\/38-e1500629762937.jpg 1086w\" sizes=\"(max-width: 1024px) 100vw, 1024px\" \/> <div class=\"image-overlay fade-in\"><\/div><\/div>\r\n                <div class=\"content-only\"> \r\n                \t               \t              \r\n\t\t\t\t\t<h4 class=\"title\"><a href=\"https:\/\/songhai.org\/en\/usine-de-jus\/\"  >Usine de jus<\/a><\/h4>\r\n\t\t\t\t<\/div>\r\n                <div class=\"content\">\t\r\n                \t                \r\n\t\t\t\t\t<h4 class=\"title\"><a href=\"https:\/\/songhai.org\/en\/usine-de-jus\/\"  >Usine de jus<\/a><\/h4>\r\n\t                \r\n\t                <div class=\"tf-button-container\"><a class=\"tf-button bt_icon_after btn-overlay default-theme\" href=\"https:\/\/songhai.org\/en\/usine-de-jus\/\"  >Read more ... <i class=\"fas fa-arrow-right\"><\/i><\/a><\/div>\r\n\t\t\t\t<\/div>\r\n            <\/div>\t\t\t\t<\/div>\n\t\t\t\t<\/div>\n\t\t\t\t\t<\/div>\n\t\t<\/div>\n\t\t\t\t<div class=\"elementor-column elementor-col-33 elementor-inner-column elementor-element elementor-element-4e854e8c\" data-id=\"4e854e8c\" data-element_type=\"column\">\n\t\t\t<div class=\"elementor-widget-wrap elementor-element-populated\">\n\t\t\t\t\t\t<div class=\"elementor-element elementor-element-545eb510 line-top elementor-widget elementor-widget-tfimagebox\" data-id=\"545eb510\" data-element_type=\"widget\" data-widget_type=\"tfimagebox.default\">\n\t\t\t\t<div class=\"elementor-widget-container\">\n\t\t\t\t\t<div class=\"tf-imagebox style-1\"> \r\n                <div class=\"image\"><img decoding=\"async\" width=\"300\" height=\"200\" src=\"https:\/\/songhai.org\/wp-content\/uploads\/2017\/04\/laiterie1-e1519671524651.jpg\" class=\"attachment-large size-large wp-image-3404\" alt=\"\" \/> <div class=\"image-overlay fade-in\"><\/div><\/div>\r\n                <div class=\"content-only\"> \r\n                \t               \t              \r\n\t\t\t\t\t<h4 class=\"title\"><a href=\"https:\/\/songhai.org\/en\/usine-de-laiterie-et-patisserie\/\"  >Laiterie et Patisserie<\/a><\/h4>\r\n\t\t\t\t<\/div>\r\n                <div class=\"content\">\t\r\n                \t                \r\n\t\t\t\t\t<h4 class=\"title\"><a href=\"https:\/\/songhai.org\/en\/usine-de-laiterie-et-patisserie\/\"  >Laiterie et Patisserie<\/a><\/h4>\r\n\t                \r\n\t                <div class=\"tf-button-container\"><a class=\"tf-button bt_icon_after btn-overlay default-theme\" href=\"https:\/\/songhai.org\/en\/usine-de-laiterie-et-patisserie\/\"  >Read more ... <i class=\"fas fa-arrow-right\"><\/i><\/a><\/div>\r\n\t\t\t\t<\/div>\r\n            <\/div>\t\t\t\t<\/div>\n\t\t\t\t<\/div>\n\t\t\t\t\t<\/div>\n\t\t<\/div>\n\t\t\t\t<div class=\"elementor-column elementor-col-33 elementor-inner-column elementor-element elementor-element-396d72fe\" data-id=\"396d72fe\" data-element_type=\"column\">\n\t\t\t<div class=\"elementor-widget-wrap elementor-element-populated\">\n\t\t\t\t\t\t<div class=\"elementor-element elementor-element-633e1296 line-top elementor-widget elementor-widget-tfimagebox\" data-id=\"633e1296\" data-element_type=\"widget\" data-widget_type=\"tfimagebox.default\">\n\t\t\t\t<div class=\"elementor-widget-container\">\n\t\t\t\t\t<div class=\"tf-imagebox style-1\"> \r\n                <div class=\"image\"><img decoding=\"async\" width=\"1024\" height=\"683\" src=\"https:\/\/songhai.org\/wp-content\/uploads\/2017\/07\/IMG_3992-1024x683.jpg\" class=\"attachment-large size-large wp-image-2462\" alt=\"\" srcset=\"https:\/\/songhai.org\/wp-content\/uploads\/2017\/07\/IMG_3992-1024x683.jpg 1024w, https:\/\/songhai.org\/wp-content\/uploads\/2017\/07\/IMG_3992-300x200.jpg 300w, https:\/\/songhai.org\/wp-content\/uploads\/2017\/07\/IMG_3992-768x512.jpg 768w, https:\/\/songhai.org\/wp-content\/uploads\/2017\/07\/IMG_3992-600x400.jpg 600w, https:\/\/songhai.org\/wp-content\/uploads\/2017\/07\/IMG_3992.jpg 1200w\" sizes=\"(max-width: 1024px) 100vw, 1024px\" \/> <div class=\"image-overlay fade-in\"><\/div><\/div>\r\n                <div class=\"content-only\"> \r\n                \t               \t              \r\n\t\t\t\t\t<h4 class=\"title\"><a href=\"https:\/\/songhai.org\/en\/artisanat\/\"  >Artisanat<\/a><\/h4>\r\n\t\t\t\t<\/div>\r\n                <div class=\"content\">\t\r\n                \t                \r\n\t\t\t\t\t<h4 class=\"title\"><a href=\"https:\/\/songhai.org\/en\/artisanat\/\"  >Artisanat<\/a><\/h4>\r\n\t                \r\n\t                <div class=\"tf-button-container\"><a class=\"tf-button bt_icon_after btn-overlay default-theme\" href=\"https:\/\/songhai.org\/en\/artisanat\/\"  >Read more ... <i class=\"fas fa-arrow-right\"><\/i><\/a><\/div>\r\n\t\t\t\t<\/div>\r\n            <\/div>\t\t\t\t<\/div>\n\t\t\t\t<\/div>\n\t\t\t\t\t<\/div>\n\t\t<\/div>\n\t\t\t\t\t<\/div>\n\t\t<\/section>\n\t\t\t\t<section class=\"elementor-section elementor-inner-section elementor-element elementor-element-78f12573 elementor-section-full_width elementor-section-height-default elementor-section-height-default\" data-id=\"78f12573\" data-element_type=\"section\">\n\t\t\t\t\t\t<div class=\"elementor-container elementor-column-gap-wider\">\n\t\t\t\t\t<div class=\"elementor-column elementor-col-33 elementor-inner-column elementor-element elementor-element-65651b1e\" data-id=\"65651b1e\" data-element_type=\"column\">\n\t\t\t<div class=\"elementor-widget-wrap elementor-element-populated\">\n\t\t\t\t\t\t<div class=\"elementor-element elementor-element-6ce8d3e4 line-top elementor-widget elementor-widget-tfimagebox\" data-id=\"6ce8d3e4\" data-element_type=\"widget\" data-widget_type=\"tfimagebox.default\">\n\t\t\t\t<div class=\"elementor-widget-container\">\n\t\t\t\t\t<div class=\"tf-imagebox style-1\"> \r\n                <div class=\"image\"><img loading=\"lazy\" decoding=\"async\" width=\"1024\" height=\"683\" src=\"https:\/\/songhai.org\/wp-content\/uploads\/2017\/07\/IMG_7223-1024x683.jpg\" class=\"attachment-large size-large wp-image-2468\" alt=\"\" srcset=\"https:\/\/songhai.org\/wp-content\/uploads\/2017\/07\/IMG_7223-1024x683.jpg 1024w, https:\/\/songhai.org\/wp-content\/uploads\/2017\/07\/IMG_7223-300x200.jpg 300w, https:\/\/songhai.org\/wp-content\/uploads\/2017\/07\/IMG_7223-768x512.jpg 768w, https:\/\/songhai.org\/wp-content\/uploads\/2017\/07\/IMG_7223-600x400.jpg 600w, https:\/\/songhai.org\/wp-content\/uploads\/2017\/07\/IMG_7223.jpg 1200w\" sizes=\"(max-width: 1024px) 100vw, 1024px\" \/> <div class=\"image-overlay fade-in\"><\/div><\/div>\r\n                <div class=\"content-only\"> \r\n                \t               \t              \r\n\t\t\t\t\t<h4 class=\"title\"><a href=\"https:\/\/songhai.org\/en\/usine-de-snack\/\"  >Usine de Snack<\/a><\/h4>\r\n\t\t\t\t<\/div>\r\n                <div class=\"content\">\t\r\n                \t                \r\n\t\t\t\t\t<h4 class=\"title\"><a href=\"https:\/\/songhai.org\/en\/usine-de-snack\/\"  >Usine de Snack<\/a><\/h4>\r\n\t                \r\n\t                <div class=\"tf-button-container\"><a class=\"tf-button bt_icon_after btn-overlay default-theme\" href=\"https:\/\/songhai.org\/en\/usine-de-snack\/\"  >Read more ... <i class=\"fas fa-arrow-right\"><\/i><\/a><\/div>\r\n\t\t\t\t<\/div>\r\n            <\/div>\t\t\t\t<\/div>\n\t\t\t\t<\/div>\n\t\t\t\t\t<\/div>\n\t\t<\/div>\n\t\t\t\t<div class=\"elementor-column elementor-col-33 elementor-inner-column elementor-element elementor-element-3d50a5eb\" data-id=\"3d50a5eb\" data-element_type=\"column\">\n\t\t\t<div class=\"elementor-widget-wrap elementor-element-populated\">\n\t\t\t\t\t\t<div class=\"elementor-element elementor-element-233a4ba8 line-top elementor-widget elementor-widget-tfimagebox\" data-id=\"233a4ba8\" data-element_type=\"widget\" data-widget_type=\"tfimagebox.default\">\n\t\t\t\t<div class=\"elementor-widget-container\">\n\t\t\t\t\t<div class=\"tf-imagebox style-1\"> \r\n                <div class=\"image\"><img loading=\"lazy\" decoding=\"async\" width=\"1024\" height=\"683\" src=\"https:\/\/songhai.org\/wp-content\/uploads\/2017\/07\/IMG_1782-1024x683.jpg\" class=\"attachment-large size-large wp-image-2469\" alt=\"\" srcset=\"https:\/\/songhai.org\/wp-content\/uploads\/2017\/07\/IMG_1782-1024x683.jpg 1024w, https:\/\/songhai.org\/wp-content\/uploads\/2017\/07\/IMG_1782-300x200.jpg 300w, https:\/\/songhai.org\/wp-content\/uploads\/2017\/07\/IMG_1782-768x512.jpg 768w, https:\/\/songhai.org\/wp-content\/uploads\/2017\/07\/IMG_1782-600x400.jpg 600w, https:\/\/songhai.org\/wp-content\/uploads\/2017\/07\/IMG_1782.jpg 1200w\" sizes=\"(max-width: 1024px) 100vw, 1024px\" \/> <div class=\"image-overlay fade-in\"><\/div><\/div>\r\n                <div class=\"content-only\"> \r\n                \t               \t              \r\n\t\t\t\t\t<h4 class=\"title\"><a href=\"https:\/\/songhai.org\/en\/usine-de-savon\/\"  >Usine de Savon<\/a><\/h4>\r\n\t\t\t\t<\/div>\r\n                <div class=\"content\">\t\r\n                \t                \r\n\t\t\t\t\t<h4 class=\"title\"><a href=\"https:\/\/songhai.org\/en\/usine-de-savon\/\"  >Usine de Savon<\/a><\/h4>\r\n\t                \r\n\t                <div class=\"tf-button-container\"><a class=\"tf-button bt_icon_after btn-overlay default-theme\" href=\"https:\/\/songhai.org\/en\/usine-de-savon\/\"  >Read more ... <i class=\"fas fa-arrow-right\"><\/i><\/a><\/div>\r\n\t\t\t\t<\/div>\r\n            <\/div>\t\t\t\t<\/div>\n\t\t\t\t<\/div>\n\t\t\t\t\t<\/div>\n\t\t<\/div>\n\t\t\t\t<div class=\"elementor-column elementor-col-33 elementor-inner-column elementor-element elementor-element-24161161\" data-id=\"24161161\" data-element_type=\"column\">\n\t\t\t<div class=\"elementor-widget-wrap elementor-element-populated\">\n\t\t\t\t\t\t<div class=\"elementor-element elementor-element-184c0869 line-top elementor-widget elementor-widget-tfimagebox\" data-id=\"184c0869\" data-element_type=\"widget\" data-widget_type=\"tfimagebox.default\">\n\t\t\t\t<div class=\"elementor-widget-container\">\n\t\t\t\t\t<div class=\"tf-imagebox style-1\"> \r\n                <div class=\"image\"><img loading=\"lazy\" decoding=\"async\" width=\"1024\" height=\"683\" src=\"https:\/\/songhai.org\/wp-content\/uploads\/2017\/04\/Vaneuse-2-1024x768-1.jpg\" class=\"attachment-large size-large wp-image-3610\" alt=\"\" srcset=\"https:\/\/songhai.org\/wp-content\/uploads\/2017\/04\/Vaneuse-2-1024x768-1.jpg 1024w, https:\/\/songhai.org\/wp-content\/uploads\/2017\/04\/Vaneuse-2-1024x768-1-300x200.jpg 300w, https:\/\/songhai.org\/wp-content\/uploads\/2017\/04\/Vaneuse-2-1024x768-1-768x512.jpg 768w, https:\/\/songhai.org\/wp-content\/uploads\/2017\/04\/Vaneuse-2-1024x768-1-600x400.jpg 600w\" sizes=\"(max-width: 1024px) 100vw, 1024px\" \/> <div class=\"image-overlay fade-in\"><\/div><\/div>\r\n                <div class=\"content-only\"> \r\n                \t               \t              \r\n\t\t\t\t\t<h4 class=\"title\"><a href=\"https:\/\/songhai.org\/en\/usine-de-riz\/\"  >Usine de Riz<\/a><\/h4>\r\n\t\t\t\t<\/div>\r\n                <div class=\"content\">\t\r\n                \t                \r\n\t\t\t\t\t<h4 class=\"title\"><a href=\"https:\/\/songhai.org\/en\/usine-de-riz\/\"  >Usine de Riz<\/a><\/h4>\r\n\t                \r\n\t                <div class=\"tf-button-container\"><a class=\"tf-button bt_icon_after btn-overlay default-theme\" href=\"https:\/\/songhai.org\/en\/usine-de-riz\/\"  >Read more ... <i class=\"fas fa-arrow-right\"><\/i><\/a><\/div>\r\n\t\t\t\t<\/div>\r\n            <\/div>\t\t\t\t<\/div>\n\t\t\t\t<\/div>\n\t\t\t\t\t<\/div>\n\t\t<\/div>\n\t\t\t\t\t<\/div>\n\t\t<\/section>\n\t\t\t\t\t<\/div>\n\t\t<\/div>\n\t\t\t\t\t<\/div>\n\t\t<\/section>\n\t\t\t\t<\/div>","protected":false},"excerpt":{"rendered":"<p>LAITERIE ET P\u00c2TISSERIELAITERIE ET P\u00c2TISSERIELAITERIE ET P\u00c2TISSERIELAITERIE ET P\u00c2TISSERIE Previous Next Bienvenue \u00e0 la laiterie et P\u00e2tisserie du centre Songha\u00ef\u00a0; Ici tous nos proc\u00e9d\u00e9s sont respectueux des normes de qualit\u00e9 afin de garantir une sant\u00e9 saine. Car ne dit-on pas qu\u2019une bonne sant\u00e9 commence d\u2019abord par ce [&hellip;]<\/p>","protected":false},"author":1,"featured_media":0,"parent":0,"menu_order":0,"comment_status":"closed","ping_status":"closed","template":"","meta":{"_monsterinsights_skip_tracking":false,"_monsterinsights_sitenote_active":false,"_monsterinsights_sitenote_note":"","_monsterinsights_sitenote_category":0,"footnotes":""},"class_list":["post-2321","page","type-page","status-publish","hentry"],"_links":{"self":[{"href":"https:\/\/songhai.org\/en\/wp-json\/wp\/v2\/pages\/2321","targetHints":{"allow":["GET"]}}],"collection":[{"href":"https:\/\/songhai.org\/en\/wp-json\/wp\/v2\/pages"}],"about":[{"href":"https:\/\/songhai.org\/en\/wp-json\/wp\/v2\/types\/page"}],"author":[{"embeddable":true,"href":"https:\/\/songhai.org\/en\/wp-json\/wp\/v2\/users\/1"}],"replies":[{"embeddable":true,"href":"https:\/\/songhai.org\/en\/wp-json\/wp\/v2\/comments?post=2321"}],"version-history":[{"count":12,"href":"https:\/\/songhai.org\/en\/wp-json\/wp\/v2\/pages\/2321\/revisions"}],"predecessor-version":[{"id":8710,"href":"https:\/\/songhai.org\/en\/wp-json\/wp\/v2\/pages\/2321\/revisions\/8710"}],"wp:attachment":[{"href":"https:\/\/songhai.org\/en\/wp-json\/wp\/v2\/media?parent=2321"}],"curies":[{"name":"wp","href":"https:\/\/api.w.org\/{rel}","templated":true}]}}