{"id":2555,"date":"2017-12-03T20:31:33","date_gmt":"2017-12-03T20:31:33","guid":{"rendered":"http:\/\/songhai.org\/newsite\/?page_id=2555"},"modified":"2022-11-11T23:56:56","modified_gmt":"2022-11-11T22:56:56","slug":"stagiaire-individuel","status":"publish","type":"page","link":"https:\/\/songhai.org\/en\/stagiaire-individuel\/","title":{"rendered":"STAGIAIRE INDIVIDUEL"},"content":{"rendered":"<div data-elementor-type=\"wp-page\" data-elementor-id=\"2555\" class=\"elementor elementor-2555\" data-elementor-post-type=\"page\">\n\t\t\t\t\t\t<section class=\"elementor-section elementor-top-section elementor-element elementor-element-4cd7c503 elementor-section-boxed elementor-section-height-default elementor-section-height-default\" data-id=\"4cd7c503\" data-element_type=\"section\">\n\t\t\t\t\t\t<div class=\"elementor-container elementor-column-gap-default\">\n\t\t\t\t\t<div class=\"elementor-column elementor-col-50 elementor-top-column elementor-element elementor-element-7ca1fc53\" data-id=\"7ca1fc53\" data-element_type=\"column\">\n\t\t\t<div class=\"elementor-widget-wrap elementor-element-populated\">\n\t\t\t\t\t\t<div class=\"elementor-element elementor-element-4fccb1c0 elementor-widget elementor-widget-text-editor\" data-id=\"4fccb1c0\" data-element_type=\"widget\" data-widget_type=\"text-editor.default\">\n\t\t\t\t<div class=\"elementor-widget-container\">\n\t\t\t\t\t\t\t\t\t<p>Par ailleurs les \u00e9tudiants des lyc\u00e9es agricoles et universit\u00e9s peuvent s\u2019inscrire\u00a0 pour des stages pratiques et de r\u00e9daction de m\u00e9moire. La p\u00e9riode varie selon les objectifs (1 \u00e0 6 mois).<\/p><p>Il est aussi demand\u00e9 aux candidats aux formations de songha\u00ef d\u2019avoir quelques pr\u00e9dispositions que sont\u00a0:<\/p><ul><li><p>Ouverture pour adh\u00e9rer progressivement \u00e0 la vision de d\u00e9veloppement de Songha\u00ef\u00a0: transformation de la personne<\/p><\/li><li><p>Ambition pour sa vie et pour le d\u00e9veloppement de sa communaut\u00e9<\/p><\/li><li><p>Ouverture d\u2019esprit et capacit\u00e9 de changement personnel<\/p><\/li><li><p>Manifestation d\u2019\u00e9veil et de curiosit\u00e9<\/p><\/li><\/ul>\t\t\t\t\t\t\t\t<\/div>\n\t\t\t\t<\/div>\n\t\t\t\t\t<\/div>\n\t\t<\/div>\n\t\t\t\t<div class=\"elementor-column elementor-col-50 elementor-top-column elementor-element elementor-element-86e1986\" data-id=\"86e1986\" data-element_type=\"column\">\n\t\t\t<div class=\"elementor-widget-wrap elementor-element-populated\">\n\t\t\t\t\t\t<div class=\"elementor-element elementor-element-67b4cd9 elementor-widget elementor-widget-image\" data-id=\"67b4cd9\" data-element_type=\"widget\" data-widget_type=\"image.default\">\n\t\t\t\t<div class=\"elementor-widget-container\">\n\t\t\t\t\t\t\t\t\t\t\t\t\t\t\t<img fetchpriority=\"high\" decoding=\"async\" width=\"1024\" height=\"686\" src=\"https:\/\/songhai.org\/wp-content\/uploads\/2017\/12\/Stagiaire_individuel1-1024x686.jpg\" class=\"attachment-large size-large wp-image-7775\" alt=\"\" srcset=\"https:\/\/songhai.org\/wp-content\/uploads\/2017\/12\/Stagiaire_individuel1-1024x686.jpg 1024w, https:\/\/songhai.org\/wp-content\/uploads\/2017\/12\/Stagiaire_individuel1-300x201.jpg 300w, https:\/\/songhai.org\/wp-content\/uploads\/2017\/12\/Stagiaire_individuel1-768x515.jpg 768w, https:\/\/songhai.org\/wp-content\/uploads\/2017\/12\/Stagiaire_individuel1-600x402.jpg 600w, https:\/\/songhai.org\/wp-content\/uploads\/2017\/12\/Stagiaire_individuel1.jpg 1200w\" sizes=\"(max-width: 1024px) 100vw, 1024px\" \/>\t\t\t\t\t\t\t\t\t\t\t\t\t\t\t<\/div>\n\t\t\t\t<\/div>\n\t\t\t\t\t<\/div>\n\t\t<\/div>\n\t\t\t\t\t<\/div>\n\t\t<\/section>\n\t\t\t\t<section class=\"elementor-section elementor-top-section elementor-element elementor-element-3c5a71c elementor-section-boxed elementor-section-height-default elementor-section-height-default\" data-id=\"3c5a71c\" data-element_type=\"section\">\n\t\t\t\t\t\t<div class=\"elementor-container elementor-column-gap-default\">\n\t\t\t\t\t<div class=\"elementor-column elementor-col-50 elementor-top-column elementor-element elementor-element-9f35ac6\" data-id=\"9f35ac6\" data-element_type=\"column\">\n\t\t\t<div class=\"elementor-widget-wrap elementor-element-populated\">\n\t\t\t\t\t\t<div class=\"elementor-element elementor-element-f705320 elementor-widget elementor-widget-image\" data-id=\"f705320\" data-element_type=\"widget\" data-widget_type=\"image.default\">\n\t\t\t\t<div class=\"elementor-widget-container\">\n\t\t\t\t\t\t\t\t\t\t\t\t\t\t\t<img decoding=\"async\" width=\"1024\" height=\"686\" src=\"https:\/\/songhai.org\/wp-content\/uploads\/2017\/12\/Stagiaire_individuel2-1024x686.jpg\" class=\"attachment-large size-large wp-image-3444\" alt=\"\" srcset=\"https:\/\/songhai.org\/wp-content\/uploads\/2017\/12\/Stagiaire_individuel2-1024x686.jpg 1024w, https:\/\/songhai.org\/wp-content\/uploads\/2017\/12\/Stagiaire_individuel2-300x201.jpg 300w, https:\/\/songhai.org\/wp-content\/uploads\/2017\/12\/Stagiaire_individuel2-768x515.jpg 768w, https:\/\/songhai.org\/wp-content\/uploads\/2017\/12\/Stagiaire_individuel2-600x402.jpg 600w, https:\/\/songhai.org\/wp-content\/uploads\/2017\/12\/Stagiaire_individuel2.jpg 1200w\" sizes=\"(max-width: 1024px) 100vw, 1024px\" \/>\t\t\t\t\t\t\t\t\t\t\t\t\t\t\t<\/div>\n\t\t\t\t<\/div>\n\t\t\t\t\t<\/div>\n\t\t<\/div>\n\t\t\t\t<div class=\"elementor-column elementor-col-50 elementor-top-column elementor-element elementor-element-6c2af74\" data-id=\"6c2af74\" data-element_type=\"column\">\n\t\t\t<div class=\"elementor-widget-wrap elementor-element-populated\">\n\t\t\t\t\t\t<div class=\"elementor-element elementor-element-5005d9e elementor-widget elementor-widget-text-editor\" data-id=\"5005d9e\" data-element_type=\"widget\" data-widget_type=\"text-editor.default\">\n\t\t\t\t<div class=\"elementor-widget-container\">\n\t\t\t\t\t\t\t\t\t<p>Ce niveau de formation est ouvert \u00e0 toutes personnes d\u00e9sireuses d\u2019acqu\u00e9rir des connaissances en entreprenariat agricole. Cette formation qui doit obligatoirement durer au moins 6 mois, est payante et est destin\u00e9e\u00a0 aux personnes \u00e2g\u00e9es d\u2019au moins 18 ans et de toute nationalit\u00e9. Consid\u00e9r\u00e9 comme le niveau 2 de formation \u00e0 songha\u00ef, ici, les apprenants b\u00e9n\u00e9ficient d\u2019une formation continue et l\u2019accompagnement \u00e0 la cr\u00e9ation d\u2019une entreprise agricole.<\/p>\t\t\t\t\t\t\t\t<\/div>\n\t\t\t\t<\/div>\n\t\t\t\t\t<\/div>\n\t\t<\/div>\n\t\t\t\t\t<\/div>\n\t\t<\/section>\n\t\t\t\t<section class=\"elementor-section elementor-inner-section elementor-element elementor-element-142a75d2 elementor-section-full_width elementor-section-height-default elementor-section-height-default\" data-id=\"142a75d2\" data-element_type=\"section\">\n\t\t\t\t\t\t<div class=\"elementor-container elementor-column-gap-wider\">\n\t\t\t\t\t<div class=\"elementor-column elementor-col-33 elementor-inner-column elementor-element elementor-element-752d2da9\" data-id=\"752d2da9\" data-element_type=\"column\">\n\t\t\t<div class=\"elementor-widget-wrap elementor-element-populated\">\n\t\t\t\t\t\t<div class=\"elementor-element elementor-element-36ab5e50 line-top elementor-widget elementor-widget-tfimagebox\" data-id=\"36ab5e50\" data-element_type=\"widget\" data-widget_type=\"tfimagebox.default\">\n\t\t\t\t<div class=\"elementor-widget-container\">\n\t\t\t\t\t<div class=\"tf-imagebox style-1\"> \r\n                <div class=\"image\"><img decoding=\"async\" width=\"1024\" height=\"687\" src=\"https:\/\/songhai.org\/wp-content\/uploads\/2017\/12\/e.jpg\" class=\"attachment-large size-large wp-image-3498\" alt=\"\" srcset=\"https:\/\/songhai.org\/wp-content\/uploads\/2017\/12\/e.jpg 1024w, https:\/\/songhai.org\/wp-content\/uploads\/2017\/12\/e-300x201.jpg 300w, https:\/\/songhai.org\/wp-content\/uploads\/2017\/12\/e-768x515.jpg 768w, https:\/\/songhai.org\/wp-content\/uploads\/2017\/12\/e-600x403.jpg 600w\" sizes=\"(max-width: 1024px) 100vw, 1024px\" \/> <div class=\"image-overlay fade-in\"><\/div><\/div>\r\n                <div class=\"content-only\"> \r\n                \t               \t              \r\n\t\t\t\t\t<h4 class=\"title\"><a href=\"https:\/\/songhai.org\/en\/entrepreneurs-agricoles\/\"  >Formation premier cycle<\/a><\/h4>\r\n\t\t\t\t<\/div>\r\n                <div class=\"content\">\t\r\n                \t                \r\n\t\t\t\t\t<h4 class=\"title\"><a href=\"https:\/\/songhai.org\/en\/entrepreneurs-agricoles\/\"  >Formation premier cycle<\/a><\/h4>\r\n\t                \r\n\t                <div class=\"tf-button-container\"><a class=\"tf-button bt_icon_after btn-overlay default-theme\" href=\"https:\/\/songhai.org\/en\/entrepreneurs-agricoles\/\"  >Read more ... <i class=\"fas fa-arrow-right\"><\/i><\/a><\/div>\r\n\t\t\t\t<\/div>\r\n            <\/div>\t\t\t\t<\/div>\n\t\t\t\t<\/div>\n\t\t\t\t\t<\/div>\n\t\t<\/div>\n\t\t\t\t<div class=\"elementor-column elementor-col-33 elementor-inner-column elementor-element elementor-element-7b57b956\" data-id=\"7b57b956\" data-element_type=\"column\">\n\t\t\t<div class=\"elementor-widget-wrap elementor-element-populated\">\n\t\t\t\t\t\t<div class=\"elementor-element elementor-element-89bd9f7 line-top elementor-widget elementor-widget-tfimagebox\" data-id=\"89bd9f7\" data-element_type=\"widget\" data-widget_type=\"tfimagebox.default\">\n\t\t\t\t<div class=\"elementor-widget-container\">\n\t\t\t\t\t<div class=\"tf-imagebox style-1\"> \r\n                <div class=\"image\"><img loading=\"lazy\" decoding=\"async\" width=\"1024\" height=\"687\" src=\"https:\/\/songhai.org\/wp-content\/uploads\/2017\/12\/IMG_8580-1024x687.jpg\" class=\"attachment-large size-large wp-image-2633\" alt=\"\" srcset=\"https:\/\/songhai.org\/wp-content\/uploads\/2017\/12\/IMG_8580-1024x687.jpg 1024w, https:\/\/songhai.org\/wp-content\/uploads\/2017\/12\/IMG_8580-300x201.jpg 300w, https:\/\/songhai.org\/wp-content\/uploads\/2017\/12\/IMG_8580-768x515.jpg 768w, https:\/\/songhai.org\/wp-content\/uploads\/2017\/12\/IMG_8580-1536x1031.jpg 1536w, https:\/\/songhai.org\/wp-content\/uploads\/2017\/12\/IMG_8580-600x403.jpg 600w, https:\/\/songhai.org\/wp-content\/uploads\/2017\/12\/IMG_8580.jpg 1621w\" sizes=\"(max-width: 1024px) 100vw, 1024px\" \/> <div class=\"image-overlay fade-in\"><\/div><\/div>\r\n                <div class=\"content-only\"> \r\n                \t               \t              \r\n\t\t\t\t\t<h4 class=\"title\"><a href=\"https:\/\/songhai.org\/en\/stagiaire-individuel\/\"  >Formation second cycle<\/a><\/h4>\r\n\t\t\t\t<\/div>\r\n                <div class=\"content\">\t\r\n                \t                \r\n\t\t\t\t\t<h4 class=\"title\"><a href=\"https:\/\/songhai.org\/en\/stagiaire-individuel\/\"  >Formation second cycle<\/a><\/h4>\r\n\t                \r\n\t                <div class=\"tf-button-container\"><a class=\"tf-button bt_icon_after btn-overlay default-theme\" href=\"https:\/\/songhai.org\/en\/stagiaire-individuel\/\"  >Read more ... <i class=\"fas fa-arrow-right\"><\/i><\/a><\/div>\r\n\t\t\t\t<\/div>\r\n            <\/div>\t\t\t\t<\/div>\n\t\t\t\t<\/div>\n\t\t\t\t\t<\/div>\n\t\t<\/div>\n\t\t\t\t<div class=\"elementor-column elementor-col-33 elementor-inner-column elementor-element elementor-element-1cb55a13\" data-id=\"1cb55a13\" data-element_type=\"column\">\n\t\t\t<div class=\"elementor-widget-wrap elementor-element-populated\">\n\t\t\t\t\t\t<div class=\"elementor-element elementor-element-7fa01d14 line-top elementor-widget elementor-widget-tfimagebox\" data-id=\"7fa01d14\" data-element_type=\"widget\" data-widget_type=\"tfimagebox.default\">\n\t\t\t\t<div class=\"elementor-widget-container\">\n\t\t\t\t\t<div class=\"tf-imagebox style-1\"> \r\n                <div class=\"image\"><img loading=\"lazy\" decoding=\"async\" width=\"1024\" height=\"687\" src=\"https:\/\/songhai.org\/wp-content\/uploads\/2017\/12\/IMG_9078-1024x687.jpg\" class=\"attachment-large size-large wp-image-2635\" alt=\"\" srcset=\"https:\/\/songhai.org\/wp-content\/uploads\/2017\/12\/IMG_9078-1024x687.jpg 1024w, https:\/\/songhai.org\/wp-content\/uploads\/2017\/12\/IMG_9078-300x201.jpg 300w, https:\/\/songhai.org\/wp-content\/uploads\/2017\/12\/IMG_9078-768x515.jpg 768w, https:\/\/songhai.org\/wp-content\/uploads\/2017\/12\/IMG_9078-1536x1031.jpg 1536w, https:\/\/songhai.org\/wp-content\/uploads\/2017\/12\/IMG_9078-600x403.jpg 600w, https:\/\/songhai.org\/wp-content\/uploads\/2017\/12\/IMG_9078.jpg 1621w\" sizes=\"(max-width: 1024px) 100vw, 1024px\" \/> <div class=\"image-overlay fade-in\"><\/div><\/div>\r\n                <div class=\"content-only\"> \r\n                \t               \t              \r\n\t\t\t\t\t<h4 class=\"title\"><a href=\"https:\/\/songhai.org\/en\/stagiaire-groupe\/\"  >Formation court et moyen terme<\/a><\/h4>\r\n\t\t\t\t<\/div>\r\n                <div class=\"content\">\t\r\n                \t                \r\n\t\t\t\t\t<h4 class=\"title\"><a href=\"https:\/\/songhai.org\/en\/stagiaire-groupe\/\"  >Formation court et moyen terme<\/a><\/h4>\r\n\t                \r\n\t                <div class=\"tf-button-container\"><a class=\"tf-button bt_icon_after btn-overlay default-theme\" href=\"https:\/\/songhai.org\/en\/stagiaire-groupe\/\"  >Read more ... <i class=\"fas fa-arrow-right\"><\/i><\/a><\/div>\r\n\t\t\t\t<\/div>\r\n            <\/div>\t\t\t\t<\/div>\n\t\t\t\t<\/div>\n\t\t\t\t\t<\/div>\n\t\t<\/div>\n\t\t\t\t\t<\/div>\n\t\t<\/section>\n\t\t\t\t<\/div>","protected":false},"excerpt":{"rendered":"<p>Par ailleurs les \u00e9tudiants des lyc\u00e9es agricoles et universit\u00e9s peuvent s\u2019inscrire\u00a0 pour des stages pratiques et de r\u00e9daction de m\u00e9moire. La p\u00e9riode varie selon les objectifs (1 \u00e0 6 mois). Il est aussi demand\u00e9 aux candidats aux formations de songha\u00ef d\u2019avoir quelques pr\u00e9dispositions que sont\u00a0: Ouverture pour [&hellip;]<\/p>","protected":false},"author":1,"featured_media":0,"parent":0,"menu_order":0,"comment_status":"closed","ping_status":"closed","template":"","meta":{"_monsterinsights_skip_tracking":false,"_monsterinsights_sitenote_active":false,"_monsterinsights_sitenote_note":"","_monsterinsights_sitenote_category":0,"footnotes":""},"class_list":["post-2555","page","type-page","status-publish","hentry"],"_links":{"self":[{"href":"https:\/\/songhai.org\/en\/wp-json\/wp\/v2\/pages\/2555","targetHints":{"allow":["GET"]}}],"collection":[{"href":"https:\/\/songhai.org\/en\/wp-json\/wp\/v2\/pages"}],"about":[{"href":"https:\/\/songhai.org\/en\/wp-json\/wp\/v2\/types\/page"}],"author":[{"embeddable":true,"href":"https:\/\/songhai.org\/en\/wp-json\/wp\/v2\/users\/1"}],"replies":[{"embeddable":true,"href":"https:\/\/songhai.org\/en\/wp-json\/wp\/v2\/comments?post=2555"}],"version-history":[{"count":12,"href":"https:\/\/songhai.org\/en\/wp-json\/wp\/v2\/pages\/2555\/revisions"}],"predecessor-version":[{"id":8376,"href":"https:\/\/songhai.org\/en\/wp-json\/wp\/v2\/pages\/2555\/revisions\/8376"}],"wp:attachment":[{"href":"https:\/\/songhai.org\/en\/wp-json\/wp\/v2\/media?parent=2555"}],"curies":[{"name":"wp","href":"https:\/\/api.w.org\/{rel}","templated":true}]}}