{"id":2557,"date":"2017-12-03T20:32:23","date_gmt":"2017-12-03T20:32:23","guid":{"rendered":"http:\/\/songhai.org\/newsite\/?page_id=2557"},"modified":"2022-11-11T23:58:26","modified_gmt":"2022-11-11T22:58:26","slug":"stagiaire-groupe","status":"publish","type":"page","link":"https:\/\/songhai.org\/en\/stagiaire-groupe\/","title":{"rendered":"STAGIAIRE GROUPE"},"content":{"rendered":"<div data-elementor-type=\"wp-page\" data-elementor-id=\"2557\" class=\"elementor elementor-2557\" data-elementor-post-type=\"page\">\n\t\t\t\t\t\t<section class=\"elementor-section elementor-top-section elementor-element elementor-element-4cd3b3d0 elementor-section-boxed elementor-section-height-default elementor-section-height-default\" data-id=\"4cd3b3d0\" data-element_type=\"section\">\n\t\t\t\t\t\t<div class=\"elementor-container elementor-column-gap-default\">\n\t\t\t\t\t<div class=\"elementor-column elementor-col-50 elementor-top-column elementor-element elementor-element-3f3d807f\" data-id=\"3f3d807f\" data-element_type=\"column\">\n\t\t\t<div class=\"elementor-widget-wrap elementor-element-populated\">\n\t\t\t\t\t\t<div class=\"elementor-element elementor-element-7dd8df6b elementor-widget elementor-widget-text-editor\" data-id=\"7dd8df6b\" data-element_type=\"widget\" data-widget_type=\"text-editor.default\">\n\t\t\t\t<div class=\"elementor-widget-container\">\n\t\t\t\t\t\t\t\t\t<p>Cette formation vise aussi \u00e0 renforcer les comp\u00e9tences des producteurs d\u00e9j\u00e0 dans le domaine agricole par des techniques pratiques sur le terrain en leur faisant d\u00e9couvrir les secrets de songha\u00ef, qui se r\u00e9sument dans cette phrase du Directeur du centre,\u00a0 Godfrey NZAMUDJO,\u00a0\u2018\u2019 Danser avec la nature\u2019\u2019. Ils sont \u00e0 la fin capables \u00e0 la fois d\u2019animer, d\u2019entrainer les communaut\u00e9s, de saisir toute opportunit\u00e9 nouvelle et de d\u00e9velopper une \u00e9conomique articulant tous les \u00e9l\u00e9ments d\u2019un milieu. La formation donn\u00e9e ici est plus qu\u2019un recyclage mais une p\u00e9dagogie de l\u2019innovation pour l\u2019Afrique d\u2019aujourd\u2019hui.<\/p>\t\t\t\t\t\t\t\t<\/div>\n\t\t\t\t<\/div>\n\t\t\t\t\t<\/div>\n\t\t<\/div>\n\t\t\t\t<div class=\"elementor-column elementor-col-50 elementor-top-column elementor-element elementor-element-ee60785\" data-id=\"ee60785\" data-element_type=\"column\">\n\t\t\t<div class=\"elementor-widget-wrap elementor-element-populated\">\n\t\t\t\t\t\t<div class=\"elementor-element elementor-element-7df9231 elementor-widget elementor-widget-image\" data-id=\"7df9231\" data-element_type=\"widget\" data-widget_type=\"image.default\">\n\t\t\t\t<div class=\"elementor-widget-container\">\n\t\t\t\t\t\t\t\t\t\t\t\t\t\t\t<img fetchpriority=\"high\" decoding=\"async\" width=\"1024\" height=\"686\" src=\"https:\/\/songhai.org\/wp-content\/uploads\/2017\/12\/Stagiaire_groupe1-1024x686.jpg\" class=\"attachment-large size-large wp-image-3448\" alt=\"\" srcset=\"https:\/\/songhai.org\/wp-content\/uploads\/2017\/12\/Stagiaire_groupe1-1024x686.jpg 1024w, https:\/\/songhai.org\/wp-content\/uploads\/2017\/12\/Stagiaire_groupe1-300x201.jpg 300w, https:\/\/songhai.org\/wp-content\/uploads\/2017\/12\/Stagiaire_groupe1-768x515.jpg 768w, https:\/\/songhai.org\/wp-content\/uploads\/2017\/12\/Stagiaire_groupe1-600x402.jpg 600w, https:\/\/songhai.org\/wp-content\/uploads\/2017\/12\/Stagiaire_groupe1.jpg 1200w\" sizes=\"(max-width: 1024px) 100vw, 1024px\" \/>\t\t\t\t\t\t\t\t\t\t\t\t\t\t\t<\/div>\n\t\t\t\t<\/div>\n\t\t\t\t\t<\/div>\n\t\t<\/div>\n\t\t\t\t\t<\/div>\n\t\t<\/section>\n\t\t\t\t<section class=\"elementor-section elementor-top-section elementor-element elementor-element-022b6dd elementor-section-boxed elementor-section-height-default elementor-section-height-default\" data-id=\"022b6dd\" data-element_type=\"section\">\n\t\t\t\t\t\t<div class=\"elementor-container elementor-column-gap-default\">\n\t\t\t\t\t<div class=\"elementor-column elementor-col-50 elementor-top-column elementor-element elementor-element-72bc147\" data-id=\"72bc147\" data-element_type=\"column\">\n\t\t\t<div class=\"elementor-widget-wrap elementor-element-populated\">\n\t\t\t\t\t\t<div class=\"elementor-element elementor-element-0234b56 elementor-widget elementor-widget-image\" data-id=\"0234b56\" data-element_type=\"widget\" data-widget_type=\"image.default\">\n\t\t\t\t<div class=\"elementor-widget-container\">\n\t\t\t\t\t\t\t\t\t\t\t\t\t\t\t<img decoding=\"async\" width=\"1024\" height=\"684\" src=\"https:\/\/songhai.org\/wp-content\/uploads\/2017\/12\/Stagiaire_groupe2-1024x684.jpg\" class=\"attachment-large size-large wp-image-3449\" alt=\"\" srcset=\"https:\/\/songhai.org\/wp-content\/uploads\/2017\/12\/Stagiaire_groupe2-1024x684.jpg 1024w, https:\/\/songhai.org\/wp-content\/uploads\/2017\/12\/Stagiaire_groupe2-300x201.jpg 300w, https:\/\/songhai.org\/wp-content\/uploads\/2017\/12\/Stagiaire_groupe2-768x513.jpg 768w, https:\/\/songhai.org\/wp-content\/uploads\/2017\/12\/Stagiaire_groupe2-600x401.jpg 600w, https:\/\/songhai.org\/wp-content\/uploads\/2017\/12\/Stagiaire_groupe2.jpg 1200w\" sizes=\"(max-width: 1024px) 100vw, 1024px\" \/>\t\t\t\t\t\t\t\t\t\t\t\t\t\t\t<\/div>\n\t\t\t\t<\/div>\n\t\t\t\t\t<\/div>\n\t\t<\/div>\n\t\t\t\t<div class=\"elementor-column elementor-col-50 elementor-top-column elementor-element elementor-element-67ceda7\" data-id=\"67ceda7\" data-element_type=\"column\">\n\t\t\t<div class=\"elementor-widget-wrap elementor-element-populated\">\n\t\t\t\t\t\t<div class=\"elementor-element elementor-element-a2be638 elementor-widget elementor-widget-text-editor\" data-id=\"a2be638\" data-element_type=\"widget\" data-widget_type=\"text-editor.default\">\n\t\t\t\t<div class=\"elementor-widget-container\">\n\t\t\t\t\t\t\t\t\t<p>Ce sont g\u00e9n\u00e9ralement des hommes et femmes envoy\u00e9s par des universit\u00e9s, des communaut\u00e9s,\u00a0 des Organisations\u00a0 Non Gouvernementales,\u00a0 le gouvernements et les Organisations Internationales.<\/p><p>Ce niveau vise \u00e0 renforcer des comp\u00e9tences pour promouvoir des cadres africains, qui soient au-del\u00e0 de\u00a0 leur entreprise personnelle, de v\u00e9ritables entrepreneurs de d\u00e9veloppement.<\/p>\t\t\t\t\t\t\t\t<\/div>\n\t\t\t\t<\/div>\n\t\t\t\t\t<\/div>\n\t\t<\/div>\n\t\t\t\t\t<\/div>\n\t\t<\/section>\n\t\t\t\t<section class=\"elementor-section elementor-inner-section elementor-element elementor-element-2fac9639 elementor-section-full_width elementor-section-height-default elementor-section-height-default\" data-id=\"2fac9639\" data-element_type=\"section\">\n\t\t\t\t\t\t<div class=\"elementor-container elementor-column-gap-wider\">\n\t\t\t\t\t<div class=\"elementor-column elementor-col-33 elementor-inner-column elementor-element elementor-element-7564dbee\" data-id=\"7564dbee\" data-element_type=\"column\">\n\t\t\t<div class=\"elementor-widget-wrap elementor-element-populated\">\n\t\t\t\t\t\t<div class=\"elementor-element elementor-element-7c42dbb5 line-top elementor-widget elementor-widget-tfimagebox\" data-id=\"7c42dbb5\" data-element_type=\"widget\" data-widget_type=\"tfimagebox.default\">\n\t\t\t\t<div class=\"elementor-widget-container\">\n\t\t\t\t\t<div class=\"tf-imagebox style-1\"> \r\n                <div class=\"image\"><img decoding=\"async\" width=\"1024\" height=\"687\" src=\"https:\/\/songhai.org\/wp-content\/uploads\/2017\/12\/e.jpg\" class=\"attachment-large size-large wp-image-3498\" alt=\"\" srcset=\"https:\/\/songhai.org\/wp-content\/uploads\/2017\/12\/e.jpg 1024w, https:\/\/songhai.org\/wp-content\/uploads\/2017\/12\/e-300x201.jpg 300w, https:\/\/songhai.org\/wp-content\/uploads\/2017\/12\/e-768x515.jpg 768w, https:\/\/songhai.org\/wp-content\/uploads\/2017\/12\/e-600x403.jpg 600w\" sizes=\"(max-width: 1024px) 100vw, 1024px\" \/> <div class=\"image-overlay fade-in\"><\/div><\/div>\r\n                <div class=\"content-only\"> \r\n                \t               \t              \r\n\t\t\t\t\t<h4 class=\"title\"><a href=\"https:\/\/songhai.org\/en\/entrepreneurs-agricoles\/\"  >Formation premier cycle<\/a><\/h4>\r\n\t\t\t\t<\/div>\r\n                <div class=\"content\">\t\r\n                \t                \r\n\t\t\t\t\t<h4 class=\"title\"><a href=\"https:\/\/songhai.org\/en\/entrepreneurs-agricoles\/\"  >Formation premier cycle<\/a><\/h4>\r\n\t                \r\n\t                <div class=\"tf-button-container\"><a class=\"tf-button bt_icon_after btn-overlay default-theme\" href=\"https:\/\/songhai.org\/en\/entrepreneurs-agricoles\/\"  >Read more ... <i class=\"fas fa-arrow-right\"><\/i><\/a><\/div>\r\n\t\t\t\t<\/div>\r\n            <\/div>\t\t\t\t<\/div>\n\t\t\t\t<\/div>\n\t\t\t\t\t<\/div>\n\t\t<\/div>\n\t\t\t\t<div class=\"elementor-column elementor-col-33 elementor-inner-column elementor-element elementor-element-7fc4ac2b\" data-id=\"7fc4ac2b\" data-element_type=\"column\">\n\t\t\t<div class=\"elementor-widget-wrap elementor-element-populated\">\n\t\t\t\t\t\t<div class=\"elementor-element elementor-element-adf81f4 line-top elementor-widget elementor-widget-tfimagebox\" data-id=\"adf81f4\" data-element_type=\"widget\" data-widget_type=\"tfimagebox.default\">\n\t\t\t\t<div class=\"elementor-widget-container\">\n\t\t\t\t\t<div class=\"tf-imagebox style-1\"> \r\n                <div class=\"image\"><img loading=\"lazy\" decoding=\"async\" width=\"1024\" height=\"687\" src=\"https:\/\/songhai.org\/wp-content\/uploads\/2017\/12\/IMG_8580-1024x687.jpg\" class=\"attachment-large size-large wp-image-2633\" alt=\"\" srcset=\"https:\/\/songhai.org\/wp-content\/uploads\/2017\/12\/IMG_8580-1024x687.jpg 1024w, https:\/\/songhai.org\/wp-content\/uploads\/2017\/12\/IMG_8580-300x201.jpg 300w, https:\/\/songhai.org\/wp-content\/uploads\/2017\/12\/IMG_8580-768x515.jpg 768w, https:\/\/songhai.org\/wp-content\/uploads\/2017\/12\/IMG_8580-1536x1031.jpg 1536w, https:\/\/songhai.org\/wp-content\/uploads\/2017\/12\/IMG_8580-600x403.jpg 600w, https:\/\/songhai.org\/wp-content\/uploads\/2017\/12\/IMG_8580.jpg 1621w\" sizes=\"(max-width: 1024px) 100vw, 1024px\" \/> <div class=\"image-overlay fade-in\"><\/div><\/div>\r\n                <div class=\"content-only\"> \r\n                \t               \t              \r\n\t\t\t\t\t<h4 class=\"title\"><a href=\"https:\/\/songhai.org\/en\/stagiaire-individuel\/\"  >Formation second cycle<\/a><\/h4>\r\n\t\t\t\t<\/div>\r\n                <div class=\"content\">\t\r\n                \t                \r\n\t\t\t\t\t<h4 class=\"title\"><a href=\"https:\/\/songhai.org\/en\/stagiaire-individuel\/\"  >Formation second cycle<\/a><\/h4>\r\n\t                \r\n\t                <div class=\"tf-button-container\"><a class=\"tf-button bt_icon_after btn-overlay default-theme\" href=\"https:\/\/songhai.org\/en\/stagiaire-individuel\/\"  >Read more ... <i class=\"fas fa-arrow-right\"><\/i><\/a><\/div>\r\n\t\t\t\t<\/div>\r\n            <\/div>\t\t\t\t<\/div>\n\t\t\t\t<\/div>\n\t\t\t\t\t<\/div>\n\t\t<\/div>\n\t\t\t\t<div class=\"elementor-column elementor-col-33 elementor-inner-column elementor-element elementor-element-3bd5fda7\" data-id=\"3bd5fda7\" data-element_type=\"column\">\n\t\t\t<div class=\"elementor-widget-wrap elementor-element-populated\">\n\t\t\t\t\t\t<div class=\"elementor-element elementor-element-6c672096 line-top elementor-widget elementor-widget-tfimagebox\" data-id=\"6c672096\" data-element_type=\"widget\" data-widget_type=\"tfimagebox.default\">\n\t\t\t\t<div class=\"elementor-widget-container\">\n\t\t\t\t\t<div class=\"tf-imagebox style-1\"> \r\n                <div class=\"image\"><img loading=\"lazy\" decoding=\"async\" width=\"1024\" height=\"687\" src=\"https:\/\/songhai.org\/wp-content\/uploads\/2017\/12\/IMG_9078-1024x687.jpg\" class=\"attachment-large size-large wp-image-2635\" alt=\"\" srcset=\"https:\/\/songhai.org\/wp-content\/uploads\/2017\/12\/IMG_9078-1024x687.jpg 1024w, https:\/\/songhai.org\/wp-content\/uploads\/2017\/12\/IMG_9078-300x201.jpg 300w, https:\/\/songhai.org\/wp-content\/uploads\/2017\/12\/IMG_9078-768x515.jpg 768w, https:\/\/songhai.org\/wp-content\/uploads\/2017\/12\/IMG_9078-1536x1031.jpg 1536w, https:\/\/songhai.org\/wp-content\/uploads\/2017\/12\/IMG_9078-600x403.jpg 600w, https:\/\/songhai.org\/wp-content\/uploads\/2017\/12\/IMG_9078.jpg 1621w\" sizes=\"(max-width: 1024px) 100vw, 1024px\" \/> <div class=\"image-overlay fade-in\"><\/div><\/div>\r\n                <div class=\"content-only\"> \r\n                \t               \t              \r\n\t\t\t\t\t<h4 class=\"title\"><a href=\"https:\/\/songhai.org\/en\/stagiaire-groupe\/\"  >Formation court et moyen terme<\/a><\/h4>\r\n\t\t\t\t<\/div>\r\n                <div class=\"content\">\t\r\n                \t                \r\n\t\t\t\t\t<h4 class=\"title\"><a href=\"https:\/\/songhai.org\/en\/stagiaire-groupe\/\"  >Formation court et moyen terme<\/a><\/h4>\r\n\t                \r\n\t                <div class=\"tf-button-container\"><a class=\"tf-button bt_icon_after btn-overlay default-theme\" href=\"https:\/\/songhai.org\/en\/stagiaire-groupe\/\"  >Read more ... <i class=\"fas fa-arrow-right\"><\/i><\/a><\/div>\r\n\t\t\t\t<\/div>\r\n            <\/div>\t\t\t\t<\/div>\n\t\t\t\t<\/div>\n\t\t\t\t\t<\/div>\n\t\t<\/div>\n\t\t\t\t\t<\/div>\n\t\t<\/section>\n\t\t\t\t<\/div>","protected":false},"excerpt":{"rendered":"<p>Cette formation vise aussi \u00e0 renforcer les comp\u00e9tences des producteurs d\u00e9j\u00e0 dans le domaine agricole par des techniques pratiques sur le terrain en leur faisant d\u00e9couvrir les secrets de songha\u00ef, qui se r\u00e9sument dans cette phrase du Directeur du centre,\u00a0 Godfrey NZAMUDJO,\u00a0\u2018\u2019 Danser avec la nature\u2019\u2019. Ils [&hellip;]<\/p>","protected":false},"author":1,"featured_media":0,"parent":0,"menu_order":0,"comment_status":"closed","ping_status":"closed","template":"","meta":{"_monsterinsights_skip_tracking":false,"_monsterinsights_sitenote_active":false,"_monsterinsights_sitenote_note":"","_monsterinsights_sitenote_category":0,"footnotes":""},"class_list":["post-2557","page","type-page","status-publish","hentry"],"_links":{"self":[{"href":"https:\/\/songhai.org\/en\/wp-json\/wp\/v2\/pages\/2557","targetHints":{"allow":["GET"]}}],"collection":[{"href":"https:\/\/songhai.org\/en\/wp-json\/wp\/v2\/pages"}],"about":[{"href":"https:\/\/songhai.org\/en\/wp-json\/wp\/v2\/types\/page"}],"author":[{"embeddable":true,"href":"https:\/\/songhai.org\/en\/wp-json\/wp\/v2\/users\/1"}],"replies":[{"embeddable":true,"href":"https:\/\/songhai.org\/en\/wp-json\/wp\/v2\/comments?post=2557"}],"version-history":[{"count":9,"href":"https:\/\/songhai.org\/en\/wp-json\/wp\/v2\/pages\/2557\/revisions"}],"predecessor-version":[{"id":8379,"href":"https:\/\/songhai.org\/en\/wp-json\/wp\/v2\/pages\/2557\/revisions\/8379"}],"wp:attachment":[{"href":"https:\/\/songhai.org\/en\/wp-json\/wp\/v2\/media?parent=2557"}],"curies":[{"name":"wp","href":"https:\/\/api.w.org\/{rel}","templated":true}]}}