{"id":3630,"date":"2020-05-04T01:12:20","date_gmt":"2020-05-04T01:12:20","guid":{"rendered":"http:\/\/songhai.org\/newsite\/?page_id=3630"},"modified":"2020-05-04T01:12:20","modified_gmt":"2020-05-04T01:12:20","slug":"new-tombouctou-songhai-market","status":"publish","type":"page","link":"https:\/\/songhai.org\/en\/new-tombouctou-songhai-market\/","title":{"rendered":"New Tombouctou Songha\u00ef market"},"content":{"rendered":"<p>[vc_row][vc_column][vc_column_text css=&#8221;.vc_custom_1591344267302{margin-right: 60px !important;margin-left: 60px !important;}&#8221;]<\/p>\n<p><\/p>\n<p>Notre monde vit aujourd\u2019hui de grandes crises que sont entre autres, la pauvret\u00e9, le ch\u00f4mage et surtout la crise environnementale qui a comme cons\u00e9quences\u00a0 la d\u00e9gradation acc\u00e9l\u00e9r\u00e9e du sol et la r\u00e9duction, \u00e0 un rythme alarmant, des terres arables par capita. Les effets de cette d\u00e9gradation des terres ne sont pas seulement l&#8217;\u00e9rosion des Eco services, mais \u00e9galement les pertes \u00e9conomiques astronomiques (jusqu&#8217;\u00e0 13% du PIB). Les terres arables par capita continuent de diminuer alors que la population ne cesse de cro\u00eetre de fa\u00e7on vertigineuse. <strong>Les cons\u00e9quences<\/strong> palpables parmi tant d\u2019autres qui se posent sont <strong>la s\u00e9curit\u00e9 alimentaire<\/strong> <strong><em>(comment fournir de la nourriture en quantit\u00e9 et en qualit\u00e9 pour une population en croissance galopante\u00a0?)<\/em><\/strong>, <strong>et le ch\u00f4mage\/sous-emploi<\/strong> <strong>(l\u2019emploi d\u00e9cent pour la jeunesse)<\/strong>. Ceci est une bombe \u00e0 retardement si rien n\u2019est fait.<\/p>\n<p><\/p>\n<p><\/p>\n<p>Nous pensons que ces diff\u00e9rents probl\u00e8mes viennent du syst\u00e8me \u00e9conomique actuel qui trouve son origine dans la vision m\u00e9canique du monde d\u00e9velopp\u00e9 depuis des si\u00e8cles. Les monocultures \u00e0 forte intensit\u00e9 d&#8217;intrants, le travail du sol intensif et d&#8217;autres pratiques associ\u00e9es \u00e0 l&#8217;agriculture conventionnelle sont la principale cause de la d\u00e9gradation des terres, qui affecte d\u00e9sormais pr\u00e8s de 33% des terres mondiales et jusqu&#8217;\u00e0 75% des terres arables de l&#8217;Afrique. Voil\u00e0 pourquoi la plupart des solutions bas\u00e9es sur cette vision finissent par cr\u00e9er plus de probl\u00e8mes. Cette conception est p\u00e9rim\u00e9e et a montr\u00e9 ses limites car elle ne cadre plus avec ce que nous connaissons maintenant par le biais des sciences modernes sur le fonctionnement du monde.<\/p>\n<p><\/p>\n<p><\/p>\n<p>Songha\u00ef a donc compris que le monde, pour sortir de cette crise multidimensionnelle, avait besoin de solutions int\u00e9gr\u00e9es et holistiques comme l\u2019enseigne aujourd\u2019hui la science moderne dont les principes sont l\u2019int\u00e9gration, la compl\u00e9mentarit\u00e9, la suppl\u00e9mentarit\u00e9 et la synergie.<\/p>\n<p><\/p>\n<p><\/p>\n<p>Songha\u00ef est donc une institution innovatrice qui incarne une nouvelle forme d\u2019organisation align\u00e9e \u00e0 cette vision \u00e9cologique pour mieux faire face \u00e0 cette situation. L&#8217;initiative de d\u00e9veloppement durable que Songha\u00ef promeut consiste essentiellement \u00e0 exploiter ces principes de base pour inventer et d\u00e9velopper des nouvelles trajectoires de technologiques authentiques. <strong><em>Gr\u00e2ce aux principes de base de cette vision \u00e9cologique du monde, Songha\u00ef depuis plus de trente ans a trouv\u00e9 la solution qui permet d&#8217;augmenter significativement la capacit\u00e9 de production d&#8217;une unit\u00e9 de terre arable par habitant gr\u00e2ce \u00e0 un syst\u00e8me r\u00e9g\u00e9n\u00e9rateur et durable. Il s\u2019agit de produire plus et mieux avec moins.<\/em><\/strong><\/p>\n<p><\/p>\n<p><\/p>\n<p>Cette nouvelle vision nous montre un monde radicalement relationnel. Voil\u00e0 pourquoi les programmes socio-\u00e9conomiques \u00e0 Songha\u00ef sont int\u00e9gr\u00e9s. Cette int\u00e9gration cr\u00e9e organiquement des liens dynamiques et une synergie entre l&#8217;agriculture, l&#8217;industrie et les services &#8211; et \u00e9galement au sein de chacun de ces sous-syst\u00e8mes. Ce processus cr\u00e9e une entropie inverse (syntropie) \u00e0 tous les niveaux.<\/p>\n<p><\/p>\n<p><\/p>\n<p>Les actions et programmes depuis une trentaine d&#8217;ann\u00e9es nous permettent maintenant de mettre \u00e0 la disposition de la population des offres de formation, des produits et des services align\u00e9s \u00e0 cette vision \u00e9cologique.<\/p>\n<p><\/p>\n<p><\/p>\n<p>Pour ce faire, un march\u00e9 de produits et services (espace agrobusiness), avec un circuit de distribution efficace pour la promotion de ce syst\u00e8me agricole alimentaire, gage d\u2019une alimentation saine et cr\u00e9ateur d\u2019emploi a \u00e9t\u00e9 d\u00e9velopp\u00e9 par Songha\u00ef. Il s\u2019agit du \u00ab\u00a0<strong>New Tombouctou Songhai Market\u00a0\u00bb\u00a0<\/strong>qui est votre espace agrobusiness sur lequel nous vous pr\u00e9sentons nos produits et services au niveau primaire (lien), secondaire (lien) et tertiaire (lien).<\/p>\n<p><\/p>\n<p><\/p>\n<p>Songha\u00ef, c\u2019est un v\u00e9ritable r\u00e9seau d\u2019experts polyvalents, une vari\u00e9t\u00e9 de produits agricoles et une multitude de services qui r\u00e9pondent aux besoins et r\u00e9alit\u00e9s de nos usagers et consommateurs\u00a0; source d\u2019une s\u00e9curit\u00e9 alimentaire et pourvoyeur d\u2019emplois d\u00e9cents, ce qui int\u00e9resse plus d\u2019un \u00e0 solliciter l\u2019expertise de Songha\u00ef pour la r\u00e9plique de ce mod\u00e8le au niveau local, en Afrique et dans le monde.<\/p>\n<p><\/p>\n<p><\/p>\n<p>L\u2019opportunit\u00e9 vous est offerte au travers de \u00ab\u00a0<strong>New Tombouctou Songhai Market\u00a0\u00bb\u00a0<\/strong>d\u2019appartenir \u00e0 notre communaut\u00e9, de partager notre vision, de consommer nos produits pour une meilleure sant\u00e9, de vous former et de contribuer \u00e0 la pr\u00e9servation de l\u2019environnement de notre maison commune, la terre.<\/p>\n<p><\/p>\n<p><\/p>\n<p><a href=\"http:\/\/boutique.songhai.org\" target=\"_blank\" rel=\"noopener noreferrer\"><span style=\"color: #008000;\"><strong>Cliquez ici<\/strong><\/span><\/a> pour rejoindre la plateforme d\u2019agrobusiness \u00ab<span style=\"color: #008000;\">\u00a0<\/span><strong><span style=\"color: #008000;\"><a style=\"color: #008000;\" href=\"http:\/\/boutique.songhai.org\" target=\"_blank\" rel=\"noopener noreferrer\">New Tombouctou Songhai Market<\/a><\/span>\u00a0\u00bb<\/strong><\/p>\n<p><\/p>\n<p>[\/vc_column_text][\/vc_column][\/vc_row]<\/p>","protected":false},"excerpt":{"rendered":"<p>[vc_row][vc_column][vc_column_text css=&#8221;.vc_custom_1591344267302{margin-right: 60px !important;margin-left: 60px !important;}&#8221;] Notre monde vit aujourd\u2019hui de grandes crises que sont entre autres, la pauvret\u00e9, le ch\u00f4mage et surtout la crise environnementale qui a comme cons\u00e9quences\u00a0 la d\u00e9gradation acc\u00e9l\u00e9r\u00e9e du sol et la r\u00e9duction, \u00e0 un rythme alarmant, des terres arables par capita. [&hellip;]<\/p>","protected":false},"author":1,"featured_media":3637,"parent":0,"menu_order":0,"comment_status":"closed","ping_status":"closed","template":"","meta":{"_monsterinsights_skip_tracking":false,"_monsterinsights_sitenote_active":false,"_monsterinsights_sitenote_note":"","_monsterinsights_sitenote_category":0,"footnotes":""},"class_list":["post-3630","page","type-page","status-publish","has-post-thumbnail","hentry"],"_links":{"self":[{"href":"https:\/\/songhai.org\/en\/wp-json\/wp\/v2\/pages\/3630","targetHints":{"allow":["GET"]}}],"collection":[{"href":"https:\/\/songhai.org\/en\/wp-json\/wp\/v2\/pages"}],"about":[{"href":"https:\/\/songhai.org\/en\/wp-json\/wp\/v2\/types\/page"}],"author":[{"embeddable":true,"href":"https:\/\/songhai.org\/en\/wp-json\/wp\/v2\/users\/1"}],"replies":[{"embeddable":true,"href":"https:\/\/songhai.org\/en\/wp-json\/wp\/v2\/comments?post=3630"}],"version-history":[{"count":0,"href":"https:\/\/songhai.org\/en\/wp-json\/wp\/v2\/pages\/3630\/revisions"}],"wp:featuredmedia":[{"embeddable":true,"href":"https:\/\/songhai.org\/en\/wp-json\/wp\/v2\/media\/3637"}],"wp:attachment":[{"href":"https:\/\/songhai.org\/en\/wp-json\/wp\/v2\/media?parent=3630"}],"curies":[{"name":"wp","href":"https:\/\/api.w.org\/{rel}","templated":true}]}}