{"id":3640,"date":"2020-05-11T02:44:30","date_gmt":"2020-05-11T02:44:30","guid":{"rendered":"http:\/\/songhai.org\/newsite\/?page_id=3640"},"modified":"2020-05-11T02:44:30","modified_gmt":"2020-05-11T02:44:30","slug":"songhai-et-le-monde","status":"publish","type":"page","link":"https:\/\/songhai.org\/en\/songhai-et-le-monde\/","title":{"rendered":"SONGHA\u00cf ET LE MONDE"},"content":{"rendered":"<p>\t\t\t\t[vc_row][vc_column width=&#8221;1\/6&#8243;][\/vc_column][vc_column width=&#8221;2\/3&#8243;][vc_column_text]<\/p>\n<ul>\n<li><strong>Songha\u00ef\u00a0: de g\u00e9n\u00e9ration en g\u00e9n\u00e9ration\u00a0!<\/strong><\/li>\n<\/ul>\n<p>A SONGHA\u00cf, ce sont des milliers de jeunes Africains et du Monde entier form\u00e9s chaque ann\u00e9e. Une v\u00e9ritable p\u00e9pini\u00e8re pour continuer l\u2019\u0153uvre de SONGHA\u00cf, dans leurs pays respectifs \u00e0 partir des r\u00e9alisations, en s\u2019alignant avec l\u2019environnement.<\/p>\n<p>&nbsp;<\/p>\n<ul>\n<li><strong>Songha\u00ef\u00a0: d\u00e9veloppement de technologies \u00ab\u00a0Authentiques\u00a0\u00bb\u00a0!<\/strong><\/li>\n<\/ul>\n<p>SONGHA\u00cf adopte des id\u00e9es innovantes, ing\u00e9nieuses et pratiques\u00a0en mati\u00e8re de syst\u00e8me agricole (plantes, animaux et aquatiques) int\u00e9gr\u00e9 et durable.\u00a0A notre \u00e9poque o\u00f9 l\u2019agriculture intensive est remise en question, notre syst\u00e8me int\u00e9gr\u00e9 permet une agriculture\u00a0r\u00e9g\u00e9n\u00e9rative et respectueuse de l\u2019environnement.<\/p>\n<p>&nbsp;<\/p>\n<ul>\n<li><strong>Songha\u00ef\u00a0: adepte de la nature\u00a0!<\/strong><\/li>\n<\/ul>\n<p>Chez nous, la nature et nous sommes complice\u00a0; elle nous enseigne et nous appliquons. Nous sommes partisans de l\u2019initiative \u00ab\u00a04 pour 1.000\u00a0\u00bb\u00a0: nos jardins sont fertilis\u00e9s naturellement \u00e0 base d\u2019engrais organique, un proc\u00e9d\u00e9 qui emprisonne le carbone sous terre, d\u2019o\u00f9 la protection de la couche d\u2019ozone, tr\u00e8s essentielle \u00e0 la vie sur terre. Nous n\u2019utilisons point de produit chimique car ces derniers d\u00e9gradent la terre et de facto nuisent \u00e0 l\u2019environnement. Ce type d\u2019agriculture rend la terre de plus en plus riche et permet d\u2019avoir des terres arables plus productives, culture apr\u00e8s culture.<\/p>\n<p>&nbsp;<\/p>\n<p>&nbsp;<\/p>\n<ul>\n<li><strong>Songha\u00ef\u00a0: univers des \u00e9nergies renouvelables\u00a0!<\/strong><\/li>\n<\/ul>\n<p>Des d\u00e9chets biod\u00e9gradables, issus des sous-produits v\u00e9g\u00e9taux et animaux recycl\u00e9s comme source d\u2019\u00e9nergie\u00a0: Biogaz, Gaz\u00e9ifieur\u2026 Une r\u00e9alit\u00e9 chez nous au Centre Songha\u00ef, et ceci constitue de plus, une belle preuve de notre syst\u00e8me int\u00e9gr\u00e9 en phase avec notre bel environnement.<\/p>\n<p>[\/vc_column_text][\/vc_column][vc_column width=&#8221;1\/6&#8243;][\/vc_column][\/vc_row]\t\t<\/p>","protected":false},"excerpt":{"rendered":"<p>[vc_row][vc_column width=&#8221;1\/6&#8243;][\/vc_column][vc_column width=&#8221;2\/3&#8243;][vc_column_text] Songha\u00ef\u00a0: de g\u00e9n\u00e9ration en g\u00e9n\u00e9ration\u00a0! A SONGHA\u00cf, ce sont des milliers de jeunes Africains et du Monde entier form\u00e9s chaque ann\u00e9e. Une v\u00e9ritable p\u00e9pini\u00e8re pour continuer l\u2019\u0153uvre de SONGHA\u00cf, dans leurs pays respectifs \u00e0 partir des r\u00e9alisations, en s\u2019alignant avec l\u2019environnement. &nbsp; Songha\u00ef\u00a0: d\u00e9veloppement [&hellip;]<\/p>","protected":false},"author":1,"featured_media":0,"parent":0,"menu_order":0,"comment_status":"closed","ping_status":"closed","template":"","meta":{"_monsterinsights_skip_tracking":false,"_monsterinsights_sitenote_active":false,"_monsterinsights_sitenote_note":"","_monsterinsights_sitenote_category":0,"footnotes":""},"class_list":["post-3640","page","type-page","status-publish","hentry"],"_links":{"self":[{"href":"https:\/\/songhai.org\/en\/wp-json\/wp\/v2\/pages\/3640","targetHints":{"allow":["GET"]}}],"collection":[{"href":"https:\/\/songhai.org\/en\/wp-json\/wp\/v2\/pages"}],"about":[{"href":"https:\/\/songhai.org\/en\/wp-json\/wp\/v2\/types\/page"}],"author":[{"embeddable":true,"href":"https:\/\/songhai.org\/en\/wp-json\/wp\/v2\/users\/1"}],"replies":[{"embeddable":true,"href":"https:\/\/songhai.org\/en\/wp-json\/wp\/v2\/comments?post=3640"}],"version-history":[{"count":0,"href":"https:\/\/songhai.org\/en\/wp-json\/wp\/v2\/pages\/3640\/revisions"}],"wp:attachment":[{"href":"https:\/\/songhai.org\/en\/wp-json\/wp\/v2\/media?parent=3640"}],"curies":[{"name":"wp","href":"https:\/\/api.w.org\/{rel}","templated":true}]}}