{"id":3642,"date":"2020-05-11T02:46:29","date_gmt":"2020-05-11T00:46:29","guid":{"rendered":"http:\/\/songhai.org\/newsite\/?page_id=3642"},"modified":"2023-05-08T11:26:56","modified_gmt":"2023-05-08T09:26:56","slug":"3642-2","status":"publish","type":"page","link":"https:\/\/songhai.org\/en\/3642-2\/","title":{"rendered":"A PROPOS_New Tombouctou Songha\u00ef Market"},"content":{"rendered":"<p>\t\t\t\t[vc_row][vc_column width=&#8221;1\/6&#8243;][\/vc_column][vc_column width=&#8221;2\/3&#8243;][vc_column_text]<strong>\u2018\u2019New Tombouctou Songha\u00ef market\u2019\u2019<\/strong><\/p>\n<p>Tombouctou f\u00fbt la Capitale de l\u2019Empire Songha\u00ef. Proche du Fleuve Niger (aisance d\u2019acheminement des marchandises), cette ville, fond\u00e9e au XII\u00e8me si\u00e8cle, de sa position g\u00e9ographique strat\u00e9gique, est devenue et rest\u00e9e jusqu\u2019au XV\u00e8me si\u00e8cle, un grand et v\u00e9ritable carrefour commercial o\u00f9 achetaient et vendaient plusieurs peuples de diff\u00e9rentes communaut\u00e9s.<\/p>\n<p>C\u2019est votre nouvel espace \u2018\u2019Business et Services\u2019\u2019 o\u00f9 vous pouvez d\u00e9couvrir et vous offrir diff\u00e9rents produits agro-alimentaires et agro-cosm\u00e9tiques naturels, 100% Bio, issus de nos diff\u00e9rentes productions du secteur primaire et secondaire, respectueuses de la nature et convenable \u00e0 la bonne sant\u00e9 physique et morale des consommateurs. Nos guides pratiques, nos services de r\u00e9servation d\u2019h\u00f4tels et de restauration, nos offres de services techniques et technologiques y sont \u00e9galement disponibles.<\/p>\n<p>De v\u00e9ritables changements s\u2019observent dans le comportement et le mode de vie des populations du fait de la crise sanitaire\u00a0du Coronavirus : sortie limit\u00e9e, r\u00e9duction du contact humain, option d\u2019achat en ligne, livraison \u00e0 domicile, \u2026 ; et ce, m\u00eame apr\u00e8s la crise, car nous ne vivrons plus jamais de la m\u00eame fa\u00e7on. C\u2019est dans cette optique que \u2018\u2019New Tombouctou Songha\u00ef Market\u2019\u2019 vient \u00e0 point nomm\u00e9 pour faciliter les transactions commerciales et cr\u00e9er une proximit\u00e9 entre SONGHA\u00cf, ses usagers et ses partenaires.<\/p>\n<p>Cette innovation s\u2019allie avec la nouvelle vision de Songha\u00ef issue de la lecture faite de cette crise sanitaire (Covid-19) et rejoint le troisi\u00e8me pilier de cette vision, celui de \u00ab\u00a0<strong>l\u2019Economie<\/strong>\u00a0\u00bb.<\/p>\n<p>Cette dynamique implique pour SONGHA\u00cf de s\u2019orienter autrement sur les moyens et la m\u00e9thode de production, de distribution, d\u2019\u00e9change et de consommation de biens et services\u00a0; Tout ceci dans un \u00e9cosyst\u00e8me favorable pour un mieux-\u00eatre et un mieux-vivre des populations, ce qu\u2019a toujours promu SONGHA\u00cf \u00e0 travers sa philosophie.<\/p>\n<p>Dans cet \u00e9lan de d\u00e9veloppement, SONGHA\u00cf, \u00e0 travers<strong> \u2018\u2019New Tombouctou Songha\u00ef market\u2019\u2019<\/strong>, r\u00e9pond ainsi aux nombreuses demandes de ses Produits et Services \u00e0 travers l\u2019Afrique et le Monde.<\/p>\n<p>Au bon endroit et au bon moment, nous nous rapprochons encore plus de vous. Vous appartenez ainsi \u00e0 la communaut\u00e9 SONGHA\u00cf qui chaque jour, gr\u00e2ce \u00e0 vous, s\u2019agrandit de plus belle.<\/p>\n<p>Concernant la livraison, nos produits sont disponibles dans plusieurs points de d\u00e9p\u00f4t proche de vous et les paiements s\u2019effectueront par voies \u00e9lectroniques.<\/p>\n<p><strong>\u2018\u2019New Tombouctou Songha\u00ef market\u2019\u2019 est votre march\u00e9\u00a0! Prenez vos paniers et servez-vous\u00a0!!<\/strong><\/p>\n<p>[\/vc_column_text][\/vc_column][vc_column width=&#8221;1\/6&#8243;][\/vc_column][\/vc_row]\t\t<\/p>","protected":false},"excerpt":{"rendered":"<p>[vc_row][vc_column width=&#8221;1\/6&#8243;][\/vc_column][vc_column width=&#8221;2\/3&#8243;][vc_column_text]\u2018\u2019New Tombouctou Songha\u00ef market\u2019\u2019 Tombouctou f\u00fbt la Capitale de l\u2019Empire Songha\u00ef. Proche du Fleuve Niger (aisance d\u2019acheminement des marchandises), cette ville, fond\u00e9e au XII\u00e8me si\u00e8cle, de sa position g\u00e9ographique strat\u00e9gique, est devenue et rest\u00e9e jusqu\u2019au XV\u00e8me si\u00e8cle, un grand et v\u00e9ritable carrefour commercial o\u00f9 achetaient [&hellip;]<\/p>","protected":false},"author":1,"featured_media":0,"parent":0,"menu_order":0,"comment_status":"closed","ping_status":"closed","template":"","meta":{"_monsterinsights_skip_tracking":false,"_monsterinsights_sitenote_active":false,"_monsterinsights_sitenote_note":"","_monsterinsights_sitenote_category":0,"footnotes":""},"class_list":["post-3642","page","type-page","status-publish","hentry"],"_links":{"self":[{"href":"https:\/\/songhai.org\/en\/wp-json\/wp\/v2\/pages\/3642","targetHints":{"allow":["GET"]}}],"collection":[{"href":"https:\/\/songhai.org\/en\/wp-json\/wp\/v2\/pages"}],"about":[{"href":"https:\/\/songhai.org\/en\/wp-json\/wp\/v2\/types\/page"}],"author":[{"embeddable":true,"href":"https:\/\/songhai.org\/en\/wp-json\/wp\/v2\/users\/1"}],"replies":[{"embeddable":true,"href":"https:\/\/songhai.org\/en\/wp-json\/wp\/v2\/comments?post=3642"}],"version-history":[{"count":1,"href":"https:\/\/songhai.org\/en\/wp-json\/wp\/v2\/pages\/3642\/revisions"}],"predecessor-version":[{"id":8936,"href":"https:\/\/songhai.org\/en\/wp-json\/wp\/v2\/pages\/3642\/revisions\/8936"}],"wp:attachment":[{"href":"https:\/\/songhai.org\/en\/wp-json\/wp\/v2\/media?parent=3642"}],"curies":[{"name":"wp","href":"https:\/\/api.w.org\/{rel}","templated":true}]}}